{"id":14134,"date":"2023-08-16T03:02:05","date_gmt":"2023-08-16T03:02:05","guid":{"rendered":"https:\/\/bw-printxtore.bzotech.com\/?page_id=14134"},"modified":"2026-04-04T07:40:28","modified_gmt":"2026-04-04T07:40:28","slug":"cihazlarini-karsilastir","status":"publish","type":"page","link":"https:\/\/glonuo.com\/en\/cihazlarini-karsilastir\/","title":{"rendered":"Cihazlar\u0131n\u0131 kar\u015f\u0131la\u015ft\u0131r\u0131n"},"content":{"rendered":"<div data-elementor-type=\"wp-page\" data-elementor-id=\"14134\" class=\"elementor elementor-14134\">\n\t\t\t\t<div class=\"elementor-element elementor-element-192fe24 e-con-full e-flex e-con e-parent\" data-id=\"192fe24\" data-element_type=\"container\" data-e-type=\"container\">\n\t\t\t\t<div class=\"elementor-element elementor-element-d3ff240 elementor-widget elementor-widget-html\" data-id=\"d3ff240\" data-element_type=\"widget\" data-e-type=\"widget\" data-widget_type=\"html.default\">\n\t\t\t\t\t<!DOCTYPE html>\r\n<html lang=\"tr\">\r\n<head>\r\n  <meta charset=\"UTF-8\" \/>\r\n  <meta name=\"viewport\" content=\"width=device-width, initial-scale=1.0\" \/>\r\n  <title>glo Hilo Kar\u015f\u0131la\u015ft\u0131rma<\/title>\r\n  <style>\r\n    *{\r\n      box-sizing:border-box;\r\n      margin:0;\r\n      padding:0;\r\n    }\r\n\r\n    body{\r\n      font-family: Arial, Helvetica, sans-serif;\r\n      background:#dcdcdc;\r\n      color:#111;\r\n    }\r\n\r\n    .hilo-compare-wrap{\r\n      width:100%;\r\n      min-height:100vh;\r\n      background:\r\n        linear-gradient(to bottom, transparent 0 262px, #dcdcdc 262px 100%),\r\n        radial-gradient(circle at center, #ff2a2a 0%, #c30000 35%, #5a0000 68%, #1a0000 100%);\r\n      position:relative;\r\n      overflow:hidden;\r\n      padding:34px 20px 60px;\r\n    }\r\n\r\n    .hilo-compare-wrap::before{\r\n      content:\"\";\r\n      position:absolute;\r\n      top:0;\r\n      left:50%;\r\n      transform:translateX(-50%);\r\n      width:min(1100px, 100%);\r\n      height:230px;\r\n      background:url(\"http:\/\/glonuo.com\/wp-content\/uploads\/2026\/03\/Hilo_Plus_1.png\") center top \/ contain no-repeat;\r\n      pointer-events:none;\r\n      z-index:1;\r\n    }\r\n\r\n    .hilo-compare-card{\r\n      position:relative;\r\n      z-index:2;\r\n      width:100%;\r\n      max-width:760px;\r\n      margin:0 auto;\r\n      background:#f4f4f4;\r\n      padding:26px 46px 42px;\r\n      box-shadow:0 0 0 1px rgba(0,0,0,0.02);\r\n    }\r\n\r\n    .hilo-title{\r\n      font-size:21px;\r\n      line-height:1.1;\r\n      font-weight:800;\r\n      letter-spacing:.2px;\r\n      text-transform:uppercase;\r\n      color:#10253d;\r\n      max-width:520px;\r\n      margin-bottom:22px;\r\n      margin-top:2px;\r\n    }\r\n\r\n    .hilo-date{\r\n      font-size:9px;\r\n      color:#222;\r\n      margin-bottom:34px;\r\n    }\r\n\r\n    .hilo-section{\r\n      margin-bottom:24px;\r\n    }\r\n\r\n    .hilo-section h2{\r\n      font-size:13px;\r\n      line-height:1.2;\r\n      font-weight:800;\r\n      text-transform:uppercase;\r\n      color:#10253d;\r\n      margin-bottom:10px;\r\n    }\r\n\r\n    .hilo-section p{\r\n      font-size:9px;\r\n      line-height:1.7;\r\n      color:#202020;\r\n      max-width:610px;\r\n    }\r\n\r\n    .hilo-compare-head{\r\n      font-size:14px;\r\n      line-height:1.2;\r\n      font-weight:800;\r\n      text-transform:uppercase;\r\n      color:#10253d;\r\n      margin:30px 0 14px;\r\n    }\r\n\r\n    .hilo-specs{\r\n      margin-top:8px;\r\n      margin-bottom:26px;\r\n    }\r\n\r\n    .hilo-specs p{\r\n      font-size:9px;\r\n      line-height:1.7;\r\n      margin-bottom:7px;\r\n      color:#202020;\r\n    }\r\n\r\n    .hilo-specs strong{\r\n      font-weight:800;\r\n    }\r\n\r\n    .hilo-bottom-image{\r\n      width:100%;\r\n      display:flex;\r\n      justify-content:center;\r\n      margin-top:14px;\r\n    }\r\n\r\n    .hilo-bottom-image img{\r\n      width:100%;\r\n      max-width:610px;\r\n      display:block;\r\n    }\r\n\r\n    @media (max-width: 768px){\r\n      .hilo-compare-wrap{\r\n        padding:18px 10px 40px;\r\n        background:\r\n          linear-gradient(to bottom, transparent 0 180px, #dcdcdc 180px 100%),\r\n          radial-gradient(circle at center, #ff2a2a 0%, #c30000 35%, #5a0000 68%, #1a0000 100%);\r\n      }\r\n\r\n      .hilo-compare-wrap::before{\r\n        height:170px;\r\n        background-size:contain;\r\n      }\r\n\r\n      .hilo-compare-card{\r\n        padding:20px 18px 26px;\r\n      }\r\n\r\n      .hilo-title{\r\n        font-size:15px;\r\n        max-width:100%;\r\n        margin-top:4px;\r\n      }\r\n\r\n      .hilo-date{\r\n        margin-bottom:22px;\r\n      }\r\n\r\n      .hilo-section h2,\r\n      .hilo-compare-head{\r\n        font-size:12px;\r\n      }\r\n\r\n      .hilo-section p,\r\n      .hilo-specs p{\r\n        font-size:9px;\r\n      }\r\n    }\r\n  <\/style>\r\n<\/head>\r\n<body>\r\n\r\n  <div class=\"hilo-compare-wrap\">\r\n    <div class=\"hilo-compare-card\">\r\n\r\n      <h1 class=\"hilo-title\">GLO<sup>\u2122<\/sup> HILO PLUS VE GLO<sup>\u2122<\/sup> HILO C\u0130HAZLARINI KAR\u015eILA\u015eTIRIN.<\/h1>\r\n      <div class=\"hilo-date\">15 EYL\u00dcL 2025<\/div>\r\n\r\n      <div class=\"hilo-section\">\r\n        <h2>GLO<sup>\u2122<\/sup> HILO VS GLO<sup>\u2122<\/sup> HILO PLUS<\/h2>\r\n        <p>\r\n          glo<sup>\u2122<\/sup> Hilo ve glo<sup>\u2122<\/sup> Hilo Plus, Glo<sup>\u2122<\/sup> markas\u0131n\u0131n yeni cihazlar\u0131d\u0131r.\r\n          Burada, Glo<sup>\u2122<\/sup> Hilo ve Glo<sup>\u2122<\/sup> Hilo Plus cihazlar\u0131n\u0131 kar\u015f\u0131la\u015ft\u0131rd\u0131m ve aralar\u0131ndaki farklar\u0131\r\n          bakal\u0131m.\r\n        <\/p>\r\n      <\/div>\r\n\r\n      <div class=\"hilo-section\">\r\n        <h2>GLO<sup>\u2122<\/sup> HILO C\u0130HAZI<\/h2>\r\n        <p>\r\n          Yepyeni glo<sup>\u2122<\/sup> Hilo, \u015f\u0131k, \u00e7ok y\u00f6nl\u00fc, ince ve hafif bir cihazd\u0131r. Kullan\u0131m\u0131 haz\u0131r hale gelmesi sadece 5 saniye\r\n          s\u00fcrer ve tamamen etkile\u015fimli bir deneyim sa\u011flar. Sezgisel EasyView<sup>\u2122<\/sup> ekran\u0131, cihaz ve kullan\u0131m \u00fczerinde\r\n          m\u00fckemmel kontrol imkan\u0131 sunar.\r\n        <\/p>\r\n      <\/div>\r\n\r\n      <div class=\"hilo-section\">\r\n        <h2>GLO<sup>\u2122<\/sup> HILO PLUS C\u0130HAZI<\/h2>\r\n        <p>\r\n          Yeni glo<sup>\u2122<\/sup> Hilo Plus, \u00fcst seviye ve kolay kullan\u0131ml\u0131 dokunmatik ekran\u0131 gibi yenilik\u00e7i \u00f6zellikleriyle\r\n          donat\u0131lm\u0131\u015ft\u0131r. \u00dczerinde bulunan tam kontrol tu\u015flar\u0131, EasySwitch<sup>\u2122<\/sup> teknolojisi sayesinde, ihtiya\u00e7 ve\r\n          tutkuya g\u00f6re kolayca ki\u015fiselle\u015ftirilebilir.\r\n        <\/p>\r\n      <\/div>\r\n\r\n      <div class=\"hilo-section\">\r\n        <h2>GLO<sup>\u2122<\/sup> HYPER PRO C\u0130HAZI<\/h2>\r\n        <p>\r\n          \u015e\u0131k, modern tasar\u0131m\u0131 ve parlak ekran\u0131 ile yeni say\u0131m\u0131zda glo<sup>\u2122<\/sup> Hyper Pro cihaz\u0131n\u0131 rahat\u00e7a oturtur.\r\n          Sezgisel EasyView<sup>\u2122<\/sup> dokunmatik ekran\u0131 kullan\u0131m son derece kolayla\u015ft\u0131r\u0131rken, Taste Select \u00f6zelli\u011fi\r\n          standard ve g\u00fc\u00e7lendirilmi\u015f modlar aras\u0131nda se\u00e7im yapman\u0131za ve deneyimi tercihleriniz do\u011frultusunda\r\n          uyarlaman\u0131za olanak tan\u0131r.\r\n        <\/p>\r\n      <\/div>\r\n\r\n      <h2 class=\"hilo-compare-head\">\u015e\u0130MD\u0130 BUNLARI KAR\u015eILA\u015eTIRALIM.<\/h2>\r\n\r\n      <div class=\"hilo-specs\">\r\n        <p><strong>Maksimum s\u0131cakl\u0131k?<\/strong><\/p>\r\n        <p>\r\n          Hem glo<sup>\u2122<\/sup> Hilo Plus hem de glo<sup>\u2122<\/sup> Hilo cihazlar\u0131 \u0131s\u0131t\u0131lm\u0131\u015f t\u00fct\u00fcnler i\u00e7in yakla\u015f\u0131k 370\u00b0C'ye kadar \u0131s\u0131t\u0131rken,\r\n          glo<sup>\u2122<\/sup> Hyper Pro, modda ba\u011fl\u0131 olarak 215\u00b0C ile 300\u00b0C aras\u0131nda \u0131s\u0131t\u0131r.\r\n        <\/p>\r\n\r\n        <p><strong>Oturum s\u00fcresi?<\/strong><\/p>\r\n        <p>\r\n          glo<sup>\u2122<\/sup> Hilo Plus ve glo<sup>\u2122<\/sup> Hilo Boost oturumu 4 dakika 10 saniye, Standart modda ise 5 dakika 10 saniye\r\n          s\u00fcrer. Hyper Pro'da bir oturum Standart modda 4 dakika 30 saniye, Boost modunda ise 4 dakika s\u00fcrer.\r\n        <\/p>\r\n\r\n        <p><strong>Is\u0131nma s\u00fcresi?<\/strong><\/p>\r\n        <p>\r\n          glo<sup>\u2122<\/sup> Hilo hem Standart hem de Boost modlar\u0131nda 5 saniyede \u0131s\u0131n\u0131rken, glo<sup>\u2122<\/sup> Hilo Plus her iki modda da\r\n          10 saniyeden k\u0131sa s\u00fcrede \u0131s\u0131n\u0131r. Hyper Pro ise Standart modda 20 saniyede, Boost modunda ise 15 saniyede haz\u0131r.\r\n        <\/p>\r\n      <\/div>\r\n\r\n      <div class=\"hilo-bottom-image\">\r\n        <img decoding=\"async\" src=\"http:\/\/glonuo.com\/wp-content\/uploads\/2026\/03\/DEVICE_COMPARISON_DESKTOP_1_-b898c3cd.webp\" alt=\"Cihaz kar\u015f\u0131la\u015ft\u0131rma tablosu\">\r\n      <\/div>\r\n\r\n    <\/div>\r\n  <\/div>\r\n\r\n<\/body>\r\n<\/html>\t\t\t\t<\/div>\n\t\t\t\t<\/div>\n\t\t\t\t<\/div>","protected":false},"excerpt":{"rendered":"<p>glo Hilo Kar\u015f\u0131la\u015ft\u0131rma GLO\u2122 HILO PLUS VE GLO\u2122 HILO C\u0130HAZLARINI KAR\u015eILA\u015eTIRIN. 15 EYL\u00dcL 2025 GLO\u2122 HILO VS GLO\u2122 HILO PLUS glo\u2122 Hilo ve glo\u2122 Hilo Plus, Glo\u2122 markas\u0131n\u0131n yeni cihazlar\u0131d\u0131r. Burada, Glo\u2122 Hilo ve Glo\u2122 Hilo Plus cihazlar\u0131n\u0131 kar\u015f\u0131la\u015ft\u0131rd\u0131m ve aralar\u0131ndaki farklar\u0131 bakal\u0131m. GLO\u2122 HILO C\u0130HAZI Yepyeni glo\u2122 Hilo, \u015f\u0131k, \u00e7ok y\u00f6nl\u00fc, ince ve hafif [&hellip;]<\/p>\n","protected":false},"author":1,"featured_media":0,"parent":0,"menu_order":0,"comment_status":"closed","ping_status":"closed","template":"elementor-template.php","meta":{"footnotes":""},"class_list":["post-14134","page","type-page","status-publish","hentry"],"_links":{"self":[{"href":"https:\/\/glonuo.com\/en\/wp-json\/wp\/v2\/pages\/14134","targetHints":{"allow":["GET"]}}],"collection":[{"href":"https:\/\/glonuo.com\/en\/wp-json\/wp\/v2\/pages"}],"about":[{"href":"https:\/\/glonuo.com\/en\/wp-json\/wp\/v2\/types\/page"}],"author":[{"embeddable":true,"href":"https:\/\/glonuo.com\/en\/wp-json\/wp\/v2\/users\/1"}],"replies":[{"embeddable":true,"href":"https:\/\/glonuo.com\/en\/wp-json\/wp\/v2\/comments?post=14134"}],"version-history":[{"count":7,"href":"https:\/\/glonuo.com\/en\/wp-json\/wp\/v2\/pages\/14134\/revisions"}],"predecessor-version":[{"id":27244,"href":"https:\/\/glonuo.com\/en\/wp-json\/wp\/v2\/pages\/14134\/revisions\/27244"}],"wp:attachment":[{"href":"https:\/\/glonuo.com\/en\/wp-json\/wp\/v2\/media?parent=14134"}],"curies":[{"name":"wp","href":"https:\/\/api.w.org\/{rel}","templated":true}]}}