{"id":25652,"date":"2026-03-22T15:55:53","date_gmt":"2026-03-22T15:55:53","guid":{"rendered":"https:\/\/www.glonuo.com\/?page_id=25652"},"modified":"2026-04-09T11:48:56","modified_gmt":"2026-04-09T11:48:56","slug":"virto","status":"publish","type":"page","link":"https:\/\/glonuo.com\/en\/virto\/","title":{"rendered":"Virto"},"content":{"rendered":"<div data-elementor-type=\"wp-page\" data-elementor-id=\"25652\" class=\"elementor elementor-25652\">\n\t\t\t\t<div class=\"elementor-element elementor-element-35f4080 e-con-full e-flex e-con e-parent\" data-id=\"35f4080\" data-element_type=\"container\" data-e-type=\"container\">\n\t\t\t\t<div class=\"elementor-element elementor-element-f39611a e-transform elementor-widget elementor-widget-html\" data-id=\"f39611a\" data-element_type=\"widget\" data-e-type=\"widget\" data-settings=\"{&quot;_transform_scale_effect&quot;:{&quot;unit&quot;:&quot;px&quot;,&quot;size&quot;:1.03,&quot;sizes&quot;:[]},&quot;_transform_scale_effect_laptop&quot;:{&quot;unit&quot;:&quot;px&quot;,&quot;size&quot;:&quot;&quot;,&quot;sizes&quot;:[]},&quot;_transform_scale_effect_tablet_extra&quot;:{&quot;unit&quot;:&quot;px&quot;,&quot;size&quot;:&quot;&quot;,&quot;sizes&quot;:[]},&quot;_transform_scale_effect_tablet&quot;:{&quot;unit&quot;:&quot;px&quot;,&quot;size&quot;:&quot;&quot;,&quot;sizes&quot;:[]},&quot;_transform_scale_effect_mobile_extra&quot;:{&quot;unit&quot;:&quot;px&quot;,&quot;size&quot;:&quot;&quot;,&quot;sizes&quot;:[]},&quot;_transform_scale_effect_mobile&quot;:{&quot;unit&quot;:&quot;px&quot;,&quot;size&quot;:&quot;&quot;,&quot;sizes&quot;:[]}}\" data-widget_type=\"html.default\">\n\t\t\t\t\t<!DOCTYPE html>\r\n<html lang=\"tr\">\r\n<head>\r\n  <meta charset=\"UTF-8\" \/>\r\n  <meta name=\"viewport\" content=\"width=device-width, initial-scale=1.0\" \/>\r\n  <title>Virto Banner<\/title>\r\n  <style>\r\n    * {\r\n      box-sizing: border-box;\r\n      margin: 0;\r\n      padding: 0;\r\n    }\r\n\r\n    .virto-section {\r\n      width: 100%;\r\n      min-height: 740px;\r\n      display: flex;\r\n      overflow: hidden;\r\n      font-family: Arial, Helvetica, sans-serif;\r\n    }\r\n\r\n    .virto-left,\r\n    .virto-right {\r\n      width: 50%;\r\n      min-height: 740px;\r\n    }\r\n\r\n    .virto-left {\r\n      background: #2a2d31;\r\n      display: flex;\r\n      align-items: center;\r\n      justify-content: center;\r\n      padding: 60px 70px 60px 85px;\r\n    }\r\n\r\n    .virto-content {\r\n      width: 100%;\r\n      max-width: 620px;\r\n    }\r\n\r\n    .virto-content h1 {\r\n      color: #ffffff;\r\n      font-size: 58px;\r\n      line-height: 1.08;\r\n      font-weight: 700;\r\n      margin-bottom: 28px;\r\n      letter-spacing: -1px;\r\n    }\r\n\r\n    .virto-content p {\r\n      color: #ffffff;\r\n      font-size: 19px;\r\n      line-height: 1.6;\r\n      font-weight: 400;\r\n      max-width: 560px;\r\n      margin-bottom: 34px;\r\n    }\r\n\r\n    .virto-btn {\r\n      display: inline-flex;\r\n      align-items: center;\r\n      justify-content: center;\r\n      min-width: 150px;\r\n      min-height: 64px;\r\n      padding: 0 28px;\r\n      background: #ffffff;\r\n      color: #1f2328;\r\n      text-decoration: none;\r\n      font-size: 21px;\r\n      font-weight: 700;\r\n      border-radius: 999px;\r\n      transition: all 0.25s ease;\r\n    }\r\n\r\n    .virto-btn:hover {\r\n      background: #f1f1f1;\r\n      transform: translateY(-2px);\r\n    }\r\n\r\n    .virto-right {\r\n      background: #8d0000;\r\n      display: flex;\r\n      align-items: center;\r\n      justify-content: center;\r\n      padding: 40px;\r\n    }\r\n\r\n    .virto-right img {\r\n      width: 100%;\r\n      max-width: 760px;\r\n      height: auto;\r\n      display: block;\r\n      object-fit: contain;\r\n    }\r\n\r\n    @media (max-width: 1200px) {\r\n      .virto-content h1 {\r\n        font-size: 48px;\r\n      }\r\n\r\n      .virto-content p {\r\n        font-size: 18px;\r\n      }\r\n    }\r\n\r\n    @media (max-width: 991px) {\r\n      .virto-section {\r\n        flex-direction: column;\r\n      }\r\n\r\n      .virto-left,\r\n      .virto-right {\r\n        width: 100%;\r\n        min-height: auto;\r\n      }\r\n\r\n      .virto-left {\r\n        padding: 60px 30px;\r\n      }\r\n\r\n      .virto-right {\r\n        padding: 30px 20px 40px;\r\n      }\r\n\r\n      .virto-content h1 {\r\n        font-size: 38px;\r\n      }\r\n\r\n      .virto-content p {\r\n        font-size: 17px;\r\n      }\r\n    }\r\n\r\n    @media (max-width: 575px) {\r\n      .virto-left {\r\n        padding: 45px 20px;\r\n      }\r\n\r\n      .virto-content h1 {\r\n        font-size: 30px;\r\n      }\r\n\r\n      .virto-content p {\r\n        font-size: 15px;\r\n        line-height: 1.5;\r\n      }\r\n\r\n      .virto-btn {\r\n        min-width: 135px;\r\n        min-height: 54px;\r\n        font-size: 18px;\r\n      }\r\n    }\r\n  <\/style>\r\n<\/head>\r\n<body>\r\n\r\n  <section class=\"virto-section\">\r\n    <div class=\"virto-left\">\r\n      <div class=\"virto-content\">\r\n        <h1>Virto\u2122 t\u00fct\u00fcn \u00e7ubuklar\u0131n\u0131 ke\u015ffedin<\/h1>\r\n        <p>Sadece glo\u2122 Hilo Plus ve glo\u2122 Hilo cihazlar\u0131 i\u00e7in \u00f6zel olarak tasarlanm\u0131\u015ft\u0131r.<\/p>\r\n        <a href=\"\/en\/hesabim\/\" class=\"virto-btn\">Giri\u015f Yap<\/a>\r\n      <\/div>\r\n    <\/div>\r\n\r\n    <div class=\"virto-right\">\r\n      <img decoding=\"async\" src=\"http:\/\/glonuo.com\/wp-content\/uploads\/2026\/03\/virto-new-img-56165483.webp\" alt=\"Virto G\u00f6rseli\">\r\n    <\/div>\r\n  <\/section>\r\n\r\n<\/body>\r\n<\/html>\t\t\t\t<\/div>\n\t\t\t\t<\/div>\n\t\t<div class=\"elementor-element elementor-element-0804d1b e-flex e-con-boxed e-con e-parent\" data-id=\"0804d1b\" data-element_type=\"container\" data-e-type=\"container\">\n\t\t\t\t\t<div class=\"e-con-inner\">\n\t\t<div class=\"elementor-element elementor-element-a859395 e-con-full e-flex e-con e-child\" data-id=\"a859395\" data-element_type=\"container\" data-e-type=\"container\">\n\t\t<div class=\"elementor-element elementor-element-e27acd3 e-con-full e-flex e-con e-child\" data-id=\"e27acd3\" data-element_type=\"container\" data-e-type=\"container\">\n\t\t\t\t<div class=\"elementor-element elementor-element-ddceb2c elementor-widget elementor-widget-html\" data-id=\"ddceb2c\" data-element_type=\"widget\" data-e-type=\"widget\" data-widget_type=\"html.default\">\n\t\t\t\t\t \r\n<style>\r\n*{margin:0;padding:0;box-sizing:border-box;}\r\n\r\nbody{\r\n  font-family:Arial, Helvetica, sans-serif;\r\n  background:#efefef;\r\n}\r\n\r\n.veo-section{\r\n  width:100%;\r\n  padding:40px;\r\n}\r\n\r\n.veo-header{\r\n  text-align:center;\r\n  margin-bottom:30px;\r\n}\r\n\r\n.veo-header h2{\r\n  font-size:34px;\r\n  font-weight:800;\r\n  max-width:800px;\r\n  margin:0 auto 20px;\r\n}\r\n\r\n.veo-header p{\r\n  font-size:22px;\r\n  font-weight:700;\r\n}\r\n\r\n.slider{\r\n  position:relative;\r\n  max-width:1400px;\r\n  margin:0 auto;\r\n  overflow:hidden;\r\n}\r\n\r\n.track{\r\n  display:flex;\r\n  transition:0.4s;\r\n}\r\n\r\n.card{\r\n  min-width:33.333%;\r\n  padding:20px;\r\n  text-align:center;\r\n}\r\n\r\n.product-box{\r\n  position:relative;\r\n  height:420px;\r\n}\r\n\r\n.product-img{\r\n  width:320px;\r\n  position:absolute;\r\n  left:50%;\r\n  transform:translateX(-50%);\r\n  top:10px;\r\n  filter:drop-shadow(0 10px 15px rgba(0,0,0,0.2));\r\n}\r\n\r\n.tech-icon{\r\n  position:absolute;\r\n  right:30px;\r\n  top:0;\r\n  width:110px;\r\n}\r\n\r\n.title{\r\n  font-size:26px;\r\n  font-weight:800;\r\n  margin:10px 0;\r\n}\r\n\r\n.desc{\r\n  font-weight:700;\r\n  margin-bottom:10px;\r\n}\r\n\r\n.meta-label{\r\n  font-size:15px;\r\n  font-weight:700;\r\n  margin-top:8px;\r\n}\r\n\r\n.dots{\r\n  display:flex;\r\n  justify-content:center;\r\n  gap:5px;\r\n  margin:6px 0;\r\n}\r\n\r\n.dot{\r\n  width:10px;\r\n  height:10px;\r\n  border:1px solid #000;\r\n  border-radius:50%;\r\n}\r\n\r\n.dot.fill{\r\n  background:#000;\r\n}\r\n\r\n.btn{\r\n  display:inline-block;\r\n  margin-top:12px;\r\n  padding:10px 24px;\r\n  border:2px solid #000;\r\n  border-radius:30px;\r\n  text-decoration:none;\r\n  font-weight:700;\r\n  color:#000;\r\n  text-transform:uppercase;\r\n}\r\n\r\n.btn:hover{\r\n  background:#000;\r\n  color:#fff;\r\n}\r\n\r\n.nav{\r\n  position:absolute;\r\n  top:50%;\r\n  transform:translateY(-50%);\r\n  width:50px;\r\n  height:50px;\r\n  border-radius:50%;\r\n  background:#222;\r\n  color:#fff;\r\n  border:none;\r\n  cursor:pointer;\r\n  z-index:5;\r\n}\r\n\r\n.prev{left:10px;}\r\n.next{right:10px;}\r\n\r\n@media(max-width:900px){\r\n  .card{min-width:50%;}\r\n}\r\n\r\n@media(max-width:600px){\r\n  .card{min-width:100%;}\r\n  .product-img{width:260px;}\r\n  .product-box{height:360px;}\r\n}\r\n<\/style>\r\n \r\n\r\n<body>\r\n \r\n\r\n  <div class=\"veo-header\">\r\n    <h2>V\u0130RTO\r\n\r\n<\/h2>\r\n   \r\n \r\n\r\n<\/body>\r\n \t\t\t\t<\/div>\n\t\t\t\t<div class=\"elementor-element elementor-element-3dbd1cf elementor-widget elementor-widget-bzotech-products-global\" data-id=\"3dbd1cf\" data-element_type=\"widget\" data-e-type=\"widget\" data-widget_type=\"bzotech-products-global.default\">\n\t\t\t\t<div class=\"elementor-widget-container\">\n\t\t\t\t\t<div data-column-grid=\"\" class=\"elbzotech-products-wrap js-content-wrap product-grid-view  filter-  shop-grid-product-item-\" data-column=\"4\" data-column-widescreen=\"\" data-column-laptop=\"\" data-column-tablet-extra=\"\" data-column-tablet=\"\" data-column-mobile-extra=\"\" data-column-mobile=\"\">        <div class=\"js-content-main list-product-wrap bzotech-row\">    \t<div class=\"list-col-item item-grid-product- list-4-item list--item-widescreen list--item-laptop  list--item-tablet-extra list--item-tablet list--item-mobile-extra list--item-mobile\">\t<div class=\"item-product\">\t\t\t\t\t\t\t<div class=\"product-thumb attribute-close product\">\r\n\t\t\t\t<!-- bzotech_woocommerce_thumbnail_loop have $size and $animation -->\r\n\t\t\t\t<div class=\"product-label\"><span class=\"new\">new<\/span><\/div>\t\t\t\t<a href=\"https:\/\/glonuo.com\/en\/product\/virto-signature\/\" class=\"product-thumb-link elbzotech-post-grid\">\n                    <img fetchpriority=\"high\" decoding=\"async\" width=\"340\" height=\"340\" src=\"https:\/\/glonuo.com\/wp-content\/uploads\/2026\/03\/Buy-VIRTO-Signature-Tobacco.jpg\" class=\"attachment-340x480 size-340x480 wp-post-image\" alt=\"\" srcset=\"https:\/\/glonuo.com\/wp-content\/uploads\/2026\/03\/Buy-VIRTO-Signature-Tobacco.jpg 1500w, https:\/\/glonuo.com\/wp-content\/uploads\/2026\/03\/Buy-VIRTO-Signature-Tobacco-300x300.jpg 300w, https:\/\/glonuo.com\/wp-content\/uploads\/2026\/03\/Buy-VIRTO-Signature-Tobacco-1024x1024.jpg 1024w, https:\/\/glonuo.com\/wp-content\/uploads\/2026\/03\/Buy-VIRTO-Signature-Tobacco-150x150.jpg 150w, https:\/\/glonuo.com\/wp-content\/uploads\/2026\/03\/Buy-VIRTO-Signature-Tobacco-768x768.jpg 768w, https:\/\/glonuo.com\/wp-content\/uploads\/2026\/03\/Buy-VIRTO-Signature-Tobacco-12x12.jpg 12w, https:\/\/glonuo.com\/wp-content\/uploads\/2026\/03\/Buy-VIRTO-Signature-Tobacco-600x600.jpg 600w\" sizes=\"(max-width: 340px) 100vw, 340px\" \/>\n                    \n                <\/a>\t\t\t\t\t\t\t\t<div class=\"product-extra-link\">\r\n\t\t\t\t\t\t\t\t\t\t<a title=\"Quick View\" data-product-id=\"26460\" href=\"https:\/\/glonuo.com\/en\/product\/virto-signature\/\" class=\"product-quick-view quickview-link\"><i class=\"las la-eye\"><\/i><\/a><input type=\"hidden\" name=\"product-popup-content-ajax-nonce\" class=\"product-popup-content-ajax-nonce\" value=\"92cedb5fc1\" \/>\r\n\t\t\t\t<\/div>\r\n\t\t\t\t\r\n\t\t\t\t\t\t\t\t\t<input type=\"hidden\" name=\"addtocart-ajax-nonce\" class=\"addtocart-ajax-nonce\" value=\"bbab6a90d0\" \/><a href=\"\/en\/wp-json\/wp\/v2\/pages\/25652?add-to-cart=26460\" rel=\"nofollow\" data-toggle=\"tooltip\" data-placement=\"top\" data-product_id=\"26460\" data-product_sku=\"\" data-quantity=\"1\" class=\"addcart-link case-cart-default addcart-link-style1 product_type_simple add_to_cart_button bzotech_ajax_add_to_cart product_type_simple\" data-title=\"Add to cart\" data-no-translation-data-title=\"\"><span data-no-translation=\"\" data-trp-gettext=\"\">Add to cart<\/span><\/a>\t\t\t\t\r\n\t\t\t\t\r\n\t\t\t\t\t\t\t<\/div>\r\n\t\t\t\t<div class=\"product-info text-center\">\r\n\t\t\t\t\t\t\t\t\t\t\t\t\t<h3 class=\"title20 product-title font-semibold\">\r\n\t\t\t\t\t<a class=\"color-title\" title=\"Virto Signature\" href=\"https:\/\/glonuo.com\/en\/product\/virto-signature\/\">Virto Signature<\/a>\r\n\t\t\t\t<\/h3>\r\n\t\t\t\t\t\t\t\t\t\r\n\t\t\t<div class=\"product-price price\"><span class=\"woocommerce-Price-amount amount\"><bdi><span class=\"woocommerce-Price-currencySymbol\">&#8378;<\/span>2,800.00<\/bdi><\/span><\/div>\t\t\t\t\t<\/div>\r\n\t\t<\/div><\/div><div class=\"list-col-item item-grid-product- list-4-item list--item-widescreen list--item-laptop  list--item-tablet-extra list--item-tablet list--item-mobile-extra list--item-mobile\">\t<div class=\"item-product\">\t\t\t\t\t\t\t<div class=\"product-thumb attribute-close product\">\r\n\t\t\t\t<!-- bzotech_woocommerce_thumbnail_loop have $size and $animation -->\r\n\t\t\t\t<div class=\"product-label\"><span class=\"new\">new<\/span><\/div>\t\t\t\t<a href=\"https:\/\/glonuo.com\/en\/product\/virto-copper\/\" class=\"product-thumb-link elbzotech-post-grid\">\n                    <img decoding=\"async\" width=\"340\" height=\"340\" src=\"https:\/\/glonuo.com\/wp-content\/uploads\/2026\/03\/Buy-VIRTO-Copper-Tobacco.jpg\" class=\"attachment-340x480 size-340x480 wp-post-image\" alt=\"\" srcset=\"https:\/\/glonuo.com\/wp-content\/uploads\/2026\/03\/Buy-VIRTO-Copper-Tobacco.jpg 1500w, https:\/\/glonuo.com\/wp-content\/uploads\/2026\/03\/Buy-VIRTO-Copper-Tobacco-300x300.jpg 300w, https:\/\/glonuo.com\/wp-content\/uploads\/2026\/03\/Buy-VIRTO-Copper-Tobacco-1024x1024.jpg 1024w, https:\/\/glonuo.com\/wp-content\/uploads\/2026\/03\/Buy-VIRTO-Copper-Tobacco-150x150.jpg 150w, https:\/\/glonuo.com\/wp-content\/uploads\/2026\/03\/Buy-VIRTO-Copper-Tobacco-768x768.jpg 768w, https:\/\/glonuo.com\/wp-content\/uploads\/2026\/03\/Buy-VIRTO-Copper-Tobacco-12x12.jpg 12w, https:\/\/glonuo.com\/wp-content\/uploads\/2026\/03\/Buy-VIRTO-Copper-Tobacco-600x600.jpg 600w\" sizes=\"(max-width: 340px) 100vw, 340px\" \/>\n                    \n                <\/a>\t\t\t\t\t\t\t\t<div class=\"product-extra-link\">\r\n\t\t\t\t\t\t\t\t\t\t<a title=\"Quick View\" data-product-id=\"26461\" href=\"https:\/\/glonuo.com\/en\/product\/virto-copper\/\" class=\"product-quick-view quickview-link\"><i class=\"las la-eye\"><\/i><\/a><input type=\"hidden\" name=\"product-popup-content-ajax-nonce\" class=\"product-popup-content-ajax-nonce\" value=\"92cedb5fc1\" \/>\r\n\t\t\t\t<\/div>\r\n\t\t\t\t\r\n\t\t\t\t\t\t\t\t\t<input type=\"hidden\" name=\"addtocart-ajax-nonce\" class=\"addtocart-ajax-nonce\" value=\"bbab6a90d0\" \/><a href=\"https:\/\/glonuo.com\/en\/product\/virto-copper\/\" rel=\"nofollow\" data-toggle=\"tooltip\" data-placement=\"top\" data-product_id=\"26461\" data-product_sku=\"\" data-quantity=\"1\" class=\"addcart-link case-cart-default addcart-link-style1 product_type_simple bzotech_ajax_add_to_cart product_type_simple\" data-title=\"Read more\" data-no-translation-data-title=\"\"><span data-no-translation=\"\" data-trp-gettext=\"\">Read more<\/span><\/a>\t\t\t\t\r\n\t\t\t\t\r\n\t\t\t\t\t\t\t<\/div>\r\n\t\t\t\t<div class=\"product-info text-center\">\r\n\t\t\t\t\t\t\t\t\t\t\t\t\t<h3 class=\"title20 product-title font-semibold\">\r\n\t\t\t\t\t<a class=\"color-title\" title=\"Virto Copper\" href=\"https:\/\/glonuo.com\/en\/product\/virto-copper\/\">Virto Copper<\/a>\r\n\t\t\t\t<\/h3>\r\n\t\t\t\t\t\t\t\t\t\r\n\t\t\t<div class=\"product-price price\"><span class=\"woocommerce-Price-amount amount\"><bdi><span class=\"woocommerce-Price-currencySymbol\">&#8378;<\/span>2,800.00<\/bdi><\/span><\/div>\t\t\t\t\t<\/div>\r\n\t\t<\/div><\/div><div class=\"list-col-item item-grid-product- list-4-item list--item-widescreen list--item-laptop  list--item-tablet-extra list--item-tablet list--item-mobile-extra list--item-mobile\">\t<div class=\"item-product\">\t\t\t\t\t\t\t<div class=\"product-thumb attribute-close product\">\r\n\t\t\t\t<!-- bzotech_woocommerce_thumbnail_loop have $size and $animation -->\r\n\t\t\t\t<div class=\"product-label\"><span class=\"new\">new<\/span><\/div>\t\t\t\t<a href=\"https:\/\/glonuo.com\/en\/product\/virto-balanced-tobacco\/\" class=\"product-thumb-link elbzotech-post-grid\">\n                    <img decoding=\"async\" width=\"340\" height=\"340\" src=\"https:\/\/glonuo.com\/wp-content\/uploads\/2026\/03\/Buy-VIRTO-Balanced-Tobacco.jpg\" class=\"attachment-340x480 size-340x480 wp-post-image\" alt=\"\" srcset=\"https:\/\/glonuo.com\/wp-content\/uploads\/2026\/03\/Buy-VIRTO-Balanced-Tobacco.jpg 1500w, https:\/\/glonuo.com\/wp-content\/uploads\/2026\/03\/Buy-VIRTO-Balanced-Tobacco-300x300.jpg 300w, https:\/\/glonuo.com\/wp-content\/uploads\/2026\/03\/Buy-VIRTO-Balanced-Tobacco-1024x1024.jpg 1024w, https:\/\/glonuo.com\/wp-content\/uploads\/2026\/03\/Buy-VIRTO-Balanced-Tobacco-150x150.jpg 150w, https:\/\/glonuo.com\/wp-content\/uploads\/2026\/03\/Buy-VIRTO-Balanced-Tobacco-768x768.jpg 768w, https:\/\/glonuo.com\/wp-content\/uploads\/2026\/03\/Buy-VIRTO-Balanced-Tobacco-12x12.jpg 12w, https:\/\/glonuo.com\/wp-content\/uploads\/2026\/03\/Buy-VIRTO-Balanced-Tobacco-600x600.jpg 600w\" sizes=\"(max-width: 340px) 100vw, 340px\" \/>\n                    \n                <\/a>\t\t\t\t\t\t\t\t<div class=\"product-extra-link\">\r\n\t\t\t\t\t\t\t\t\t\t<a title=\"Quick View\" data-product-id=\"26462\" href=\"https:\/\/glonuo.com\/en\/product\/virto-balanced-tobacco\/\" class=\"product-quick-view quickview-link\"><i class=\"las la-eye\"><\/i><\/a><input type=\"hidden\" name=\"product-popup-content-ajax-nonce\" class=\"product-popup-content-ajax-nonce\" value=\"92cedb5fc1\" \/>\r\n\t\t\t\t<\/div>\r\n\t\t\t\t\r\n\t\t\t\t\t\t\t\t\t<input type=\"hidden\" name=\"addtocart-ajax-nonce\" class=\"addtocart-ajax-nonce\" value=\"bbab6a90d0\" \/><a href=\"\/en\/wp-json\/wp\/v2\/pages\/25652?add-to-cart=26462\" rel=\"nofollow\" data-toggle=\"tooltip\" data-placement=\"top\" data-product_id=\"26462\" data-product_sku=\"\" data-quantity=\"1\" class=\"addcart-link case-cart-default addcart-link-style1 product_type_simple add_to_cart_button bzotech_ajax_add_to_cart product_type_simple\" data-title=\"Add to cart\" data-no-translation-data-title=\"\"><span data-no-translation=\"\" data-trp-gettext=\"\">Add to cart<\/span><\/a>\t\t\t\t\r\n\t\t\t\t\r\n\t\t\t\t\t\t\t<\/div>\r\n\t\t\t\t<div class=\"product-info text-center\">\r\n\t\t\t\t\t\t\t\t\t\t\t\t\t<h3 class=\"title20 product-title font-semibold\">\r\n\t\t\t\t\t<a class=\"color-title\" title=\"VIRTO Balanced Tobacco\" href=\"https:\/\/glonuo.com\/en\/product\/virto-balanced-tobacco\/\">VIRTO Balanced Tobacco<\/a>\r\n\t\t\t\t<\/h3>\r\n\t\t\t\t\t\t\t\t\t\r\n\t\t\t<div class=\"product-price price\"><span class=\"woocommerce-Price-amount amount\"><bdi><span class=\"woocommerce-Price-currencySymbol\">&#8378;<\/span>2,800.00<\/bdi><\/span><\/div>\t\t\t\t\t<\/div>\r\n\t\t<\/div><\/div><div class=\"list-col-item item-grid-product- list-4-item list--item-widescreen list--item-laptop  list--item-tablet-extra list--item-tablet list--item-mobile-extra list--item-mobile\">\t<div class=\"item-product\">\t\t\t\t\t\t\t<div class=\"product-thumb attribute-close product\">\r\n\t\t\t\t<!-- bzotech_woocommerce_thumbnail_loop have $size and $animation -->\r\n\t\t\t\t<div class=\"product-label\"><span class=\"new\">new<\/span><\/div>\t\t\t\t<a href=\"https:\/\/glonuo.com\/en\/product\/virto-azure-tobacco\/\" class=\"product-thumb-link elbzotech-post-grid\">\n                    <img loading=\"lazy\" decoding=\"async\" width=\"340\" height=\"340\" src=\"https:\/\/glonuo.com\/wp-content\/uploads\/2026\/03\/Buy-VIRTO-Azure-Tobacco.jpg\" class=\"attachment-340x480 size-340x480 wp-post-image\" alt=\"\" srcset=\"https:\/\/glonuo.com\/wp-content\/uploads\/2026\/03\/Buy-VIRTO-Azure-Tobacco.jpg 1500w, https:\/\/glonuo.com\/wp-content\/uploads\/2026\/03\/Buy-VIRTO-Azure-Tobacco-300x300.jpg 300w, https:\/\/glonuo.com\/wp-content\/uploads\/2026\/03\/Buy-VIRTO-Azure-Tobacco-1024x1024.jpg 1024w, https:\/\/glonuo.com\/wp-content\/uploads\/2026\/03\/Buy-VIRTO-Azure-Tobacco-150x150.jpg 150w, https:\/\/glonuo.com\/wp-content\/uploads\/2026\/03\/Buy-VIRTO-Azure-Tobacco-768x768.jpg 768w, https:\/\/glonuo.com\/wp-content\/uploads\/2026\/03\/Buy-VIRTO-Azure-Tobacco-12x12.jpg 12w, https:\/\/glonuo.com\/wp-content\/uploads\/2026\/03\/Buy-VIRTO-Azure-Tobacco-600x600.jpg 600w\" sizes=\"(max-width: 340px) 100vw, 340px\" \/>\n                    \n                <\/a>\t\t\t\t\t\t\t\t<div class=\"product-extra-link\">\r\n\t\t\t\t\t\t\t\t\t\t<a title=\"Quick View\" data-product-id=\"26463\" href=\"https:\/\/glonuo.com\/en\/product\/virto-azure-tobacco\/\" class=\"product-quick-view quickview-link\"><i class=\"las la-eye\"><\/i><\/a><input type=\"hidden\" name=\"product-popup-content-ajax-nonce\" class=\"product-popup-content-ajax-nonce\" value=\"92cedb5fc1\" \/>\r\n\t\t\t\t<\/div>\r\n\t\t\t\t\r\n\t\t\t\t\t\t\t\t\t<input type=\"hidden\" name=\"addtocart-ajax-nonce\" class=\"addtocart-ajax-nonce\" value=\"bbab6a90d0\" \/><a href=\"\/en\/wp-json\/wp\/v2\/pages\/25652?add-to-cart=26463\" rel=\"nofollow\" data-toggle=\"tooltip\" data-placement=\"top\" data-product_id=\"26463\" data-product_sku=\"\" data-quantity=\"1\" class=\"addcart-link case-cart-default addcart-link-style1 product_type_simple add_to_cart_button bzotech_ajax_add_to_cart product_type_simple\" data-title=\"Add to cart\" data-no-translation-data-title=\"\"><span data-no-translation=\"\" data-trp-gettext=\"\">Add to cart<\/span><\/a>\t\t\t\t\r\n\t\t\t\t\r\n\t\t\t\t\t\t\t<\/div>\r\n\t\t\t\t<div class=\"product-info text-center\">\r\n\t\t\t\t\t\t\t\t\t\t\t\t\t<h3 class=\"title20 product-title font-semibold\">\r\n\t\t\t\t\t<a class=\"color-title\" title=\"VIRTO Azure Tobacco\" href=\"https:\/\/glonuo.com\/en\/product\/virto-azure-tobacco\/\">VIRTO Azure Tobacco<\/a>\r\n\t\t\t\t<\/h3>\r\n\t\t\t\t\t\t\t\t\t\r\n\t\t\t<div class=\"product-price price\"><span class=\"woocommerce-Price-amount amount\"><bdi><span class=\"woocommerce-Price-currencySymbol\">&#8378;<\/span>2,800.00<\/bdi><\/span><\/div>\t\t\t\t\t<\/div>\r\n\t\t<\/div><\/div>\t<\/div>\r\n\t<\/div>\t\t\t\t<\/div>\n\t\t\t\t<\/div>\n\t\t\t\t<\/div>\n\t\t\t\t<\/div>\n\t\t\t\t\t<\/div>\n\t\t\t\t<\/div>\n\t\t\t\t<\/div>","protected":false},"excerpt":{"rendered":"<p>Virto Banner Virto\u2122 t\u00fct\u00fcn \u00e7ubuklar\u0131n\u0131 ke\u015ffedin Sadece glo\u2122 Hilo Plus ve glo\u2122 Hilo cihazlar\u0131 i\u00e7in \u00f6zel olarak tasarlanm\u0131\u015ft\u0131r. Giri\u015f Yap V\u0130RTO new Sepete Ekle Virto Signature &#8378;2,800.00 new Devam\u0131n\u0131 oku Virto Copper &#8378;2,800.00 new Sepete Ekle VIRTO Balanced Tobacco &#8378;2,800.00 new Sepete Ekle VIRTO Azure Tobacco &#8378;2,800.00<\/p>","protected":false},"author":1,"featured_media":0,"parent":0,"menu_order":0,"comment_status":"closed","ping_status":"closed","template":"elementor-template.php","meta":{"footnotes":""},"class_list":["post-25652","page","type-page","status-publish","hentry"],"_links":{"self":[{"href":"https:\/\/glonuo.com\/en\/wp-json\/wp\/v2\/pages\/25652","targetHints":{"allow":["GET"]}}],"collection":[{"href":"https:\/\/glonuo.com\/en\/wp-json\/wp\/v2\/pages"}],"about":[{"href":"https:\/\/glonuo.com\/en\/wp-json\/wp\/v2\/types\/page"}],"author":[{"embeddable":true,"href":"https:\/\/glonuo.com\/en\/wp-json\/wp\/v2\/users\/1"}],"replies":[{"embeddable":true,"href":"https:\/\/glonuo.com\/en\/wp-json\/wp\/v2\/comments?post=25652"}],"version-history":[{"count":16,"href":"https:\/\/glonuo.com\/en\/wp-json\/wp\/v2\/pages\/25652\/revisions"}],"predecessor-version":[{"id":27463,"href":"https:\/\/glonuo.com\/en\/wp-json\/wp\/v2\/pages\/25652\/revisions\/27463"}],"wp:attachment":[{"href":"https:\/\/glonuo.com\/en\/wp-json\/wp\/v2\/media?parent=25652"}],"curies":[{"name":"wp","href":"https:\/\/api.w.org\/{rel}","templated":true}]}}