{"id":25711,"date":"2026-03-22T18:29:10","date_gmt":"2026-03-22T18:29:10","guid":{"rendered":"https:\/\/www.glonuo.com\/?page_id=25711"},"modified":"2026-04-04T07:34:02","modified_gmt":"2026-04-04T07:34:02","slug":"myglo-app","status":"publish","type":"page","link":"https:\/\/glonuo.com\/en\/myglo-app\/","title":{"rendered":"Myglo App"},"content":{"rendered":"<div data-elementor-type=\"wp-page\" data-elementor-id=\"25711\" class=\"elementor elementor-25711\">\n\t\t\t\t<div class=\"elementor-element elementor-element-35f4080 e-con-full e-flex e-con e-parent\" data-id=\"35f4080\" data-element_type=\"container\" data-e-type=\"container\">\n\t\t\t\t<div class=\"elementor-element elementor-element-f39611a e-transform elementor-widget elementor-widget-html\" data-id=\"f39611a\" data-element_type=\"widget\" data-e-type=\"widget\" data-settings=\"{&quot;_transform_scale_effect&quot;:{&quot;unit&quot;:&quot;px&quot;,&quot;size&quot;:1.03,&quot;sizes&quot;:[]},&quot;_transform_scale_effect_laptop&quot;:{&quot;unit&quot;:&quot;px&quot;,&quot;size&quot;:&quot;&quot;,&quot;sizes&quot;:[]},&quot;_transform_scale_effect_tablet_extra&quot;:{&quot;unit&quot;:&quot;px&quot;,&quot;size&quot;:&quot;&quot;,&quot;sizes&quot;:[]},&quot;_transform_scale_effect_tablet&quot;:{&quot;unit&quot;:&quot;px&quot;,&quot;size&quot;:&quot;&quot;,&quot;sizes&quot;:[]},&quot;_transform_scale_effect_mobile_extra&quot;:{&quot;unit&quot;:&quot;px&quot;,&quot;size&quot;:&quot;&quot;,&quot;sizes&quot;:[]},&quot;_transform_scale_effect_mobile&quot;:{&quot;unit&quot;:&quot;px&quot;,&quot;size&quot;:&quot;&quot;,&quot;sizes&quot;:[]}}\" data-widget_type=\"html.default\">\n\t\t\t\t\t<!DOCTYPE html>\r\n<html lang=\"tr\">\r\n<head>\r\n  <meta charset=\"UTF-8\" \/>\r\n  <meta name=\"viewport\" content=\"width=device-width, initial-scale=1.0\" \/>\r\n  <title>myglo Banner<\/title>\r\n  <style>\r\n    * {\r\n      box-sizing: border-box;\r\n      margin: 0;\r\n      padding: 0;\r\n    }\r\n\r\n    .myglo-banner {\r\n      width: 100%;\r\n      min-height: 712px;\r\n      position: relative;\r\n      overflow: hidden;\r\n      font-family: Arial, Helvetica, sans-serif;\r\n      background: #8f0606 url('http:\/\/glonuo.com\/wp-content\/uploads\/2026\/03\/1288x725-1.png') no-repeat center center;\r\n      background-size: cover;\r\n    }\r\n\r\n    .myglo-banner::before {\r\n      content: \"\";\r\n      position: absolute;\r\n      inset: 0;\r\n      background:\r\n        linear-gradient(\r\n          90deg,\r\n          rgba(56, 0, 0, 0.72) 0%,\r\n          rgba(92, 0, 0, 0.45) 22%,\r\n          rgba(140, 0, 0, 0.16) 46%,\r\n          rgba(140, 0, 0, 0.02) 64%,\r\n          rgba(140, 0, 0, 0) 100%\r\n        );\r\n      pointer-events: none;\r\n    }\r\n\r\n    .myglo-banner__inner {\r\n      position: relative;\r\n      z-index: 2;\r\n      width: 100%;\r\n      min-height: 712px;\r\n      display: flex;\r\n      align-items: center;\r\n      padding: 24px 58px 54px 92px;\r\n    }\r\n\r\n    .myglo-content {\r\n      width: 100%;\r\n      max-width: 980px;\r\n      color: #fff;\r\n      display: flex;\r\n      flex-direction: column;\r\n      align-items: flex-start;\r\n      justify-content: flex-start;\r\n    }\r\n\r\n    .myglo-logo {\r\n      font-size: 68px;\r\n      line-height: 1;\r\n      font-weight: 300;\r\n      color: #fff;\r\n      letter-spacing: -3px;\r\n      text-transform: lowercase;\r\n      margin-bottom: 300px;\r\n      user-select: none;\r\n    }\r\n\r\n    .myglo-logo .o {\r\n      color: #ff6b00;\r\n    }\r\n\r\n    .myglo-title {\r\n      font-size: 68px;\r\n      line-height: 1.08;\r\n      font-weight: 800;\r\n      letter-spacing: -2px;\r\n      color: #fff;\r\n      max-width: 1100px;\r\n      margin-bottom: 36px;\r\n    }\r\n\r\n    .myglo-buttons {\r\n      display: flex;\r\n      gap: 10px;\r\n      flex-wrap: wrap;\r\n    }\r\n\r\n    .myglo-btn {\r\n      display: inline-flex;\r\n      align-items: center;\r\n      justify-content: center;\r\n      min-width: 205px;\r\n      height: 52px;\r\n      padding: 0 28px;\r\n      border-radius: 999px;\r\n      background: #fff;\r\n      color: #13233a;\r\n      text-decoration: none;\r\n      text-transform: uppercase;\r\n      font-size: 14px;\r\n      font-weight: 800;\r\n      letter-spacing: 0.7px;\r\n      transition: transform 0.25s ease, box-shadow 0.25s ease;\r\n      box-shadow: 0 10px 22px rgba(0, 0, 0, 0.12);\r\n    }\r\n\r\n    .myglo-btn:hover {\r\n      transform: translateY(-2px);\r\n      box-shadow: 0 14px 28px rgba(0, 0, 0, 0.18);\r\n    }\r\n\r\n    .myglo-bottom-mark {\r\n      position: absolute;\r\n      right: 42px;\r\n      bottom: 40px;\r\n      display: flex;\r\n      align-items: center;\r\n      gap: 10px;\r\n      z-index: 2;\r\n      user-select: none;\r\n    }\r\n\r\n    .myglo-nowe {\r\n      display: inline-flex;\r\n      align-items: center;\r\n      justify-content: center;\r\n      height: 46px;\r\n      padding: 0 14px;\r\n      border-radius: 6px;\r\n      background: #ffffff;\r\n      color: #8a150f;\r\n      font-size: 28px;\r\n      font-weight: 900;\r\n      line-height: 1;\r\n      letter-spacing: 0;\r\n    }\r\n\r\n    .myglo-hilo {\r\n      font-size: 58px;\r\n      line-height: 1;\r\n      font-weight: 300;\r\n      color: #ffffff;\r\n      letter-spacing: -2px;\r\n    }\r\n\r\n    @media (max-width: 1500px) {\r\n      .myglo-banner,\r\n      .myglo-banner__inner {\r\n        min-height: 640px;\r\n      }\r\n\r\n      .myglo-banner__inner {\r\n        padding: 24px 42px 46px 70px;\r\n      }\r\n\r\n      .myglo-logo {\r\n        margin-bottom: 220px;\r\n        font-size: 60px;\r\n      }\r\n\r\n      .myglo-title {\r\n        font-size: 58px;\r\n        max-width: 880px;\r\n      }\r\n    }\r\n\r\n    @media (max-width: 1200px) {\r\n      .myglo-banner {\r\n        background-position: 68% center;\r\n      }\r\n\r\n      .myglo-banner,\r\n      .myglo-banner__inner {\r\n        min-height: 560px;\r\n      }\r\n\r\n      .myglo-banner__inner {\r\n        padding: 24px 30px 34px 42px;\r\n      }\r\n\r\n      .myglo-logo {\r\n        margin-bottom: 160px;\r\n        font-size: 52px;\r\n      }\r\n\r\n      .myglo-title {\r\n        font-size: 46px;\r\n        max-width: 700px;\r\n        margin-bottom: 28px;\r\n      }\r\n\r\n      .myglo-btn {\r\n        min-width: 190px;\r\n        height: 48px;\r\n        font-size: 13px;\r\n      }\r\n\r\n      .myglo-bottom-mark {\r\n        right: 26px;\r\n        bottom: 28px;\r\n      }\r\n\r\n      .myglo-nowe {\r\n        font-size: 22px;\r\n        height: 40px;\r\n      }\r\n\r\n      .myglo-hilo {\r\n        font-size: 46px;\r\n      }\r\n    }\r\n\r\n    @media (max-width: 768px) {\r\n      .myglo-banner {\r\n        background-position: 72% center;\r\n      }\r\n\r\n      .myglo-banner,\r\n      .myglo-banner__inner {\r\n        min-height: 500px;\r\n      }\r\n\r\n      .myglo-banner__inner {\r\n        padding: 24px 18px 88px 20px;\r\n        align-items: flex-start;\r\n      }\r\n\r\n      .myglo-logo {\r\n        font-size: 44px;\r\n        margin-bottom: 120px;\r\n        letter-spacing: -2px;\r\n      }\r\n\r\n      .myglo-title {\r\n        font-size: 32px;\r\n        line-height: 1.12;\r\n        letter-spacing: -1px;\r\n        max-width: 420px;\r\n        margin-bottom: 22px;\r\n      }\r\n\r\n      .myglo-buttons {\r\n        gap: 10px;\r\n      }\r\n\r\n      .myglo-btn {\r\n        min-width: 170px;\r\n        height: 46px;\r\n        padding: 0 20px;\r\n        font-size: 12px;\r\n      }\r\n\r\n      .myglo-bottom-mark {\r\n        right: 16px;\r\n        bottom: 18px;\r\n        gap: 8px;\r\n      }\r\n\r\n      .myglo-nowe {\r\n        height: 34px;\r\n        padding: 0 10px;\r\n        font-size: 18px;\r\n      }\r\n\r\n      .myglo-hilo {\r\n        font-size: 34px;\r\n      }\r\n    }\r\n\r\n    @media (max-width: 480px) {\r\n      .myglo-banner {\r\n        background-position: 75% center;\r\n      }\r\n\r\n      .myglo-logo {\r\n        font-size: 38px;\r\n        margin-bottom: 100px;\r\n      }\r\n\r\n      .myglo-title {\r\n        font-size: 26px;\r\n        max-width: 300px;\r\n      }\r\n\r\n      .myglo-btn {\r\n        min-width: 155px;\r\n        height: 42px;\r\n        font-size: 11px;\r\n        padding: 0 16px;\r\n      }\r\n\r\n      .myglo-nowe {\r\n        font-size: 15px;\r\n        height: 30px;\r\n      }\r\n\r\n      .myglo-hilo {\r\n        font-size: 28px;\r\n      }\r\n    }\r\n  <\/style>\r\n<\/head>\r\n<body>\r\n\r\n  <section class=\"myglo-banner\">\r\n    <div class=\"myglo-banner__inner\">\r\n      <div class=\"myglo-content\">\r\n        <div class=\"myglo-logo\">mygl<span class=\"o\">o<\/span><\/div>\r\n\r\n        <h1 class=\"myglo-title\">\r\n          Uygulama ile ki\u015fiselle\u015ftirilmi\u015f bir deneyim\r\n        <\/h1>\r\n\r\n        <div class=\"myglo-buttons\">\r\n          <a href=\"#\" class=\"myglo-btn\">IOS \u0130\u00c7\u0130N UYGULAMA<\/a>\r\n          <a href=\"#\" class=\"myglo-btn\">ANDROID \u0130\u00c7\u0130N UYGULAMA<\/a>\r\n        <\/div>\r\n      <\/div>\r\n    <\/div>\r\n\r\n    <div class=\"myglo-bottom-mark\">\r\n      <span class=\"myglo-nowe\">NOWE<\/span>\r\n      <span class=\"myglo-hilo\">HILO<\/span>\r\n    <\/div>\r\n  <\/section>\r\n\r\n<\/body>\r\n<\/html>\t\t\t\t<\/div>\n\t\t\t\t<div class=\"elementor-element elementor-element-501776f e-transform elementor-widget elementor-widget-html\" data-id=\"501776f\" data-element_type=\"widget\" data-e-type=\"widget\" data-settings=\"{&quot;_transform_scale_effect&quot;:{&quot;unit&quot;:&quot;px&quot;,&quot;size&quot;:1.04,&quot;sizes&quot;:[]},&quot;_transform_scale_effect_laptop&quot;:{&quot;unit&quot;:&quot;px&quot;,&quot;size&quot;:&quot;&quot;,&quot;sizes&quot;:[]},&quot;_transform_scale_effect_tablet_extra&quot;:{&quot;unit&quot;:&quot;px&quot;,&quot;size&quot;:&quot;&quot;,&quot;sizes&quot;:[]},&quot;_transform_scale_effect_tablet&quot;:{&quot;unit&quot;:&quot;px&quot;,&quot;size&quot;:&quot;&quot;,&quot;sizes&quot;:[]},&quot;_transform_scale_effect_mobile_extra&quot;:{&quot;unit&quot;:&quot;px&quot;,&quot;size&quot;:&quot;&quot;,&quot;sizes&quot;:[]},&quot;_transform_scale_effect_mobile&quot;:{&quot;unit&quot;:&quot;px&quot;,&quot;size&quot;:&quot;&quot;,&quot;sizes&quot;:[]}}\" data-widget_type=\"html.default\">\n\t\t\t\t\t<!DOCTYPE html>\r\n<html lang=\"tr\">\r\n<head>\r\n  <meta charset=\"UTF-8\" \/>\r\n  <meta name=\"viewport\" content=\"width=device-width, initial-scale=1.0\" \/>\r\n  <title>myglo \u00d6zellikler Alan\u0131<\/title>\r\n  <style>\r\n    * {\r\n      box-sizing: border-box;\r\n      margin: 0;\r\n      padding: 0;\r\n    }\r\n\r\n    .myglo-features {\r\n      width: 100%;\r\n      background: #2b0000;\r\n      font-family: Arial, Helvetica, sans-serif;\r\n      color: #ffffff;\r\n      padding: 88px 30px 72px;\r\n    }\r\n\r\n    .myglo-features__inner {\r\n      max-width: 1400px;\r\n      margin: 0 auto;\r\n      text-align: center;\r\n    }\r\n\r\n    .myglo-features__title {\r\n      font-size: 50px;\r\n      line-height: 1.12;\r\n      font-weight: 800;\r\n      letter-spacing: -1.4px;\r\n      color: #ffffff;\r\n      margin-bottom: 16px;\r\n    }\r\n\r\n    .myglo-features__title sup {\r\n      font-size: 0.42em;\r\n      top: -0.85em;\r\n      position: relative;\r\n      font-weight: 700;\r\n    }\r\n\r\n    .myglo-features__subtitle {\r\n      font-size: 30px;\r\n      line-height: 1.25;\r\n      font-weight: 700;\r\n      color: #ffffff;\r\n      margin-bottom: 86px;\r\n    }\r\n\r\n    .myglo-features__grid {\r\n      display: grid;\r\n      grid-template-columns: repeat(6, 1fr);\r\n      gap: 24px;\r\n      align-items: start;\r\n    }\r\n\r\n    .feature-card {\r\n      display: flex;\r\n      flex-direction: column;\r\n      align-items: center;\r\n      justify-content: flex-start;\r\n      text-align: center;\r\n    }\r\n\r\n    .feature-card__icon-wrap {\r\n      width: 100px;\r\n      height: 100px;\r\n      border-radius: 50%;\r\n      display: flex;\r\n      align-items: center;\r\n      justify-content: center;\r\n      margin-bottom: 26px;\r\n    }\r\n\r\n    .feature-card__icon {\r\n      width: 100px;\r\n      height: 100px;\r\n      object-fit: contain;\r\n      display: block;\r\n    }\r\n\r\n    .feature-card__title {\r\n      font-size: 21px;\r\n      line-height: 1.25;\r\n      font-weight: 700;\r\n      color: #ffffff;\r\n    }\r\n\r\n    @media (max-width: 1300px) {\r\n      .myglo-features__title {\r\n        font-size: 42px;\r\n      }\r\n\r\n      .myglo-features__subtitle {\r\n        font-size: 26px;\r\n      }\r\n\r\n      .myglo-features__grid {\r\n        grid-template-columns: repeat(3, 1fr);\r\n        row-gap: 42px;\r\n      }\r\n    }\r\n\r\n    @media (max-width: 768px) {\r\n      .myglo-features {\r\n        padding: 60px 18px 56px;\r\n      }\r\n\r\n      .myglo-features__title {\r\n        font-size: 30px;\r\n        line-height: 1.18;\r\n        margin-bottom: 14px;\r\n      }\r\n\r\n      .myglo-features__subtitle {\r\n        font-size: 21px;\r\n        line-height: 1.35;\r\n        margin-bottom: 46px;\r\n      }\r\n\r\n      .myglo-features__grid {\r\n        grid-template-columns: repeat(2, 1fr);\r\n        gap: 30px 18px;\r\n      }\r\n\r\n      .feature-card__icon-wrap,\r\n      .feature-card__icon {\r\n        width: 84px;\r\n        height: 84px;\r\n      }\r\n\r\n      .feature-card__icon-wrap {\r\n        margin-bottom: 18px;\r\n      }\r\n\r\n      .feature-card__title {\r\n        font-size: 18px;\r\n      }\r\n    }\r\n\r\n    @media (max-width: 480px) {\r\n      .myglo-features__grid {\r\n        grid-template-columns: 1fr;\r\n      }\r\n\r\n      .myglo-features__title {\r\n        font-size: 26px;\r\n      }\r\n\r\n      .myglo-features__subtitle {\r\n        font-size: 18px;\r\n      }\r\n\r\n      .feature-card__title {\r\n        font-size: 17px;\r\n      }\r\n    }\r\n  <\/style>\r\n<\/head>\r\n<body>\r\n\r\n  <section class=\"myglo-features\">\r\n    <div class=\"myglo-features__inner\">\r\n      <h2 class=\"myglo-features__title\">\r\n        myglo<sup>\u2122<\/sup> uygulamas\u0131n\u0131n t\u00fcm \u00f6zelliklerini ke\u015ffedin.\r\n      <\/h2>\r\n\r\n      <p class=\"myglo-features__subtitle\">\r\n        Deneyiminizi nas\u0131l ki\u015fiselle\u015ftirebilece\u011finizi g\u00f6r\u00fcn.\r\n      <\/p>\r\n\r\n      <div class=\"myglo-features__grid\">\r\n\r\n        <div class=\"feature-card\">\r\n          <div class=\"feature-card__icon-wrap\">\r\n            <img decoding=\"async\"\r\n              class=\"feature-card__icon\"\r\n              src=\"http:\/\/glonuo.com\/wp-content\/uploads\/2026\/03\/icon-activity-2cdc9de2.webp\"\r\n              alt=\"Benim faaliyetim\"\r\n            \/>\r\n          <\/div>\r\n          <div class=\"feature-card__title\">Benim faaliyetim<\/div>\r\n        <\/div>\r\n\r\n        <div class=\"feature-card\">\r\n          <div class=\"feature-card__icon-wrap\">\r\n            <img decoding=\"async\"\r\n              class=\"feature-card__icon\"\r\n              src=\"http:\/\/glonuo.com\/wp-content\/uploads\/2026\/03\/icon-session-df1bb1a6.webp\"\r\n              alt=\"Benim oturumum\"\r\n            \/>\r\n          <\/div>\r\n          <div class=\"feature-card__title\">Benim oturumum<\/div>\r\n        <\/div>\r\n\r\n        <div class=\"feature-card\">\r\n          <div class=\"feature-card__icon-wrap\">\r\n            <img decoding=\"async\"\r\n              class=\"feature-card__icon\"\r\n              src=\"http:\/\/glonuo.com\/wp-content\/uploads\/2026\/03\/icon-screen-a70d21d7.webp\"\r\n              alt=\"Ekran\u0131m\"\r\n            \/>\r\n          <\/div>\r\n          <div class=\"feature-card__title\">Ekran\u0131m<\/div>\r\n        <\/div>\r\n\r\n        <div class=\"feature-card\">\r\n          <div class=\"feature-card__icon-wrap\">\r\n            <img decoding=\"async\"\r\n              class=\"feature-card__icon\"\r\n              src=\"http:\/\/glonuo.com\/wp-content\/uploads\/2026\/03\/icon-find-656cf7f5.webp\"\r\n              alt=\"Find My Glo\"\r\n            \/>\r\n          <\/div>\r\n          <div class=\"feature-card__title\">Find My Glo<sup>\u2122<\/sup><\/div>\r\n        <\/div>\r\n\r\n        <div class=\"feature-card\">\r\n          <div class=\"feature-card__icon-wrap\">\r\n            <img decoding=\"async\"\r\n              class=\"feature-card__icon\"\r\n              src=\"http:\/\/glonuo.com\/wp-content\/uploads\/2026\/03\/icon-hilo-31d3d050.webp\"\r\n              alt=\"Hilo B\u00f6lgesi\"\r\n            \/>\r\n          <\/div>\r\n          <div class=\"feature-card__title\">Hilo B\u00f6lgesi<\/div>\r\n        <\/div>\r\n\r\n        <div class=\"feature-card\">\r\n          <div class=\"feature-card__icon-wrap\">\r\n            <img decoding=\"async\"\r\n              class=\"feature-card__icon\"\r\n              src=\"http:\/\/glonuo.com\/wp-content\/uploads\/2026\/03\/icon-chat-85f10d90.webp\"\r\n              alt=\"Kap\u0131c\u0131\"\r\n            \/>\r\n          <\/div>\r\n          <div class=\"feature-card__title\">Kap\u0131c\u0131<\/div>\r\n        <\/div>\r\n\r\n      <\/div>\r\n    <\/div>\r\n  <\/section>\r\n\r\n<\/body>\r\n<\/html>\t\t\t\t<\/div>\n\t\t\t\t<\/div>\n\t\t\t\t<\/div>","protected":false},"excerpt":{"rendered":"<p>myglo Banner myglo Uygulama ile ki\u015fiselle\u015ftirilmi\u015f bir deneyim IOS \u0130\u00c7\u0130N UYGULAMA ANDROID \u0130\u00c7\u0130N UYGULAMA NOWE HILO myglo \u00d6zellikler Alan\u0131 myglo\u2122 uygulamas\u0131n\u0131n t\u00fcm \u00f6zelliklerini ke\u015ffedin. Deneyiminizi nas\u0131l ki\u015fiselle\u015ftirebilece\u011finizi g\u00f6r\u00fcn. Benim faaliyetim Benim oturumum Ekran\u0131m Find My Glo\u2122 Hilo B\u00f6lgesi Kap\u0131c\u0131<\/p>","protected":false},"author":1,"featured_media":0,"parent":0,"menu_order":0,"comment_status":"closed","ping_status":"closed","template":"elementor-template.php","meta":{"footnotes":""},"class_list":["post-25711","page","type-page","status-publish","hentry"],"_links":{"self":[{"href":"https:\/\/glonuo.com\/en\/wp-json\/wp\/v2\/pages\/25711","targetHints":{"allow":["GET"]}}],"collection":[{"href":"https:\/\/glonuo.com\/en\/wp-json\/wp\/v2\/pages"}],"about":[{"href":"https:\/\/glonuo.com\/en\/wp-json\/wp\/v2\/types\/page"}],"author":[{"embeddable":true,"href":"https:\/\/glonuo.com\/en\/wp-json\/wp\/v2\/users\/1"}],"replies":[{"embeddable":true,"href":"https:\/\/glonuo.com\/en\/wp-json\/wp\/v2\/comments?post=25711"}],"version-history":[{"count":10,"href":"https:\/\/glonuo.com\/en\/wp-json\/wp\/v2\/pages\/25711\/revisions"}],"predecessor-version":[{"id":27235,"href":"https:\/\/glonuo.com\/en\/wp-json\/wp\/v2\/pages\/25711\/revisions\/27235"}],"wp:attachment":[{"href":"https:\/\/glonuo.com\/en\/wp-json\/wp\/v2\/media?parent=25711"}],"curies":[{"name":"wp","href":"https:\/\/api.w.org\/{rel}","templated":true}]}}