{"id":26267,"date":"2026-03-23T22:53:16","date_gmt":"2026-03-23T22:53:16","guid":{"rendered":"https:\/\/www.glonuo.com\/?post_type=product&#038;p=26267"},"modified":"2026-03-23T22:53:20","modified_gmt":"2026-03-23T22:53:20","slug":"glo-hyper-neostiks-sigara-bright-tobacco","status":"publish","type":"product","link":"https:\/\/glonuo.com\/en\/product\/glo-hyper-neostiks-sigara-bright-tobacco\/","title":{"rendered":"GLO Hyper Neostiks Sigara \u2013 Bright Tobacco"},"content":{"rendered":"<h1><font color=\"#2d2d2d\"><span style=\"font-size: 24px;\"><b>GLO Hyper Neostiks Sigara \u2013 Bright Tobacco&nbsp;<\/b><\/span><\/font><b><span style=\"color: rgb(31, 31, 31); font-family: &quot;Google Sans&quot;, Arial, sans-serif; font-size: 24px; text-wrap-mode: nowrap;\">Rusya<\/span><\/b><\/h1>\n<p><span style=\"color: rgb(45, 45, 45); font-size: 14px;\">Kent Sigara Light \u0130\u00e7im, Bu t\u00fct\u00fcn, glo \u2122 Hyper ile uyumludur T\u00fct\u00fcn \u00fcr\u00fcnleri yaln\u0131zca elektrikli \u0131s\u0131tma globuna y\u00f6neliktir. Sat\u0131\u015f 1 kartonda (10 paket 200 t\u00fct\u00fcn \u00e7ubu\u011fu) yap\u0131lmaktad\u0131r. Glo HYPER versiyonlar\u0131 i\u00e7in uygundur. \u00c7ubuk bi\u00e7imi: NEO demi Polonya\u2019daki PMI fabrikas\u0131nda \u00fcretilmi\u015ftir 1 paket-20 \u00e7ubukta. 10\u2019luk bir karton kutuda<\/span><\/p>\n<p><span style=\"color: rgb(45, 45, 45); font-size: 14px;\"><br \/><\/span><\/p>\n<p><span style=\"color: rgb(45, 45, 45); font-size: 14px;\"><br \/><\/span><\/p>\n<p><span style=\"color: rgb(45, 45, 45); font-size: 14px;\"><br \/><\/span><\/p>\n<p style=\"margin-bottom: 16px; color: rgb(45, 45, 45); font-size: 14px;\">Bright Tobacco, Kent Glo T\u00fcrkiye, ilk glo cihaz\u0131 2016 y\u0131l\u0131nda Japonya\u2019da piyasaya s\u00fcr\u00fcld\u00fc ve bug\u00fcn Rusya, Kanada ve Avrupa gibi d\u00fcnyan\u0131n farkl\u0131 b\u00f6lgelerinde 15\u2019ten fazla \u00fclkede sat\u0131l\u0131yor.<\/p>\n<p style=\"margin-bottom: 16px; color: rgb(45, 45, 45); font-size: 14px;\">Bright Tobacco, Kent Glo T\u00fcrkiye, Cihaz, size ate\u015fsiz, k\u00fcls\u00fcz ve daha az koku ile dengeli ve tatmin edici bir deneyim sunan ind\u00fcksiyonlu \u0131s\u0131tma teknolojisini kullan\u0131r. Cihaz\u0131n i\u00e7indeki metal \u0131s\u0131tma odas\u0131 Neo \u2122 \u00e7ubuklar\u0131 sarar ve 260 \u00b0 C\u2019ye kadar \u0131s\u0131t\u0131rken, geleneksel duman 900 \u00b0 C\u2019ye kadar yanar.<\/p>\n<p style=\"margin-bottom: 16px; color: rgb(45, 45, 45); font-size: 14px;\">Kent Glo T\u00fcrkiye, Glo \u2122 cihaz\u0131 yaln\u0131zca glo \u2122 \u00e7ubuklarla kullan\u0131l\u0131r. Farkl\u0131 yo\u011funluklarda 2 normal t\u00fct\u00fcn tad\u0131na sahip 4 \u00e7e\u015fit Neo \u2122 stick ve 2 kaps\u00fcl aroma alternatifi bulunmaktad\u0131r.<\/p>\n<p style=\"margin-bottom: 16px; color: rgb(45, 45, 45); font-size: 14px;\">&nbsp; Kent Glo T\u00fcrkiye, Elektronik sigara piyasas\u0131nda d\u00fcnya devi olan British American Tobacco \u00fcr\u00fcn\u00fc olan&nbsp;<a href=\"http:\/\/www.kentglo.com.tr\" style=\"background-image: initial; background-position: initial; background-size: initial; background-repeat: initial; background-attachment: initial; background-origin: initial; background-clip: initial; color: rgb(7, 175, 212); text-decoration-line: underline; transition: all 0.3s ease-in-out 0s;\">www.kentglo.com.tr<\/a>&nbsp;\u00fcr\u00fcnlerini web sitemizden kap\u0131da \u00f6deme ve havale ile g\u00fcvenli bir \u015fekilde sipari\u015f verebilirsiniz. Verdi\u011finiz sipari\u015fler sistemimize d\u00fc\u015ft\u00fc\u011f\u00fc anda g\u00fcvenli ve steril bir \u015fekilde haz\u0131rlan\u0131r ve ayn\u0131 g\u00fcn kargoya teslim edilir. Ve sizlere 1 \u2013 3 i\u015f g\u00fcn\u00fc i\u00e7erisinde teslimat\u0131 sa\u011flan\u0131r. &nbsp; Kent Glo T\u00fcrkiye,&nbsp;<a href=\"http:\/\/www.kentglo.com.tr\" style=\"background: rgb(255, 255, 255); color: rgb(7, 175, 212); text-decoration-line: underline; transition: 0.3s ease-in-out;\">www.kentglo.com.tr<\/a>&nbsp;olarak t\u00fcm KENT GLO Cihazlar\u0131 ve Neostiksleri Orijinaldir kesinlikle yan sanayi veya sahte \u00fcr\u00fcn sat\u0131\u015f\u0131m\u0131z bulunmamaktad\u0131r. Sat\u0131\u015f sonras\u0131 bizden sahte veya yan sanayi \u00fcr\u00fcn ald\u0131\u011f\u0131n\u0131z\u0131 d\u00fc\u015f\u00fcn\u00fcyorsan\u0131z a\u015fa\u011f\u0131daki ileti\u015fim se\u00e7eneklerinden veya sitemiz \u00fczerindeki canl\u0131 deste\u011fimize ba\u011flanarak bizimle ileti\u015fime ge\u00e7erek sorununuzu bizlere iletebilirsiniz. Kent Glo T\u00fcrkiye, T\u00fcm T\u00fcrkiye\u2019ye sipari\u015f vermek i\u00e7in sitemizdeki \u00fcr\u00fcnleri incelemeyi unutmay\u0131n. \u00dcr\u00fcnlerin a\u00e7\u0131klama k\u0131s\u0131mlar\u0131nda bulunan nikotin ve aroma se\u00e7eneklerinden size en uygunu se\u00e7ip sipari\u015f verebilirsiniz. Cihaz i\u00e7in sitemizde bulunan cihaz kategorisinden diledi\u011finiz \u00fcr\u00fcn\u00fc se\u00e7ebilir a\u00e7\u0131klamas\u0131nda bulunan videodan nas\u0131l kullanaca\u011f\u0131n\u0131z\u0131 \u00f6\u011frenip&nbsp;<a href=\"http:\/\/www.kentglo.com.tr\" style=\"background: rgb(255, 255, 255); color: rgb(7, 175, 212); text-decoration-line: underline; transition: 0.3s ease-in-out;\">www.kentglo.com.tr<\/a>&nbsp;g\u00fcvencesi ile sipari\u015f olu\u015fturabilirsiniz. E\u011fer sitemize bulunmayan bir \u00e7e\u015fit veya elektronik sigara ar\u0131yorsan\u0131z bizlerle ileti\u015fime ge\u00e7erek temin ettirebilir veya sat\u0131n alabilirsiniz.&nbsp;<a href=\"http:\/\/www.wikipedia.com\/\" style=\"background-image: initial; background-position: initial; background-size: initial; background-repeat: initial; background-attachment: initial; background-origin: initial; background-clip: initial; color: rgb(7, 175, 212); text-decoration-line: underline; transition: all 0.3s ease-in-out 0s;\">Wikipedia<\/a>\u2018 dan Glo\u2019 nun \u00fcretimi ve nas\u0131l ortaya \u00e7\u0131kt\u0131\u011f\u0131na dair bilgiye eri\u015febilirsiniz. Bunun i\u00e7in metni&nbsp;<a href=\"https:\/\/en.wikipedia.org\/wiki\/Heated_tobacco_product\" style=\"background-image: initial; background-position: initial; background-size: initial; background-repeat: initial; background-attachment: initial; background-origin: initial; background-clip: initial; color: rgb(7, 175, 212); text-decoration-line: underline; transition: all 0.3s ease-in-out 0s;\">Heated Tech Glo<\/a>&nbsp;metnini okuman\u0131z faydal\u0131 olacakt\u0131r. Kent Glo T\u00fcrkiye, Vakit kaybetmeden hemen bizimle ileti\u015fime ge\u00e7ebilir sat\u0131\u015f \u00f6ncesi ve sat\u0131\u015f sonras\u0131 en g\u00fcvenilir deste\u011fi alarak sigaray\u0131 b\u0131rakarak GLO sahibi olabilirsiniz.&nbsp;<a href=\"http:\/\/www.kentglo.com.tr\">Kent Glo T\u00fcrkiye,&nbsp;Glo \u0130stanbul,&nbsp;Glo Ankara,&nbsp;Glo \u0130zmir,&nbsp;Glo Antalya,&nbsp;Glo T\u00fcrkiye,&nbsp;Glo Sat\u0131n Al,&nbsp;Glo&nbsp;Fiyat,&nbsp;Glo Cihaz,&nbsp;Glo Neostiks<\/a>,&nbsp;Glo Sigara,&nbsp;Glo Hyper&nbsp;Videodan&nbsp;Glo\u2019nun tan\u0131t\u0131m\u0131na ve nas\u0131l kullan\u0131ld\u0131\u011f\u0131na dair fikir sahibi olabilirsiniz. &nbsp;<\/p>\n<h1 style=\"font-family: &quot;Open Sans&quot;, sans-serif; color: rgb(0, 0, 0);\"><span style=\"font-size: 13px;\"><span style=\"color: rgb(31, 31, 31); font-family: &quot;Google Sans&quot;, Arial, sans-serif; font-size: 18px; text-wrap-mode: nowrap;\">Rusya<\/span><\/span><span style=\"font-size: 18px; color: inherit; font-family: inherit;\">\u2019daki PMI fabrikas\u0131nda \u00fcretilmi\u015ftir<\/span><\/h1>\n<h1 style=\"font-family: &quot;Open Sans&quot;, sans-serif; color: rgb(0, 0, 0);\">\n<p style=\"margin-bottom: 20px; --tw-border-spacing-x: 0; --tw-border-spacing-y: 0; --tw-translate-x: 0; --tw-translate-y: 0; --tw-rotate: 0; --tw-skew-x: 0; --tw-skew-y: 0; --tw-scale-x: 1; --tw-scale-y: 1; --tw-pan-x: ; --tw-pan-y: ; --tw-pinch-zoom: ; --tw-scroll-snap-strictness: proximity; --tw-gradient-from-position: ; --tw-gradient-via-position: ; --tw-gradient-to-position: ; --tw-ordinal: ; --tw-slashed-zero: ; --tw-numeric-figure: ; --tw-numeric-spacing: ; --tw-numeric-fraction: ; --tw-ring-inset: ; --tw-ring-offset-width: 0px; --tw-ring-offset-color: #fff; --tw-ring-color: rgba(59,130,246,.5); --tw-ring-offset-shadow: 0 0 #0000; --tw-ring-shadow: 0 0 #0000; --tw-shadow: 0 0 #0000; --tw-shadow-colored: 0 0 #0000; --tw-blur: ; --tw-brightness: ; --tw-contrast: ; --tw-grayscale: ; --tw-hue-rotate: ; --tw-invert: ; --tw-saturate: ; --tw-sepia: ; --tw-drop-shadow: ; --tw-backdrop-blur: ; --tw-backdrop-brightness: ; --tw-backdrop-contrast: ; --tw-backdrop-grayscale: ; --tw-backdrop-hue-rotate: ; --tw-backdrop-invert: ; --tw-backdrop-opacity: ; --tw-backdrop-saturate: ; --tw-backdrop-sepia: ; color: rgb(8, 11, 23); font-family: Jost, Arial, sans-serif; font-size: 16px;\"><font style=\"--tw-border-spacing-x: 0; --tw-border-spacing-y: 0; --tw-translate-x: 0; --tw-translate-y: 0; --tw-rotate: 0; --tw-skew-x: 0; --tw-skew-y: 0; --tw-scale-x: 1; --tw-scale-y: 1; --tw-pan-x: ; --tw-pan-y: ; --tw-pinch-zoom: ; --tw-scroll-snap-strictness: proximity; --tw-gradient-from-position: ; --tw-gradient-via-position: ; --tw-gradient-to-position: ; --tw-ordinal: ; --tw-slashed-zero: ; --tw-numeric-figure: ; --tw-numeric-spacing: ; --tw-numeric-fraction: ; --tw-ring-inset: ; --tw-ring-offset-width: 0px; --tw-ring-offset-color: #fff; --tw-ring-color: rgba(59,130,246,.5); --tw-ring-offset-shadow: 0 0 #0000; --tw-ring-shadow: 0 0 #0000; --tw-shadow: 0 0 #0000; --tw-shadow-colored: 0 0 #0000; --tw-blur: ; --tw-brightness: ; --tw-contrast: ; --tw-grayscale: ; --tw-hue-rotate: ; --tw-invert: ; --tw-saturate: ; --tw-sepia: ; --tw-drop-shadow: ; --tw-backdrop-blur: ; --tw-backdrop-brightness: ; --tw-backdrop-contrast: ; --tw-backdrop-grayscale: ; --tw-backdrop-hue-rotate: ; --tw-backdrop-invert: ; --tw-backdrop-opacity: ; --tw-backdrop-saturate: ; --tw-backdrop-sepia: ; vertical-align: inherit;\"><\/font><\/p>\n<\/h1>\n<h1 style=\"font-family: &quot;Open Sans&quot;, sans-serif; color: rgb(0, 0, 0);\">\n<p style=\"font-size: 13px;\">\n<p class=\"MsoNormal\" style=\"font-size: 13px;\"><span style=\"font-size: 18px;\">1 paket-20 \u00e7ubukta.<\/span><br \/><span style=\"font-size: 18px;\">10\u2019luk bir karton kutuda<\/span><\/p>\n<div><span style=\"font-size: 18px;\"><br \/><\/span><\/div>\n<\/h1>\n<h4 class=\"has-text-align-center\" style=\"margin-right: 0px; margin-bottom: 16px; margin-left: 0px; font-size: 16px; font-family: Oswald, sans-serif; text-align: center; color: rgb(45, 45, 45);\">\u0130leti\u015fim<\/h4>\n<p class=\"has-text-align-center\" style=\"margin-bottom: 16px; text-align: center; color: rgb(45, 45, 45); font-size: 14px;\"><a href=\"https:\/\/api.whatsapp.com\/send?phone=905431359593&amp;text=&amp;source=&amp;data=&amp;app_absent=\" style=\"background-image: initial; background-position: initial; background-size: initial; background-repeat: initial; background-attachment: initial; background-origin: initial; background-clip: initial; color: rgb(7, 175, 212); text-decoration-line: underline; transition: all 0.3s ease-in-out 0s;\">WhatsApp&nbsp;<\/a><a href=\"tel:\/\/+905366888094\" style=\"background-image: initial; background-position: initial; background-size: initial; background-repeat: initial; background-attachment: initial; background-origin: initial; background-clip: initial; color: rgb(7, 175, 212); text-decoration-line: underline; transition: all 0.3s ease-in-out 0s;\">Telefon<\/a>&nbsp;<a href=\"http:\/\/www.instagram.com\/podmodshop\/\" style=\"background-image: initial; background-position: initial; background-size: initial; background-repeat: initial; background-attachment: initial; background-origin: initial; background-clip: initial; color: rgb(7, 175, 212); text-decoration-line: underline; transition: all 0.3s ease-in-out 0s;\">instagram<\/a><\/p>","protected":false},"excerpt":{"rendered":"<p>GLO Hyper Neostiks Sigara \u2013 Bright Tobacco&nbsp;Rusya Kent Sigara Light \u0130\u00e7im, Bu t\u00fct\u00fcn, glo \u2122 Hyper ile uyumludur T\u00fct\u00fcn \u00fcr\u00fcnleri yaln\u0131zca elektrikli \u0131s\u0131tma globuna y\u00f6neliktir. Sat\u0131\u015f 1 kartonda (10 paket 200 t\u00fct\u00fcn \u00e7ubu\u011fu) yap\u0131lmaktad\u0131r. Glo HYPER versiyonlar\u0131 i\u00e7in uygundur. \u00c7ubuk bi\u00e7imi: NEO demi Polonya\u2019daki PMI fabrikas\u0131nda \u00fcretilmi\u015ftir 1 paket-20 \u00e7ubukta. 10\u2019luk bir karton kutuda Bright [&hellip;]<\/p>\n","protected":false},"featured_media":26305,"template":"","meta":[],"product_brand":[64],"product_cat":[76],"product_tag":[77,65,78,66,68,79,70,71,72,73],"class_list":{"0":"post-26267","1":"product","2":"type-product","3":"status-publish","4":"has-post-thumbnail","6":"product_brand-british-american-tobacco","7":"product_cat-hyper-neostiks-demi","8":"product_tag-glo","9":"product_tag-glo-fiyat","10":"product_tag-glo-neostiks-sigara","11":"product_tag-glo-sigara-al","12":"product_tag-kent-glo-al","13":"product_tag-kent-glo-sigara-al","14":"product_tag-kent-glo-turkiye","15":"product_tag-neostiks-al","16":"product_tag-neostiks-sigara","17":"product_tag-neostiks-sigara-al","19":"first","20":"instock","21":"shipping-taxable","22":"purchasable","23":"product-type-simple"},"_links":{"self":[{"href":"https:\/\/glonuo.com\/en\/wp-json\/wp\/v2\/product\/26267","targetHints":{"allow":["GET"]}}],"collection":[{"href":"https:\/\/glonuo.com\/en\/wp-json\/wp\/v2\/product"}],"about":[{"href":"https:\/\/glonuo.com\/en\/wp-json\/wp\/v2\/types\/product"}],"version-history":[{"count":1,"href":"https:\/\/glonuo.com\/en\/wp-json\/wp\/v2\/product\/26267\/revisions"}],"predecessor-version":[{"id":26306,"href":"https:\/\/glonuo.com\/en\/wp-json\/wp\/v2\/product\/26267\/revisions\/26306"}],"wp:featuredmedia":[{"embeddable":true,"href":"https:\/\/glonuo.com\/en\/wp-json\/wp\/v2\/media\/26305"}],"wp:attachment":[{"href":"https:\/\/glonuo.com\/en\/wp-json\/wp\/v2\/media?parent=26267"}],"wp:term":[{"taxonomy":"product_brand","embeddable":true,"href":"https:\/\/glonuo.com\/en\/wp-json\/wp\/v2\/product_brand?post=26267"},{"taxonomy":"product_cat","embeddable":true,"href":"https:\/\/glonuo.com\/en\/wp-json\/wp\/v2\/product_cat?post=26267"},{"taxonomy":"product_tag","embeddable":true,"href":"https:\/\/glonuo.com\/en\/wp-json\/wp\/v2\/product_tag?post=26267"}],"curies":[{"name":"wp","href":"https:\/\/api.w.org\/{rel}","templated":true}]}}