{"id":26271,"date":"2026-03-23T22:53:16","date_gmt":"2026-03-23T22:53:16","guid":{"rendered":"https:\/\/www.glonuo.com\/?post_type=product&#038;p=26271"},"modified":"2026-03-23T22:53:22","modified_gmt":"2026-03-23T22:53:22","slug":"glo-hyper-neostiks-sigara-brilliant-berry","status":"publish","type":"product","link":"https:\/\/glonuo.com\/en\/product\/glo-hyper-neostiks-sigara-brilliant-berry\/","title":{"rendered":"GLO Hyper Neostiks Sigara \u2013 Brilliant Berry"},"content":{"rendered":"<p><span style=\"font-size: 24px;\"><b>GLO Hyper Neostiks Sigara \u2013 Brilliant Berry&nbsp;<\/b><\/span><b><span style=\"color: rgb(31, 31, 31); font-family: &quot;Google Sans&quot;, Arial, sans-serif; font-size: 24px; text-wrap-mode: nowrap;\">Kazakistan<\/span><\/b><\/p>\n<p class=\"MsoNormal\">Brilliant Berry for GLO Hyper, Glo Hyper cihazlar\u0131ylakullan\u0131lmak \u00fczere \u00f6zel olarak haz\u0131rlanm\u0131\u015f, tatl\u0131 ve meyveli bir sigara i\u00e7medeneyimi sunan birinci s\u0131n\u0131f bir \u0131s\u0131tmal\u0131 t\u00fct\u00fcn \u00e7ubu\u011fudur. Bu kar\u0131\u015f\u0131m, y\u00fcksekkaliteli t\u00fct\u00fcn\u00fc canl\u0131 meyve aromalar\u0131yla birle\u015ftirerek zengin ve ferahlat\u0131c\u0131bir profil sunar. Lezzetli ve modern bir yanmayan \u0131s\u0131 alternatifinden ho\u015flanansigara i\u00e7enler i\u00e7in tasarlanan NEO Brilliant Berry, p\u00fcr\u00fczs\u00fcz ve tatmin edicibir sigara i\u00e7me deneyimi sa\u011flar. \u015e\u0131k ve renkli ambalaj, bu \u00fcr\u00fcn\u00fcn canl\u0131 vebirinci s\u0131n\u0131f \u00f6z\u00fcn\u00fc vurgular.<o:p><\/o:p><\/p>\n<\/p>\n<p class=\"MsoNormal\">NEO Brilliant Berry, daha yo\u011fun taze yaban mersini kremas\u0131aromas\u0131n\u0131 ortaya \u00e7\u0131karan bir kaps\u00fcl ile \u00e7i\u00e7eksi bir yaban mersini aromas\u0131nasahiptir.<\/p>\n<p class=\"MsoNormal\"><o:p><br \/><\/o:p><\/p>\n<p class=\"MsoNormal\"><b>1 pakette 20 adet t\u00fct\u00fcn \u00e7ubu\u011fu bulunur (20&#8217;li paket).<\/b><br \/><b>1 kartonda 10 paket 20 t\u00fct\u00fcn \u00e7ubu\u011fu bulunur. Toplam 200 adet t\u00fct\u00fcn \u00e7ubu\u011fu(200&#8217;l\u00fck kutu).<\/b><o:p><\/o:p><\/p>\n<ul style=\"margin-top:0cm\" type=\"disc\">\n<li class=\"MsoNormal\">Yaln\u0131zca     GLO Hyper serisi cihazlarla uyumludur.<o:p><\/o:p><\/li>\n<li class=\"MsoNormal\">Is\u0131t\u0131lm\u0131\u015f     t\u00fct\u00fcn; katran, duman veya k\u00fcl \u00fcretmez<o:p><\/o:p><\/li>\n<li class=\"MsoNormal\">Nikotin     i\u00e7erir<o:p><\/o:p><\/li>\n<li class=\"MsoNormal\">Lezzet     profili: Yaban Mersini Kremas\u0131 aromas\u0131<o:p><\/o:p><\/li>\n<\/ul>\n<p class=\"MsoNormal\"><o:p><\/o:p><\/p>\n<p class=\"MsoNormal\"><o:p>&nbsp;<\/o:p><\/p>\n<h1 style=\"font-family: &quot;Open Sans&quot;, sans-serif; color: rgb(0, 0, 0);\"><span style=\"font-size: 13px;\"><span style=\"color: rgb(31, 31, 31); font-family: &quot;Google Sans&quot;, Arial, sans-serif; font-size: 18px; text-wrap-mode: nowrap;\">Kazakistan<\/span><\/span><span style=\"font-size: 18px; color: inherit; font-family: inherit;\">\u2019daki PMI fabrikas\u0131nda \u00fcretilmi\u015ftir<\/span><\/h1>\n<h1 style=\"font-family: &quot;Open Sans&quot;, sans-serif; color: rgb(0, 0, 0);\">\n<p style=\"margin-bottom: 20px; --tw-border-spacing-x: 0; --tw-border-spacing-y: 0; --tw-translate-x: 0; --tw-translate-y: 0; --tw-rotate: 0; --tw-skew-x: 0; --tw-skew-y: 0; --tw-scale-x: 1; --tw-scale-y: 1; --tw-pan-x: ; --tw-pan-y: ; --tw-pinch-zoom: ; --tw-scroll-snap-strictness: proximity; --tw-gradient-from-position: ; --tw-gradient-via-position: ; --tw-gradient-to-position: ; --tw-ordinal: ; --tw-slashed-zero: ; --tw-numeric-figure: ; --tw-numeric-spacing: ; --tw-numeric-fraction: ; --tw-ring-inset: ; --tw-ring-offset-width: 0px; --tw-ring-offset-color: #fff; --tw-ring-color: rgba(59,130,246,.5); --tw-ring-offset-shadow: 0 0 #0000; --tw-ring-shadow: 0 0 #0000; --tw-shadow: 0 0 #0000; --tw-shadow-colored: 0 0 #0000; --tw-blur: ; --tw-brightness: ; --tw-contrast: ; --tw-grayscale: ; --tw-hue-rotate: ; --tw-invert: ; --tw-saturate: ; --tw-sepia: ; --tw-drop-shadow: ; --tw-backdrop-blur: ; --tw-backdrop-brightness: ; --tw-backdrop-contrast: ; --tw-backdrop-grayscale: ; --tw-backdrop-hue-rotate: ; --tw-backdrop-invert: ; --tw-backdrop-opacity: ; --tw-backdrop-saturate: ; --tw-backdrop-sepia: ; color: rgb(8, 11, 23); font-family: Jost, Arial, sans-serif; font-size: 16px;\"><font style=\"--tw-border-spacing-x: 0; --tw-border-spacing-y: 0; --tw-translate-x: 0; --tw-translate-y: 0; --tw-rotate: 0; --tw-skew-x: 0; --tw-skew-y: 0; --tw-scale-x: 1; --tw-scale-y: 1; --tw-pan-x: ; --tw-pan-y: ; --tw-pinch-zoom: ; --tw-scroll-snap-strictness: proximity; --tw-gradient-from-position: ; --tw-gradient-via-position: ; --tw-gradient-to-position: ; --tw-ordinal: ; --tw-slashed-zero: ; --tw-numeric-figure: ; --tw-numeric-spacing: ; --tw-numeric-fraction: ; --tw-ring-inset: ; --tw-ring-offset-width: 0px; --tw-ring-offset-color: #fff; --tw-ring-color: rgba(59,130,246,.5); --tw-ring-offset-shadow: 0 0 #0000; --tw-ring-shadow: 0 0 #0000; --tw-shadow: 0 0 #0000; --tw-shadow-colored: 0 0 #0000; --tw-blur: ; --tw-brightness: ; --tw-contrast: ; --tw-grayscale: ; --tw-hue-rotate: ; --tw-invert: ; --tw-saturate: ; --tw-sepia: ; --tw-drop-shadow: ; --tw-backdrop-blur: ; --tw-backdrop-brightness: ; --tw-backdrop-contrast: ; --tw-backdrop-grayscale: ; --tw-backdrop-hue-rotate: ; --tw-backdrop-invert: ; --tw-backdrop-opacity: ; --tw-backdrop-saturate: ; --tw-backdrop-sepia: ; vertical-align: inherit;\"><\/font><\/p>\n<\/h1>\n<h1 style=\"font-family: &quot;Open Sans&quot;, sans-serif; color: rgb(0, 0, 0);\">\n<p style=\"font-size: 13px;\">\n<p class=\"MsoNormal\" style=\"font-size: 13px;\"><span style=\"font-size: 18px;\">1 paket-20 \u00e7ubukta.<\/span><br \/><span style=\"font-size: 18px;\">10\u2019luk bir karton kutuda<\/span><\/p>\n<div><span style=\"font-size: 18px;\"><br \/><\/span><\/div>\n<\/h1>","protected":false},"excerpt":{"rendered":"<p>GLO Hyper Neostiks Sigara \u2013 Brilliant Berry&nbsp;Kazakistan Brilliant Berry for GLO Hyper, Glo Hyper cihazlar\u0131ylakullan\u0131lmak \u00fczere \u00f6zel olarak haz\u0131rlanm\u0131\u015f, tatl\u0131 ve meyveli bir sigara i\u00e7medeneyimi sunan birinci s\u0131n\u0131f bir \u0131s\u0131tmal\u0131 t\u00fct\u00fcn \u00e7ubu\u011fudur. Bu kar\u0131\u015f\u0131m, y\u00fcksekkaliteli t\u00fct\u00fcn\u00fc canl\u0131 meyve aromalar\u0131yla birle\u015ftirerek zengin ve ferahlat\u0131c\u0131bir profil sunar. Lezzetli ve modern bir yanmayan \u0131s\u0131 alternatifinden ho\u015flanansigara i\u00e7enler i\u00e7in [&hellip;]<\/p>\n","protected":false},"featured_media":26313,"template":"","meta":[],"product_brand":[64],"product_cat":[76],"product_tag":[90],"class_list":{"0":"post-26271","1":"product","2":"type-product","3":"status-publish","4":"has-post-thumbnail","6":"product_brand-british-american-tobacco","7":"product_cat-hyper-neostiks-demi","8":"product_tag-glo-hyper-neostiks-sigara-brilliant-berry","10":"first","11":"outofstock","12":"shipping-taxable","13":"purchasable","14":"product-type-simple"},"_links":{"self":[{"href":"https:\/\/glonuo.com\/en\/wp-json\/wp\/v2\/product\/26271","targetHints":{"allow":["GET"]}}],"collection":[{"href":"https:\/\/glonuo.com\/en\/wp-json\/wp\/v2\/product"}],"about":[{"href":"https:\/\/glonuo.com\/en\/wp-json\/wp\/v2\/types\/product"}],"version-history":[{"count":1,"href":"https:\/\/glonuo.com\/en\/wp-json\/wp\/v2\/product\/26271\/revisions"}],"predecessor-version":[{"id":26314,"href":"https:\/\/glonuo.com\/en\/wp-json\/wp\/v2\/product\/26271\/revisions\/26314"}],"wp:featuredmedia":[{"embeddable":true,"href":"https:\/\/glonuo.com\/en\/wp-json\/wp\/v2\/media\/26313"}],"wp:attachment":[{"href":"https:\/\/glonuo.com\/en\/wp-json\/wp\/v2\/media?parent=26271"}],"wp:term":[{"taxonomy":"product_brand","embeddable":true,"href":"https:\/\/glonuo.com\/en\/wp-json\/wp\/v2\/product_brand?post=26271"},{"taxonomy":"product_cat","embeddable":true,"href":"https:\/\/glonuo.com\/en\/wp-json\/wp\/v2\/product_cat?post=26271"},{"taxonomy":"product_tag","embeddable":true,"href":"https:\/\/glonuo.com\/en\/wp-json\/wp\/v2\/product_tag?post=26271"}],"curies":[{"name":"wp","href":"https:\/\/api.w.org\/{rel}","templated":true}]}}