{"id":26272,"date":"2026-03-23T22:53:16","date_gmt":"2026-03-23T22:53:16","guid":{"rendered":"https:\/\/www.glonuo.com\/?post_type=product&#038;p=26272"},"modified":"2026-03-23T22:53:23","modified_gmt":"2026-03-23T22:53:23","slug":"glo-hyper-neostiks-sigara-terracotta-tobacco","status":"publish","type":"product","link":"https:\/\/glonuo.com\/en\/product\/glo-hyper-neostiks-sigara-terracotta-tobacco\/","title":{"rendered":"GLO Hyper Neostiks Sigara \u2013 Terracotta Tobacco"},"content":{"rendered":"<p style=\"margin-bottom: 16px;\"><font color=\"#2d2d2d\"><span style=\"font-size: 24px;\"><b>GLO Hyper Neostiks Sigara \u2013 Terracotta Tobacco&nbsp;<\/b><\/span><\/font><b><span style=\"color: rgb(31, 31, 31); font-family: &quot;Google Sans&quot;, Arial, sans-serif; font-size: 24px; text-wrap-mode: nowrap;\">Kazakistan<\/span><\/b><\/p>\n<p style=\"margin-bottom: 16px;\"><font color=\"#2d2d2d\"><span style=\"font-size: 24px;\"><b>&nbsp;<\/b><\/span><\/font><span style=\"color: rgb(45, 45, 45); font-size: 14px;\">Ger\u00e7ek t\u00fct\u00fcn\u00fcn tad\u0131ndan daha kal\u0131n format, daha dolgun izlenimler * Bu t\u00fct\u00fcn, glo \u2122 Hyper ile uyumludur<\/span><\/p>\n<p style=\"margin-bottom: 16px; color: rgb(45, 45, 45); font-size: 14px;\">T\u00fct\u00fcn \u00fcr\u00fcnleri yaln\u0131zca elektrikli \u0131s\u0131tma globuna y\u00f6neliktir. Sat\u0131\u015f 1 kartonda (10 paket 200 t\u00fct\u00fcn \u00e7ubu\u011fu) yap\u0131lmaktad\u0131r.<br \/>Glo HYPER versiyonlar\u0131 i\u00e7in uygundur.<\/p>\n<p style=\"margin-bottom: 16px; color: rgb(45, 45, 45); font-size: 14px;\">\u00c7ubuk bi\u00e7imi: NEO demi<\/p>\n<p style=\"margin-bottom: 16px; color: rgb(45, 45, 45); font-size: 14px;\"><span style=\"color: rgb(0, 0, 0); font-size: 13px;\"><span style=\"color: rgb(31, 31, 31); font-family: &quot;Google Sans&quot;, Arial, sans-serif; font-size: 18px; text-wrap-mode: nowrap;\">Kazakistan<\/span><\/span><span style=\"font-size: 18px;\"><\/span><span style=\"font-size: 18px;\">\u2019 daki PMI fabrikas\u0131nda \u00fcretilmi\u015ftir<\/span><\/p>\n<p style=\"margin-bottom: 16px; color: rgb(45, 45, 45); font-size: 14px;\"><span style=\"font-size: 18px;\">1 paket-20 \u00e7ubukta.<\/span><br \/><span style=\"font-size: 18px;\">10\u2019luk bir karton kutuda<\/span><\/p>\n<p style=\"margin-bottom: 16px; color: rgb(45, 45, 45); font-size: 14px;\"><\/p>\n<p style=\"margin-bottom: 16px; color: rgb(45, 45, 45); font-size: 14px;\"><\/p>","protected":false},"excerpt":{"rendered":"<p>GLO Hyper Neostiks Sigara \u2013 Terracotta Tobacco&nbsp;Kazakistan &nbsp;Ger\u00e7ek t\u00fct\u00fcn\u00fcn tad\u0131ndan daha kal\u0131n format, daha dolgun izlenimler * Bu t\u00fct\u00fcn, glo \u2122 Hyper ile uyumludur T\u00fct\u00fcn \u00fcr\u00fcnleri yaln\u0131zca elektrikli \u0131s\u0131tma globuna y\u00f6neliktir. Sat\u0131\u015f 1 kartonda (10 paket 200 t\u00fct\u00fcn \u00e7ubu\u011fu) yap\u0131lmaktad\u0131r.Glo HYPER versiyonlar\u0131 i\u00e7in uygundur. \u00c7ubuk bi\u00e7imi: NEO demi Kazakistan\ufeff\u2019 daki PMI fabrikas\u0131nda \u00fcretilmi\u015ftir 1 paket-20 [&hellip;]<\/p>\n","protected":false},"featured_media":26315,"template":"","meta":[],"product_brand":[64],"product_cat":[76],"product_tag":[77,65,78,66,68,79,70,71,72,73],"class_list":{"0":"post-26272","1":"product","2":"type-product","3":"status-publish","4":"has-post-thumbnail","6":"product_brand-british-american-tobacco","7":"product_cat-hyper-neostiks-demi","8":"product_tag-glo","9":"product_tag-glo-fiyat","10":"product_tag-glo-neostiks-sigara","11":"product_tag-glo-sigara-al","12":"product_tag-kent-glo-al","13":"product_tag-kent-glo-sigara-al","14":"product_tag-kent-glo-turkiye","15":"product_tag-neostiks-al","16":"product_tag-neostiks-sigara","17":"product_tag-neostiks-sigara-al","19":"first","20":"outofstock","21":"shipping-taxable","22":"purchasable","23":"product-type-simple"},"_links":{"self":[{"href":"https:\/\/glonuo.com\/en\/wp-json\/wp\/v2\/product\/26272","targetHints":{"allow":["GET"]}}],"collection":[{"href":"https:\/\/glonuo.com\/en\/wp-json\/wp\/v2\/product"}],"about":[{"href":"https:\/\/glonuo.com\/en\/wp-json\/wp\/v2\/types\/product"}],"version-history":[{"count":1,"href":"https:\/\/glonuo.com\/en\/wp-json\/wp\/v2\/product\/26272\/revisions"}],"predecessor-version":[{"id":26316,"href":"https:\/\/glonuo.com\/en\/wp-json\/wp\/v2\/product\/26272\/revisions\/26316"}],"wp:featuredmedia":[{"embeddable":true,"href":"https:\/\/glonuo.com\/en\/wp-json\/wp\/v2\/media\/26315"}],"wp:attachment":[{"href":"https:\/\/glonuo.com\/en\/wp-json\/wp\/v2\/media?parent=26272"}],"wp:term":[{"taxonomy":"product_brand","embeddable":true,"href":"https:\/\/glonuo.com\/en\/wp-json\/wp\/v2\/product_brand?post=26272"},{"taxonomy":"product_cat","embeddable":true,"href":"https:\/\/glonuo.com\/en\/wp-json\/wp\/v2\/product_cat?post=26272"},{"taxonomy":"product_tag","embeddable":true,"href":"https:\/\/glonuo.com\/en\/wp-json\/wp\/v2\/product_tag?post=26272"}],"curies":[{"name":"wp","href":"https:\/\/api.w.org\/{rel}","templated":true}]}}