{"id":26275,"date":"2026-03-23T22:53:16","date_gmt":"2026-03-23T22:53:16","guid":{"rendered":"https:\/\/www.glonuo.com\/?post_type=product&#038;p=26275"},"modified":"2026-03-29T10:46:40","modified_gmt":"2026-03-29T10:46:40","slug":"kent-glo-sigara-isitma-cihazi-pro-aqua","status":"publish","type":"product","link":"https:\/\/glonuo.com\/en\/product\/kent-glo-sigara-isitma-cihazi-pro-aqua\/","title":{"rendered":"Kent Glo Sigara Is\u0131tma Cihaz\u0131 Pro \u2013 Aqua"},"content":{"rendered":"<p style=\"margin-bottom: 16px; color: rgb(45, 45, 45); font-size: 14px;\">Geli\u015ftirilmi\u015f Boost Mode<\/p>\n<p style=\"margin-bottom: 16px; color: rgb(45, 45, 45); font-size: 14px;\">4 Dakika i\u00e7im s\u00fcresi<\/p>\n<p style=\"margin-bottom: 16px; color: rgb(45, 45, 45); font-size: 14px;\">Tek \u015farj ile 40 tekil sigara i\u00e7menize yard\u0131mc\u0131 olur.<\/p>\n<p style=\"margin-bottom: 16px; color: rgb(45, 45, 45); font-size: 14px;\"><\/p>\n<p style=\"margin-bottom: 16px; color: rgb(45, 45, 45); font-size: 14px;\"><\/p>","protected":false},"excerpt":{"rendered":"<p>Geli\u015ftirilmi\u015f Boost Mode 4 Dakika i\u00e7im s\u00fcresi Tek \u015farj ile 40 tekil sigara i\u00e7menize yard\u0131mc\u0131 olur.<\/p>","protected":false},"featured_media":26321,"template":"","meta":[],"product_brand":[64],"product_cat":[15,92],"product_tag":[77,68,80,81,82,84,85,69,93],"class_list":{"0":"post-26275","1":"product","2":"type-product","3":"status-publish","4":"has-post-thumbnail","6":"product_brand-british-american-tobacco","7":"product_cat-cihazlar","8":"product_cat-glo-cihazlarglo-pro","9":"product_tag-glo","10":"product_tag-kent-glo-al","11":"product_tag-kent-glo-cihaz","12":"product_tag-kent-glo-cihaz-al","13":"product_tag-kent-glo-fiyat","14":"product_tag-kent-glo-istanbul","15":"product_tag-kent-glo-neostiks","16":"product_tag-kent-glo-sigara","17":"product_tag-kent-glo-sigara-isitma-cihazi","19":"first","20":"outofstock","21":"shipping-taxable","22":"purchasable","23":"product-type-simple"},"_links":{"self":[{"href":"https:\/\/glonuo.com\/en\/wp-json\/wp\/v2\/product\/26275","targetHints":{"allow":["GET"]}}],"collection":[{"href":"https:\/\/glonuo.com\/en\/wp-json\/wp\/v2\/product"}],"about":[{"href":"https:\/\/glonuo.com\/en\/wp-json\/wp\/v2\/types\/product"}],"version-history":[{"count":1,"href":"https:\/\/glonuo.com\/en\/wp-json\/wp\/v2\/product\/26275\/revisions"}],"predecessor-version":[{"id":26322,"href":"https:\/\/glonuo.com\/en\/wp-json\/wp\/v2\/product\/26275\/revisions\/26322"}],"wp:featuredmedia":[{"embeddable":true,"href":"https:\/\/glonuo.com\/en\/wp-json\/wp\/v2\/media\/26321"}],"wp:attachment":[{"href":"https:\/\/glonuo.com\/en\/wp-json\/wp\/v2\/media?parent=26275"}],"wp:term":[{"taxonomy":"product_brand","embeddable":true,"href":"https:\/\/glonuo.com\/en\/wp-json\/wp\/v2\/product_brand?post=26275"},{"taxonomy":"product_cat","embeddable":true,"href":"https:\/\/glonuo.com\/en\/wp-json\/wp\/v2\/product_cat?post=26275"},{"taxonomy":"product_tag","embeddable":true,"href":"https:\/\/glonuo.com\/en\/wp-json\/wp\/v2\/product_tag?post=26275"}],"curies":[{"name":"wp","href":"https:\/\/api.w.org\/{rel}","templated":true}]}}