{"id":26281,"date":"2026-03-23T22:53:16","date_gmt":"2026-03-23T22:53:16","guid":{"rendered":"https:\/\/www.glonuo.com\/?post_type=product&#038;p=26281"},"modified":"2026-03-23T22:53:26","modified_gmt":"2026-03-23T22:53:26","slug":"glo-neostiks-sigara-boost-scarlet","status":"publish","type":"product","link":"https:\/\/glonuo.com\/en\/product\/glo-neostiks-sigara-boost-scarlet\/","title":{"rendered":"Glo Neostiks Sigara \u2013 Boost Scarlet"},"content":{"rendered":"<p style=\"margin-bottom: 16px; color: rgb(45, 45, 45); font-size: 14px;\">T\u00fct\u00fcn\u00fcn meyve notalar\u0131yla ve karamel tad\u0131nda kaps\u00fcllerle dengeli kombinasyonu<\/p>\n<p style=\"margin-bottom: 16px; color: rgb(45, 45, 45); font-size: 14px;\">T\u00fct\u00fcn \u00fcr\u00fcnleri yaln\u0131zca elektrikli \u0131s\u0131tma globuna y\u00f6neliktir. Sat\u0131\u015f 1 kartonda (10 paket 200 t\u00fct\u00fcn \u00e7ubu\u011fu) yap\u0131lmaktad\u0131r.<br \/>Glo 1, glo 2, glo mini, glo Pro ve glo nano versiyonlar\u0131 i\u00e7in uygundur.<\/p>\n<p style=\"margin-bottom: 16px; color: rgb(45, 45, 45); font-size: 14px;\">\u00c7ubuk bi\u00e7imi: NEO nano<\/p>\n<p style=\"margin-bottom: 16px; color: rgb(45, 45, 45); font-size: 14px;\">Orta Asya\u2019daki PMI fabrikas\u0131nda \u00fcretilmi\u015ftir<\/p>\n<p style=\"margin-bottom: 16px; color: rgb(45, 45, 45); font-size: 14px;\">1 paket-20 \u00e7ubukta.<br \/>10\u2019luk bir karton kutuda<\/p>\n<p style=\"margin-bottom: 16px; color: rgb(45, 45, 45); font-size: 14px;\"><\/p>\n<p style=\"margin-bottom: 16px; color: rgb(45, 45, 45); font-size: 14px;\"><\/p>","protected":false},"excerpt":{"rendered":"<p>T\u00fct\u00fcn\u00fcn meyve notalar\u0131yla ve karamel tad\u0131nda kaps\u00fcllerle dengeli kombinasyonu T\u00fct\u00fcn \u00fcr\u00fcnleri yaln\u0131zca elektrikli \u0131s\u0131tma globuna y\u00f6neliktir. Sat\u0131\u015f 1 kartonda (10 paket 200 t\u00fct\u00fcn \u00e7ubu\u011fu) yap\u0131lmaktad\u0131r.Glo 1, glo 2, glo mini, glo Pro ve glo nano versiyonlar\u0131 i\u00e7in uygundur. \u00c7ubuk bi\u00e7imi: NEO nano Orta Asya\u2019daki PMI fabrikas\u0131nda \u00fcretilmi\u015ftir 1 paket-20 \u00e7ubukta.10\u2019luk bir karton kutuda<\/p>","protected":false},"featured_media":26333,"template":"","meta":[],"product_brand":[64],"product_cat":[88],"product_tag":[77,65,78,66,68,79,70,71,72,73],"class_list":{"0":"post-26281","1":"product","2":"type-product","3":"status-publish","4":"has-post-thumbnail","6":"product_brand-british-american-tobacco","7":"product_cat-neostiks-nano","8":"product_tag-glo","9":"product_tag-glo-fiyat","10":"product_tag-glo-neostiks-sigara","11":"product_tag-glo-sigara-al","12":"product_tag-kent-glo-al","13":"product_tag-kent-glo-sigara-al","14":"product_tag-kent-glo-turkiye","15":"product_tag-neostiks-al","16":"product_tag-neostiks-sigara","17":"product_tag-neostiks-sigara-al","19":"first","20":"instock","21":"shipping-taxable","22":"purchasable","23":"product-type-simple"},"_links":{"self":[{"href":"https:\/\/glonuo.com\/en\/wp-json\/wp\/v2\/product\/26281","targetHints":{"allow":["GET"]}}],"collection":[{"href":"https:\/\/glonuo.com\/en\/wp-json\/wp\/v2\/product"}],"about":[{"href":"https:\/\/glonuo.com\/en\/wp-json\/wp\/v2\/types\/product"}],"version-history":[{"count":1,"href":"https:\/\/glonuo.com\/en\/wp-json\/wp\/v2\/product\/26281\/revisions"}],"predecessor-version":[{"id":26334,"href":"https:\/\/glonuo.com\/en\/wp-json\/wp\/v2\/product\/26281\/revisions\/26334"}],"wp:featuredmedia":[{"embeddable":true,"href":"https:\/\/glonuo.com\/en\/wp-json\/wp\/v2\/media\/26333"}],"wp:attachment":[{"href":"https:\/\/glonuo.com\/en\/wp-json\/wp\/v2\/media?parent=26281"}],"wp:term":[{"taxonomy":"product_brand","embeddable":true,"href":"https:\/\/glonuo.com\/en\/wp-json\/wp\/v2\/product_brand?post=26281"},{"taxonomy":"product_cat","embeddable":true,"href":"https:\/\/glonuo.com\/en\/wp-json\/wp\/v2\/product_cat?post=26281"},{"taxonomy":"product_tag","embeddable":true,"href":"https:\/\/glonuo.com\/en\/wp-json\/wp\/v2\/product_tag?post=26281"}],"curies":[{"name":"wp","href":"https:\/\/api.w.org\/{rel}","templated":true}]}}