{"id":26288,"date":"2026-03-23T22:53:17","date_gmt":"2026-03-23T22:53:17","guid":{"rendered":"https:\/\/www.glonuo.com\/?post_type=product&#038;p=26288"},"modified":"2026-03-29T10:46:20","modified_gmt":"2026-03-29T10:46:20","slug":"glo-hyper-x2-beyaz-gold","status":"publish","type":"product","link":"https:\/\/glonuo.com\/en\/product\/glo-hyper-x2-beyaz-gold\/","title":{"rendered":"GLO HYPER X2 Beyaz Gold"},"content":{"rendered":"<h1><b>GLO HYPER X2 \u2013 Beyaz Gold<\/b><\/h1>\n<h5 data-v-37cd3f93=\"\" style=\"font-family: Montserrat, &quot;Helvetica Neue&quot;, Helvetica, Arial, sans-serif; font-weight: 700; line-height: 16px; color: rgb(58, 58, 58); margin-bottom: 0.5rem; font-size: 16px;\">Tek Seferde \u0130\u00e7im S\u00fcresi<\/h5>\n<h5 data-v-37cd3f93=\"\" style=\"font-family: Montserrat, &quot;Helvetica Neue&quot;, Helvetica, Arial, sans-serif; font-weight: 700; line-height: 16px; color: rgb(58, 58, 58); margin-top: 10px; margin-bottom: 0.5rem; font-size: 16px;\"><span data-v-37cd3f93=\"\" style=\"color: rgb(111, 111, 111); font-size: 14px; font-weight: 400;\">3 dakika \u2013 Boost Modu<br data-v-37cd3f93=\"\">4 dakika \u2013 Standart Mod<\/span><br \/><\/h5>\n<h1 style=\"font-family: &quot;Open Sans&quot;, sans-serif; color: rgb(0, 0, 0);\">\n<hr data-v-37cd3f93=\"\" style=\"margin: 10px 0px 20px; border-top-color: rgba(0, 0, 0, 0.1); color: rgb(33, 37, 41); font-family: Montserrat, &quot;Helvetica Neue&quot;, Helvetica, Arial, sans-serif; font-size: 14px; overflow: visible; width: 189.984px; background: rgb(111, 111, 111);\"><\/h1>\n<h5 data-v-37cd3f93=\"\" style=\"font-family: Montserrat, &quot;Helvetica Neue&quot;, Helvetica, Arial, sans-serif; font-weight: 700; line-height: 16px; color: rgb(58, 58, 58); margin-top: 10px; margin-bottom: 0.5rem; font-size: 16px;\">Boost Fonksiyonu<\/h5>\n<h1 style=\"font-family: &quot;Open Sans&quot;, sans-serif; color: rgb(0, 0, 0);\">\n<p data-v-37cd3f93=\"\" style=\"margin-bottom: 1rem; font-size: 14px; color: rgb(58, 58, 58); font-family: Montserrat, &quot;Helvetica Neue&quot;, Helvetica, Arial, sans-serif;\"><span data-v-37cd3f93=\"\" style=\"color: rgb(111, 111, 111);\">Evet<\/span><\/p>\n<hr data-v-37cd3f93=\"\" style=\"margin: 10px 0px 20px; border-top-color: rgba(0, 0, 0, 0.1); color: rgb(33, 37, 41); font-family: Montserrat, &quot;Helvetica Neue&quot;, Helvetica, Arial, sans-serif; font-size: 14px; overflow: visible; width: 189.984px; background: rgb(111, 111, 111);\"><\/h1>\n<h5 data-v-37cd3f93=\"\" style=\"font-family: Montserrat, &quot;Helvetica Neue&quot;, Helvetica, Arial, sans-serif; font-weight: 700; line-height: 16px; color: rgb(58, 58, 58); margin-top: 10px; margin-bottom: 0.5rem; font-size: 16px;\">Maksimum Is\u0131 Derecesi<\/h5>\n<h1 style=\"font-family: &quot;Open Sans&quot;, sans-serif; color: rgb(0, 0, 0);\">\n<p data-v-37cd3f93=\"\" style=\"margin-bottom: 1rem; font-size: 14px; color: rgb(58, 58, 58); font-family: Montserrat, &quot;Helvetica Neue&quot;, Helvetica, Arial, sans-serif;\"><span data-v-37cd3f93=\"\" style=\"color: rgb(111, 111, 111);\">270\u00b0C \u2013 Boost Modu<br data-v-37cd3f93=\"\">250\u00b0C \u2013 Standart Mod<\/span><\/p>\n<hr data-v-37cd3f93=\"\" style=\"margin: 10px 0px 20px; border-top-color: rgba(0, 0, 0, 0.1); color: rgb(33, 37, 41); font-family: Montserrat, &quot;Helvetica Neue&quot;, Helvetica, Arial, sans-serif; font-size: 14px; overflow: visible; width: 189.984px; background: rgb(111, 111, 111);\"><\/h1>\n<h5 data-v-37cd3f93=\"\" style=\"font-family: Montserrat, &quot;Helvetica Neue&quot;, Helvetica, Arial, sans-serif; font-weight: 700; line-height: 16px; color: rgb(58, 58, 58); margin-top: 10px; margin-bottom: 0.5rem; font-size: 16px;\">\u0130\u00e7ime Haz\u0131r Olma Zaman\u0131<\/h5>\n<h1 style=\"font-family: &quot;Open Sans&quot;, sans-serif; color: rgb(0, 0, 0);\">\n<p data-v-37cd3f93=\"\" style=\"margin-bottom: 1rem; font-size: 14px; color: rgb(58, 58, 58); font-family: Montserrat, &quot;Helvetica Neue&quot;, Helvetica, Arial, sans-serif;\"><span data-v-37cd3f93=\"\" style=\"color: rgb(111, 111, 111);\">15 saniye \u2013 Boost Modu<br data-v-37cd3f93=\"\">20 saniye \u2013 Standart Mod<\/span><\/p>\n<\/h1>\n<h1 style=\"font-family: &quot;Open Sans&quot;, sans-serif; color: rgb(0, 0, 0);\">\n<hr data-v-37cd3f93=\"\" style=\"margin: 10px 0px 20px; border-top-color: rgba(0, 0, 0, 0.1); color: rgb(33, 37, 41); font-family: Montserrat, &quot;Helvetica Neue&quot;, Helvetica, Arial, sans-serif; font-size: 14px; overflow: visible; width: 189.984px; background: rgb(111, 111, 111);\"><\/h1>\n<h5 data-v-37cd3f93=\"\" style=\"font-family: Montserrat, &quot;Helvetica Neue&quot;, Helvetica, Arial, sans-serif; font-weight: 700; line-height: 16px; color: rgb(58, 58, 58); margin-top: 10px; margin-bottom: 0.5rem; font-size: 16px;\"><b style=\"color: rgb(61, 61, 61); font-family: &quot;IBM Plex Sans&quot;;\">K\u0130T \u0130\u00c7ER\u0130\u011e\u0130NDE NELER VAR?<\/b><br \/><\/h5>\n<h1 style=\"font-family: &quot;Open Sans&quot;, sans-serif; color: rgb(0, 0, 0);\">\n<ul>\n<li style=\"margin-bottom: 0.8em; font-size: 16px; color: rgb(61, 61, 61); font-family: &quot;IBM Plex Sans&quot;;\"><font style=\"vertical-align: inherit;\">GLO hyper X2+ t\u00fct\u00fcn \u0131s\u0131t\u0131c\u0131s\u0131<\/font><\/li>\n<li style=\"margin-bottom: 0.8em; font-size: 16px; color: rgb(61, 61, 61); font-family: &quot;IBM Plex Sans&quot;;\"><font style=\"vertical-align: inherit;\">GLO hyper+ Temizleyici<\/font><\/li>\n<li style=\"margin-bottom: 0.8em; font-size: 16px; color: rgb(61, 61, 61); font-family: &quot;IBM Plex Sans&quot;;\"><font style=\"vertical-align: inherit;\">USB C kablosu<\/font><\/li>\n<li style=\"margin-bottom: 0.8em; font-size: 16px; color: rgb(61, 61, 61); font-family: &quot;IBM Plex Sans&quot;;\"><font style=\"vertical-align: inherit;\">Kullan\u0131m talimatlar\u0131<\/font><\/li>\n<\/ul>\n<\/h1>","protected":false},"excerpt":{"rendered":"<p>GLO HYPER X2 \u2013 Beyaz Gold Tek Seferde \u0130\u00e7im S\u00fcresi 3 dakika \u2013 Boost Modu4 dakika \u2013 Standart Mod Boost Fonksiyonu Evet Maksimum Is\u0131 Derecesi 270\u00b0C \u2013 Boost Modu250\u00b0C \u2013 Standart Mod \u0130\u00e7ime Haz\u0131r Olma Zaman\u0131 15 saniye \u2013 Boost Modu20 saniye \u2013 Standart Mod K\u0130T \u0130\u00c7ER\u0130\u011e\u0130NDE NELER VAR? GLO hyper X2+ t\u00fct\u00fcn \u0131s\u0131t\u0131c\u0131s\u0131 GLO [&hellip;]<\/p>\n","protected":false},"featured_media":26345,"template":"","meta":[],"product_brand":[64],"product_cat":[15,95],"product_tag":[100],"class_list":{"0":"post-26288","1":"product","2":"type-product","3":"status-publish","4":"has-post-thumbnail","6":"product_brand-british-american-tobacco","7":"product_cat-cihazlar","8":"product_cat-glo-hyper-x2","9":"product_tag-glo-hyper-x2-beyaz-gold","11":"first","12":"outofstock","13":"shipping-taxable","14":"purchasable","15":"product-type-simple"},"_links":{"self":[{"href":"https:\/\/glonuo.com\/en\/wp-json\/wp\/v2\/product\/26288","targetHints":{"allow":["GET"]}}],"collection":[{"href":"https:\/\/glonuo.com\/en\/wp-json\/wp\/v2\/product"}],"about":[{"href":"https:\/\/glonuo.com\/en\/wp-json\/wp\/v2\/types\/product"}],"version-history":[{"count":1,"href":"https:\/\/glonuo.com\/en\/wp-json\/wp\/v2\/product\/26288\/revisions"}],"predecessor-version":[{"id":26346,"href":"https:\/\/glonuo.com\/en\/wp-json\/wp\/v2\/product\/26288\/revisions\/26346"}],"wp:featuredmedia":[{"embeddable":true,"href":"https:\/\/glonuo.com\/en\/wp-json\/wp\/v2\/media\/26345"}],"wp:attachment":[{"href":"https:\/\/glonuo.com\/en\/wp-json\/wp\/v2\/media?parent=26288"}],"wp:term":[{"taxonomy":"product_brand","embeddable":true,"href":"https:\/\/glonuo.com\/en\/wp-json\/wp\/v2\/product_brand?post=26288"},{"taxonomy":"product_cat","embeddable":true,"href":"https:\/\/glonuo.com\/en\/wp-json\/wp\/v2\/product_cat?post=26288"},{"taxonomy":"product_tag","embeddable":true,"href":"https:\/\/glonuo.com\/en\/wp-json\/wp\/v2\/product_tag?post=26288"}],"curies":[{"name":"wp","href":"https:\/\/api.w.org\/{rel}","templated":true}]}}