{"id":26374,"date":"2026-03-23T22:53:31","date_gmt":"2026-03-23T22:53:31","guid":{"rendered":"https:\/\/www.glonuo.com\/?post_type=product&#038;p=26374"},"modified":"2026-03-23T22:53:43","modified_gmt":"2026-03-23T22:53:43","slug":"glo-nuo-blueberry-click-sigara","status":"publish","type":"product","link":"https:\/\/glonuo.com\/en\/product\/glo-nuo-blueberry-click-sigara\/","title":{"rendered":"GLO Nuo Blueberry Click Sigara"},"content":{"rendered":"<h2>GLO Nuo Blueberry Click Sigara (Yabanmersini Aromal\u0131)<\/h2>\n<h1 style=\"margin-top: 20px; margin-bottom: 10px;\"><font color=\"#080b17\" face=\"Jost, Arial, sans-serif\"><span style=\"font-size: 20px;\">GLO Nuo Blueberry Click<\/span><\/font><span style=\"color: rgb(8, 11, 23); font-size: 20px; font-family: Jost, Arial, sans-serif;\">, yaban mersini aromal\u0131 ve hafif bir t\u00fct\u00fcn aromas\u0131na sahiptir. Sadece Glo Hyper serisi cihazlarla kullan\u0131labilir.<\/span><\/h1>\n<h1 style=\"margin-top: 20px; margin-bottom: 10px; font-size: 3.6rem; color: rgb(29, 29, 29);\">\n<p style=\"margin-bottom: 20px; --tw-border-spacing-x: 0; --tw-border-spacing-y: 0; --tw-translate-x: 0; --tw-translate-y: 0; --tw-rotate: 0; --tw-skew-x: 0; --tw-skew-y: 0; --tw-scale-x: 1; --tw-scale-y: 1; --tw-pan-x: ; --tw-pan-y: ; --tw-pinch-zoom: ; --tw-scroll-snap-strictness: proximity; --tw-gradient-from-position: ; --tw-gradient-via-position: ; --tw-gradient-to-position: ; --tw-ordinal: ; --tw-slashed-zero: ; --tw-numeric-figure: ; --tw-numeric-spacing: ; --tw-numeric-fraction: ; --tw-ring-inset: ; --tw-ring-offset-width: 0px; --tw-ring-offset-color: #fff; --tw-ring-color: rgba(59,130,246,.5); --tw-ring-offset-shadow: 0 0 #0000; --tw-ring-shadow: 0 0 #0000; --tw-shadow: 0 0 #0000; --tw-shadow-colored: 0 0 #0000; --tw-blur: ; --tw-brightness: ; --tw-contrast: ; --tw-grayscale: ; --tw-hue-rotate: ; --tw-invert: ; --tw-saturate: ; --tw-sepia: ; --tw-drop-shadow: ; --tw-backdrop-blur: ; --tw-backdrop-brightness: ; --tw-backdrop-contrast: ; --tw-backdrop-grayscale: ; --tw-backdrop-hue-rotate: ; --tw-backdrop-invert: ; --tw-backdrop-opacity: ; --tw-backdrop-saturate: ; --tw-backdrop-sepia: ; color: rgb(8, 11, 23); font-family: Jost, Arial, sans-serif; font-size: 16px;\">Fiyat karton ba\u015f\u0131nad\u0131r. 1 kartonda 10 paket x 20 \u00e7ubuk = 200 \u00e7ubuk bulunur.<\/p>\n<p style=\"margin-bottom: 20px; --tw-border-spacing-x: 0; --tw-border-spacing-y: 0; --tw-translate-x: 0; --tw-translate-y: 0; --tw-rotate: 0; --tw-skew-x: 0; --tw-skew-y: 0; --tw-scale-x: 1; --tw-scale-y: 1; --tw-pan-x: ; --tw-pan-y: ; --tw-pinch-zoom: ; --tw-scroll-snap-strictness: proximity; --tw-gradient-from-position: ; --tw-gradient-via-position: ; --tw-gradient-to-position: ; --tw-ordinal: ; --tw-slashed-zero: ; --tw-numeric-figure: ; --tw-numeric-spacing: ; --tw-numeric-fraction: ; --tw-ring-inset: ; --tw-ring-offset-width: 0px; --tw-ring-offset-color: #fff; --tw-ring-color: rgba(59,130,246,.5); --tw-ring-offset-shadow: 0 0 #0000; --tw-ring-shadow: 0 0 #0000; --tw-shadow: 0 0 #0000; --tw-shadow-colored: 0 0 #0000; --tw-blur: ; --tw-brightness: ; --tw-contrast: ; --tw-grayscale: ; --tw-hue-rotate: ; --tw-invert: ; --tw-saturate: ; --tw-sepia: ; --tw-drop-shadow: ; --tw-backdrop-blur: ; --tw-backdrop-brightness: ; --tw-backdrop-contrast: ; --tw-backdrop-grayscale: ; --tw-backdrop-hue-rotate: ; --tw-backdrop-invert: ; --tw-backdrop-opacity: ; --tw-backdrop-saturate: ; --tw-backdrop-sepia: ; color: rgb(8, 11, 23); font-family: Jost, Arial, sans-serif; font-size: 16px;\">\n<p style=\"margin-bottom: 20px; --tw-border-spacing-x: 0; --tw-border-spacing-y: 0; --tw-translate-x: 0; --tw-translate-y: 0; --tw-rotate: 0; --tw-skew-x: 0; --tw-skew-y: 0; --tw-scale-x: 1; --tw-scale-y: 1; --tw-pan-x: ; --tw-pan-y: ; --tw-pinch-zoom: ; --tw-scroll-snap-strictness: proximity; --tw-gradient-from-position: ; --tw-gradient-via-position: ; --tw-gradient-to-position: ; --tw-ordinal: ; --tw-slashed-zero: ; --tw-numeric-figure: ; --tw-numeric-spacing: ; --tw-numeric-fraction: ; --tw-ring-inset: ; --tw-ring-offset-width: 0px; --tw-ring-offset-color: #fff; --tw-ring-color: rgba(59,130,246,.5); --tw-ring-offset-shadow: 0 0 #0000; --tw-ring-shadow: 0 0 #0000; --tw-shadow: 0 0 #0000; --tw-shadow-colored: 0 0 #0000; --tw-blur: ; --tw-brightness: ; --tw-contrast: ; --tw-grayscale: ; --tw-hue-rotate: ; --tw-invert: ; --tw-saturate: ; --tw-sepia: ; --tw-drop-shadow: ; --tw-backdrop-blur: ; --tw-backdrop-brightness: ; --tw-backdrop-contrast: ; --tw-backdrop-grayscale: ; --tw-backdrop-hue-rotate: ; --tw-backdrop-invert: ; --tw-backdrop-opacity: ; --tw-backdrop-saturate: ; --tw-backdrop-sepia: ; color: rgb(8, 11, 23); font-family: Jost, Arial, sans-serif; font-size: 16px;\"><font style=\"--tw-border-spacing-x: 0; --tw-border-spacing-y: 0; --tw-translate-x: 0; --tw-translate-y: 0; --tw-rotate: 0; --tw-skew-x: 0; --tw-skew-y: 0; --tw-scale-x: 1; --tw-scale-y: 1; --tw-pan-x: ; --tw-pan-y: ; --tw-pinch-zoom: ; --tw-scroll-snap-strictness: proximity; --tw-gradient-from-position: ; --tw-gradient-via-position: ; --tw-gradient-to-position: ; --tw-ordinal: ; --tw-slashed-zero: ; --tw-numeric-figure: ; --tw-numeric-spacing: ; --tw-numeric-fraction: ; --tw-ring-inset: ; --tw-ring-offset-width: 0px; --tw-ring-offset-color: #fff; --tw-ring-color: rgba(59,130,246,.5); --tw-ring-offset-shadow: 0 0 #0000; --tw-ring-shadow: 0 0 #0000; --tw-shadow: 0 0 #0000; --tw-shadow-colored: 0 0 #0000; --tw-blur: ; --tw-brightness: ; --tw-contrast: ; --tw-grayscale: ; --tw-hue-rotate: ; --tw-invert: ; --tw-saturate: ; --tw-sepia: ; --tw-drop-shadow: ; --tw-backdrop-blur: ; --tw-backdrop-brightness: ; --tw-backdrop-contrast: ; --tw-backdrop-grayscale: ; --tw-backdrop-hue-rotate: ; --tw-backdrop-invert: ; --tw-backdrop-opacity: ; --tw-backdrop-saturate: ; --tw-backdrop-sepia: ; vertical-align: inherit;\">\u00d6zellikle glo\u2122 i\u00e7in tasarlanm\u0131\u015f birinci s\u0131n\u0131f t\u00fct\u00fcn kar\u0131\u015f\u0131mlar\u0131.<\/font><\/p>\n<p><span style=\"font-weight: 700;\"><br style=\"font-family: gilroy;\"><\/span><\/h1>\n<div><\/div>","protected":false},"excerpt":{"rendered":"<p>GLO Nuo Blueberry Click Sigara (Yabanmersini Aromal\u0131) GLO Nuo Blueberry Click, yaban mersini aromal\u0131 ve hafif bir t\u00fct\u00fcn aromas\u0131na sahiptir. Sadece Glo Hyper serisi cihazlarla kullan\u0131labilir. Fiyat karton ba\u015f\u0131nad\u0131r. 1 kartonda 10 paket x 20 \u00e7ubuk = 200 \u00e7ubuk bulunur. \u00d6zellikle glo\u2122 i\u00e7in tasarlanm\u0131\u015f birinci s\u0131n\u0131f t\u00fct\u00fcn kar\u0131\u015f\u0131mlar\u0131.<\/p>","protected":false},"featured_media":26431,"template":"","meta":[],"product_brand":[64],"product_cat":[76],"product_tag":[135],"class_list":{"0":"post-26374","1":"product","2":"type-product","3":"status-publish","4":"has-post-thumbnail","6":"product_brand-british-american-tobacco","7":"product_cat-hyper-neostiks-demi","8":"product_tag-glo-nuo-blueberry-click-sigara","10":"first","11":"outofstock","12":"shipping-taxable","13":"purchasable","14":"product-type-simple"},"_links":{"self":[{"href":"https:\/\/glonuo.com\/en\/wp-json\/wp\/v2\/product\/26374","targetHints":{"allow":["GET"]}}],"collection":[{"href":"https:\/\/glonuo.com\/en\/wp-json\/wp\/v2\/product"}],"about":[{"href":"https:\/\/glonuo.com\/en\/wp-json\/wp\/v2\/types\/product"}],"version-history":[{"count":1,"href":"https:\/\/glonuo.com\/en\/wp-json\/wp\/v2\/product\/26374\/revisions"}],"predecessor-version":[{"id":26432,"href":"https:\/\/glonuo.com\/en\/wp-json\/wp\/v2\/product\/26374\/revisions\/26432"}],"wp:featuredmedia":[{"embeddable":true,"href":"https:\/\/glonuo.com\/en\/wp-json\/wp\/v2\/media\/26431"}],"wp:attachment":[{"href":"https:\/\/glonuo.com\/en\/wp-json\/wp\/v2\/media?parent=26374"}],"wp:term":[{"taxonomy":"product_brand","embeddable":true,"href":"https:\/\/glonuo.com\/en\/wp-json\/wp\/v2\/product_brand?post=26374"},{"taxonomy":"product_cat","embeddable":true,"href":"https:\/\/glonuo.com\/en\/wp-json\/wp\/v2\/product_cat?post=26374"},{"taxonomy":"product_tag","embeddable":true,"href":"https:\/\/glonuo.com\/en\/wp-json\/wp\/v2\/product_tag?post=26374"}],"curies":[{"name":"wp","href":"https:\/\/api.w.org\/{rel}","templated":true}]}}