{"id":26437,"date":"2026-03-23T22:53:44","date_gmt":"2026-03-23T22:53:44","guid":{"rendered":"https:\/\/www.glonuo.com\/?post_type=product&#038;p=26437"},"modified":"2026-03-23T22:53:46","modified_gmt":"2026-03-23T22:53:46","slug":"glo-nuo-terracotta-sigara","status":"publish","type":"product","link":"https:\/\/glonuo.com\/en\/product\/glo-nuo-terracotta-sigara\/","title":{"rendered":"GLO Nuo Terracotta Sigara"},"content":{"rendered":"<h2><b>GLO Nuo Terracotta Sigara (T\u00fct\u00fcn Aromal\u0131)<\/b><\/h2>\n<p><span style=\"font-size: 14px;\">GLO Nuo Terracotta Sigara T\u00fct\u00fcn Aromal\u0131, Ger\u00e7ek t\u00fct\u00fcn tad\u0131ndan daha a\u011f\u0131r bir t\u00fct\u00fcn aromas\u0131na sahiptir. Sadece Glo Hyper serisi cihazlarla kullan\u0131labilir.<\/span><\/p>\n<p><\/p>\n<p><span style=\"font-size: 14px;\">Fiyat karton ba\u015f\u0131nad\u0131r. 1 kartonda 10 paket x 20 \u00e7ubuk = 200 \u00e7ubuk bulunur.<\/span><\/p>\n<p><\/p>\n<p><span style=\"font-size: 14px;\">\u00d6zellikle glo\u2122 i\u00e7in tasarlanm\u0131\u015f birinci s\u0131n\u0131f t\u00fct\u00fcn kar\u0131\u015f\u0131mlar\u0131.<\/span><\/p>\n<div><\/div>","protected":false},"excerpt":{"rendered":"<p>GLO Nuo Terracotta Sigara (T\u00fct\u00fcn Aromal\u0131) GLO Nuo Terracotta Sigara T\u00fct\u00fcn Aromal\u0131, Ger\u00e7ek t\u00fct\u00fcn tad\u0131ndan daha a\u011f\u0131r bir t\u00fct\u00fcn aromas\u0131na sahiptir. Sadece Glo Hyper serisi cihazlarla kullan\u0131labilir. Fiyat karton ba\u015f\u0131nad\u0131r. 1 kartonda 10 paket x 20 \u00e7ubuk = 200 \u00e7ubuk bulunur. \u00d6zellikle glo\u2122 i\u00e7in tasarlanm\u0131\u015f birinci s\u0131n\u0131f t\u00fct\u00fcn kar\u0131\u015f\u0131mlar\u0131.<\/p>","protected":false},"featured_media":26465,"template":"","meta":[],"product_brand":[64],"product_cat":[76],"product_tag":[138],"class_list":{"0":"post-26437","1":"product","2":"type-product","3":"status-publish","4":"has-post-thumbnail","6":"product_brand-british-american-tobacco","7":"product_cat-hyper-neostiks-demi","8":"product_tag-glo-nuo-terracotta-sigara","10":"first","11":"outofstock","12":"shipping-taxable","13":"purchasable","14":"product-type-simple"},"_links":{"self":[{"href":"https:\/\/glonuo.com\/en\/wp-json\/wp\/v2\/product\/26437","targetHints":{"allow":["GET"]}}],"collection":[{"href":"https:\/\/glonuo.com\/en\/wp-json\/wp\/v2\/product"}],"about":[{"href":"https:\/\/glonuo.com\/en\/wp-json\/wp\/v2\/types\/product"}],"version-history":[{"count":1,"href":"https:\/\/glonuo.com\/en\/wp-json\/wp\/v2\/product\/26437\/revisions"}],"predecessor-version":[{"id":26466,"href":"https:\/\/glonuo.com\/en\/wp-json\/wp\/v2\/product\/26437\/revisions\/26466"}],"wp:featuredmedia":[{"embeddable":true,"href":"https:\/\/glonuo.com\/en\/wp-json\/wp\/v2\/media\/26465"}],"wp:attachment":[{"href":"https:\/\/glonuo.com\/en\/wp-json\/wp\/v2\/media?parent=26437"}],"wp:term":[{"taxonomy":"product_brand","embeddable":true,"href":"https:\/\/glonuo.com\/en\/wp-json\/wp\/v2\/product_brand?post=26437"},{"taxonomy":"product_cat","embeddable":true,"href":"https:\/\/glonuo.com\/en\/wp-json\/wp\/v2\/product_cat?post=26437"},{"taxonomy":"product_tag","embeddable":true,"href":"https:\/\/glonuo.com\/en\/wp-json\/wp\/v2\/product_tag?post=26437"}],"curies":[{"name":"wp","href":"https:\/\/api.w.org\/{rel}","templated":true}]}}