{"id":26439,"date":"2026-03-23T22:53:45","date_gmt":"2026-03-23T22:53:45","guid":{"rendered":"https:\/\/www.glonuo.com\/?post_type=product&#038;p=26439"},"modified":"2026-04-09T06:02:43","modified_gmt":"2026-04-09T06:02:43","slug":"glo-nuo-blonde-tabacco","status":"publish","type":"product","link":"https:\/\/glonuo.com\/en\/product\/glo-nuo-blonde-tabacco\/","title":{"rendered":"GLO Nuo Blonde Tabacco"},"content":{"rendered":"<h2><b>GLO Nuo Blonde Tabacco<\/b><\/h2>\n<p>GLO Nuo Blonde Tabacco Sadece Glo Hyper serisi cihazlarla kullan\u0131labilir.<\/p>\n<p>&nbsp;<\/p>\n<p>Fiyat karton ba\u015f\u0131nad\u0131r. 1 kartonda 10 paket x 20 \u00e7ubuk = 200 \u00e7ubuk bulunur.<\/p>\n<p>&nbsp;<\/p>\n<p>\u00d6zellikle glo\u2122 i\u00e7in tasarlanm\u0131\u015f birinci s\u0131n\u0131f t\u00fct\u00fcn kar\u0131\u015f\u0131mlar\u0131.<\/p>\n<div><\/div>","protected":false},"excerpt":{"rendered":"<p>GLO Nuo Blonde Tabacco GLO Nuo Blonde Tabacco Sadece Glo Hyper serisi cihazlarla kullan\u0131labilir. &nbsp; Fiyat karton ba\u015f\u0131nad\u0131r. 1 kartonda 10 paket x 20 \u00e7ubuk = 200 \u00e7ubuk bulunur. &nbsp; \u00d6zellikle glo\u2122 i\u00e7in tasarlanm\u0131\u015f birinci s\u0131n\u0131f t\u00fct\u00fcn kar\u0131\u015f\u0131mlar\u0131.<\/p>","protected":false},"featured_media":26741,"template":"","meta":[],"product_brand":[64],"product_cat":[76,190],"product_tag":[140],"class_list":{"0":"post-26439","1":"product","2":"type-product","3":"status-publish","4":"has-post-thumbnail","6":"product_brand-british-american-tobacco","7":"product_cat-hyper-neostiks-demi","8":"product_cat-tum-urunler","9":"product_tag-glo-nuo-blonde-tabacco","11":"first","12":"outofstock","13":"shipping-taxable","14":"purchasable","15":"product-type-simple"},"_links":{"self":[{"href":"https:\/\/glonuo.com\/en\/wp-json\/wp\/v2\/product\/26439","targetHints":{"allow":["GET"]}}],"collection":[{"href":"https:\/\/glonuo.com\/en\/wp-json\/wp\/v2\/product"}],"about":[{"href":"https:\/\/glonuo.com\/en\/wp-json\/wp\/v2\/types\/product"}],"version-history":[{"count":2,"href":"https:\/\/glonuo.com\/en\/wp-json\/wp\/v2\/product\/26439\/revisions"}],"predecessor-version":[{"id":26742,"href":"https:\/\/glonuo.com\/en\/wp-json\/wp\/v2\/product\/26439\/revisions\/26742"}],"wp:featuredmedia":[{"embeddable":true,"href":"https:\/\/glonuo.com\/en\/wp-json\/wp\/v2\/media\/26741"}],"wp:attachment":[{"href":"https:\/\/glonuo.com\/en\/wp-json\/wp\/v2\/media?parent=26439"}],"wp:term":[{"taxonomy":"product_brand","embeddable":true,"href":"https:\/\/glonuo.com\/en\/wp-json\/wp\/v2\/product_brand?post=26439"},{"taxonomy":"product_cat","embeddable":true,"href":"https:\/\/glonuo.com\/en\/wp-json\/wp\/v2\/product_cat?post=26439"},{"taxonomy":"product_tag","embeddable":true,"href":"https:\/\/glonuo.com\/en\/wp-json\/wp\/v2\/product_tag?post=26439"}],"curies":[{"name":"wp","href":"https:\/\/api.w.org\/{rel}","templated":true}]}}