{"id":26440,"date":"2026-03-23T22:53:45","date_gmt":"2026-03-23T22:53:45","guid":{"rendered":"https:\/\/www.glonuo.com\/?post_type=product&#038;p=26440"},"modified":"2026-04-09T06:02:59","modified_gmt":"2026-04-09T06:02:59","slug":"glo-nuo-classic-tabacco","status":"publish","type":"product","link":"https:\/\/glonuo.com\/en\/product\/glo-nuo-classic-tabacco\/","title":{"rendered":"GLO Nuo Classic Tabacco"},"content":{"rendered":"<h2><b>GLO Nuo Classic Tabacco\u00a0<\/b><\/h2>\n<div>\n<div><span style=\"font-size: 14px;\">GLO Nuo Classic Tabacco Hafif T\u00fcrt\u00fcn Aromas\u0131 Sadece Glo Hyper serisi cihazlarla kullan\u0131labilir.<\/span><\/div>\n<div><\/div>\n<div><span style=\"font-size: 14px;\">Fiyat karton ba\u015f\u0131nad\u0131r. 1 kartonda 10 paket x 20 \u00e7ubuk = 200 \u00e7ubuk bulunur.<\/span><\/div>\n<div><\/div>\n<div><span style=\"font-size: 14px;\">\u00d6zellikle glo\u2122 i\u00e7in tasarlanm\u0131\u015f birinci s\u0131n\u0131f t\u00fct\u00fcn kar\u0131\u015f\u0131mlar\u0131.<\/span><\/div>\n<\/div>\n<div><\/div>","protected":false},"excerpt":{"rendered":"<p>GLO Nuo Classic Tabacco\u00a0 GLO Nuo Classic Tabacco Hafif T\u00fcrt\u00fcn Aromas\u0131 Sadece Glo Hyper serisi cihazlarla kullan\u0131labilir. Fiyat karton ba\u015f\u0131nad\u0131r. 1 kartonda 10 paket x 20 \u00e7ubuk = 200 \u00e7ubuk bulunur. \u00d6zellikle glo\u2122 i\u00e7in tasarlanm\u0131\u015f birinci s\u0131n\u0131f t\u00fct\u00fcn kar\u0131\u015f\u0131mlar\u0131.<\/p>","protected":false},"featured_media":26743,"template":"","meta":[],"product_brand":[64],"product_cat":[15,190],"product_tag":[141],"class_list":{"0":"post-26440","1":"product","2":"type-product","3":"status-publish","4":"has-post-thumbnail","6":"product_brand-british-american-tobacco","7":"product_cat-cihazlar","8":"product_cat-tum-urunler","9":"product_tag-glo-nuo-classic-tabacco","11":"first","12":"outofstock","13":"shipping-taxable","14":"purchasable","15":"product-type-simple"},"_links":{"self":[{"href":"https:\/\/glonuo.com\/en\/wp-json\/wp\/v2\/product\/26440","targetHints":{"allow":["GET"]}}],"collection":[{"href":"https:\/\/glonuo.com\/en\/wp-json\/wp\/v2\/product"}],"about":[{"href":"https:\/\/glonuo.com\/en\/wp-json\/wp\/v2\/types\/product"}],"version-history":[{"count":2,"href":"https:\/\/glonuo.com\/en\/wp-json\/wp\/v2\/product\/26440\/revisions"}],"predecessor-version":[{"id":26744,"href":"https:\/\/glonuo.com\/en\/wp-json\/wp\/v2\/product\/26440\/revisions\/26744"}],"wp:featuredmedia":[{"embeddable":true,"href":"https:\/\/glonuo.com\/en\/wp-json\/wp\/v2\/media\/26743"}],"wp:attachment":[{"href":"https:\/\/glonuo.com\/en\/wp-json\/wp\/v2\/media?parent=26440"}],"wp:term":[{"taxonomy":"product_brand","embeddable":true,"href":"https:\/\/glonuo.com\/en\/wp-json\/wp\/v2\/product_brand?post=26440"},{"taxonomy":"product_cat","embeddable":true,"href":"https:\/\/glonuo.com\/en\/wp-json\/wp\/v2\/product_cat?post=26440"},{"taxonomy":"product_tag","embeddable":true,"href":"https:\/\/glonuo.com\/en\/wp-json\/wp\/v2\/product_tag?post=26440"}],"curies":[{"name":"wp","href":"https:\/\/api.w.org\/{rel}","templated":true}]}}