{"id":26441,"date":"2026-03-23T22:53:45","date_gmt":"2026-03-23T22:53:45","guid":{"rendered":"https:\/\/www.glonuo.com\/?post_type=product&#038;p=26441"},"modified":"2026-04-09T06:02:08","modified_gmt":"2026-04-09T06:02:08","slug":"glo-nuo-bright-tobacco","status":"publish","type":"product","link":"https:\/\/glonuo.com\/en\/product\/glo-nuo-bright-tobacco\/","title":{"rendered":"GLO Nuo Bright Tobacco"},"content":{"rendered":"<h2><b>GLO Nuo Bright Tobacco Kazakistan<\/b><\/h2>\n<p>GLO Nuo Bright Tabacco Hafif T\u00fcrt\u00fcn Aromas\u0131 Sadece Glo Hyper serisi cihazlarla kullan\u0131labilir.<\/p>\n<p><\/p>\n<p>Fiyat karton ba\u015f\u0131nad\u0131r. 1 kartonda 10 paket x 20 \u00e7ubuk = 200 \u00e7ubuk bulunur.<\/p>\n<p><\/p>\n<p>\u00d6zellikle glo\u2122 i\u00e7in tasarlanm\u0131\u015f birinci s\u0131n\u0131f t\u00fct\u00fcn kar\u0131\u015f\u0131mlar\u0131.<\/p>\n<div><\/div>\n<div><\/div>","protected":false},"excerpt":{"rendered":"<p>GLO Nuo Bright Tobacco Kazakistan GLO Nuo Bright Tabacco Hafif T\u00fcrt\u00fcn Aromas\u0131 Sadece Glo Hyper serisi cihazlarla kullan\u0131labilir. Fiyat karton ba\u015f\u0131nad\u0131r. 1 kartonda 10 paket x 20 \u00e7ubuk = 200 \u00e7ubuk bulunur. \u00d6zellikle glo\u2122 i\u00e7in tasarlanm\u0131\u015f birinci s\u0131n\u0131f t\u00fct\u00fcn kar\u0131\u015f\u0131mlar\u0131.<\/p>","protected":false},"featured_media":26473,"template":"","meta":[],"product_brand":[64],"product_cat":[76,190],"product_tag":[142],"class_list":{"0":"post-26441","1":"product","2":"type-product","3":"status-publish","4":"has-post-thumbnail","6":"product_brand-british-american-tobacco","7":"product_cat-hyper-neostiks-demi","8":"product_cat-tum-urunler","9":"product_tag-glo-nuo-bright-tobacco","11":"first","12":"instock","13":"shipping-taxable","14":"purchasable","15":"product-type-simple"},"_links":{"self":[{"href":"https:\/\/glonuo.com\/en\/wp-json\/wp\/v2\/product\/26441","targetHints":{"allow":["GET"]}}],"collection":[{"href":"https:\/\/glonuo.com\/en\/wp-json\/wp\/v2\/product"}],"about":[{"href":"https:\/\/glonuo.com\/en\/wp-json\/wp\/v2\/types\/product"}],"version-history":[{"count":1,"href":"https:\/\/glonuo.com\/en\/wp-json\/wp\/v2\/product\/26441\/revisions"}],"predecessor-version":[{"id":26474,"href":"https:\/\/glonuo.com\/en\/wp-json\/wp\/v2\/product\/26441\/revisions\/26474"}],"wp:featuredmedia":[{"embeddable":true,"href":"https:\/\/glonuo.com\/en\/wp-json\/wp\/v2\/media\/26473"}],"wp:attachment":[{"href":"https:\/\/glonuo.com\/en\/wp-json\/wp\/v2\/media?parent=26441"}],"wp:term":[{"taxonomy":"product_brand","embeddable":true,"href":"https:\/\/glonuo.com\/en\/wp-json\/wp\/v2\/product_brand?post=26441"},{"taxonomy":"product_cat","embeddable":true,"href":"https:\/\/glonuo.com\/en\/wp-json\/wp\/v2\/product_cat?post=26441"},{"taxonomy":"product_tag","embeddable":true,"href":"https:\/\/glonuo.com\/en\/wp-json\/wp\/v2\/product_tag?post=26441"}],"curies":[{"name":"wp","href":"https:\/\/api.w.org\/{rel}","templated":true}]}}