{"id":26442,"date":"2026-03-23T22:53:45","date_gmt":"2026-03-23T22:53:45","guid":{"rendered":"https:\/\/www.glonuo.com\/?post_type=product&#038;p=26442"},"modified":"2026-04-09T06:03:06","modified_gmt":"2026-04-09T06:03:06","slug":"glo-hyper-pro-rose","status":"publish","type":"product","link":"https:\/\/glonuo.com\/en\/product\/glo-hyper-pro-rose\/","title":{"rendered":"Glo Hyper Pro Rose"},"content":{"rendered":"<h1><b>Glo Hyper Pro Rose<\/b><\/h1>\n<p><\/p>\n<p>Glo\u2122 Hyper Pro, ilk nefesten itibaren daha fazla memnuniyet sa\u011flayacak bir\u00e7ok ek fonksiyona sahip, modern tasar\u0131ml\u0131 en geli\u015fmi\u015f cihazd\u0131r.<\/p>\n<p><\/p>\n<p>HeatBoost\u2122 Teknolojisi, daha y\u00fcksek \u0131s\u0131tma s\u0131cakl\u0131\u011f\u0131 ve daha yo\u011fun Boost modu sayesinde size \u00fcst\u00fcn bir lezzet memnuniyeti sunacak.<\/p>\n<p><\/p>\n<p>Benzersiz EasyView\u2122 ekran\u0131 &#8211; sezgisel ve yenilik\u00e7i &#8211; cihaz durumu hakk\u0131nda bilmeniz gereken her \u015feyi g\u00f6sterir: Standart veya G\u00fc\u00e7lendirme modu, seans\u0131 ba\u015flatma zaman\u0131, seans uzunlu\u011fu veya pil \u015farj\u0131.<\/p>\n<p><\/p>\n<p>TasteSelect\u2122 Kadran\u0131 sayesinde Standart veya Y\u00fcksek \u0131s\u0131tma modunu se\u00e7mek daha da kolay.<\/p>\n<p><\/p>\n<p>Glo\u2122 kullan\u0131m\u0131 hi\u00e7 bu kadar sezgisel olmam\u0131\u015ft\u0131 &#8211; glo\u2122 Hyper Pro daha iyi kontrol ve geli\u015ftirilmi\u015f bir kullan\u0131c\u0131 deneyimi sunuyor.<\/p>\n<p><\/p>\n<p>Glo\u2122 hyper X2 Standart moduna k\u0131yasla.<\/p>\n<p><\/p>\n<p>Glo\u2122 hyper X2 Standard moduyla kar\u015f\u0131la\u015ft\u0131r\u0131ld\u0131\u011f\u0131nda. Bu \u00fcr\u00fcn risksiz de\u011fildir ve ba\u011f\u0131ml\u0131l\u0131k yapan bir madde olan nikotin i\u00e7erir.<\/p>\n<p><\/p>\n<h2><b>\u00d6ZELL\u0130KLER<\/b><\/h2>\n<p><\/p>\n<p>Glo Hyper Pro Rose<\/p>\n<p><b>G\u00fc\u00e7lendirme fonksiyonu<\/b><\/p>\n<p>Evet<\/p>\n<p><\/p>\n<p><b>Maksimum \u0131s\u0131tma s\u0131cakl\u0131\u011f\u0131<\/b><\/p>\n<p>300\u00b0C \u2013 Boost Modu<\/p>\n<p>285\u00b0C \u2013 Standart Mod<\/p>\n<p><\/p>\n<p><b>Rup-up zaman\u0131<\/b><\/p>\n<p>20 sn \u2013 Boost Modu<\/p>\n<p>30 sn \u2013 Standart Mod<\/p>\n<p><\/p>\n<p><b>Oturum uzunlu\u011fu<\/b><\/p>\n<p>4 dk \u2013 H\u0131zland\u0131rma Modu<\/p>\n<p>4:30 dk \u2013 Standart Mod<\/p>\n<p><\/p>\n<p><b>Arka arkaya oturum say\u0131s\u0131<\/b><\/p>\n<p>3<\/p>\n<p><\/p>\n<p><b>Seans say\u0131s\u0131<\/b><\/p>\n<p>20 seansa kadar<\/p>\n<p>Tam \u015farjl\u0131 cihaza dayal\u0131d\u0131r ve kullan\u0131m davran\u0131\u015f\u0131na ba\u011fl\u0131 olarak de\u011fi\u015fiklik g\u00f6sterebilir<\/p>\n<p><\/p>\n<p><b>\u015earj s\u00fcresi (dakika)<\/b><\/p>\n<p>1,5 saate kadar<\/p>\n<p>\u015earj s\u00fcresi, ana g\u00fc\u00e7 kayna\u011f\u0131na ba\u011fl\u0131 bir fi\u015fin kullan\u0131lmas\u0131na dayanmaktad\u0131r<\/p>\n<p><\/p>\n<p><b>kutuda ne var<\/b><\/p>\n<p>glo\u2122 HYPER PRO cihaz\u0131<\/p>\n<p>Temizleme f\u0131r\u00e7as\u0131<\/p>\n<p>USB-C \u015farj cihaz\u0131<\/p>\n<p>Kullan\u0131c\u0131 k\u0131lavuzu<\/p>","protected":false},"excerpt":{"rendered":"<p>Glo Hyper Pro Rose Glo\u2122 Hyper Pro, ilk nefesten itibaren daha fazla memnuniyet sa\u011flayacak bir\u00e7ok ek fonksiyona sahip, modern tasar\u0131ml\u0131 en geli\u015fmi\u015f cihazd\u0131r. HeatBoost\u2122 Teknolojisi, daha y\u00fcksek \u0131s\u0131tma s\u0131cakl\u0131\u011f\u0131 ve daha yo\u011fun Boost modu sayesinde size \u00fcst\u00fcn bir lezzet memnuniyeti sunacak. Benzersiz EasyView\u2122 ekran\u0131 &#8211; sezgisel ve yenilik\u00e7i &#8211; cihaz durumu hakk\u0131nda bilmeniz gereken her [&hellip;]<\/p>\n","protected":false},"featured_media":26475,"template":"","meta":[],"product_brand":[64],"product_cat":[127,190],"product_tag":[143],"class_list":{"0":"post-26442","1":"product","2":"type-product","3":"status-publish","4":"has-post-thumbnail","6":"product_brand-british-american-tobacco","7":"product_cat-glo-hyper-pro","8":"product_cat-tum-urunler","9":"product_tag-glo-hyper-pro-rose","11":"first","12":"instock","13":"shipping-taxable","14":"purchasable","15":"product-type-simple"},"_links":{"self":[{"href":"https:\/\/glonuo.com\/en\/wp-json\/wp\/v2\/product\/26442","targetHints":{"allow":["GET"]}}],"collection":[{"href":"https:\/\/glonuo.com\/en\/wp-json\/wp\/v2\/product"}],"about":[{"href":"https:\/\/glonuo.com\/en\/wp-json\/wp\/v2\/types\/product"}],"version-history":[{"count":1,"href":"https:\/\/glonuo.com\/en\/wp-json\/wp\/v2\/product\/26442\/revisions"}],"predecessor-version":[{"id":26476,"href":"https:\/\/glonuo.com\/en\/wp-json\/wp\/v2\/product\/26442\/revisions\/26476"}],"wp:featuredmedia":[{"embeddable":true,"href":"https:\/\/glonuo.com\/en\/wp-json\/wp\/v2\/media\/26475"}],"wp:attachment":[{"href":"https:\/\/glonuo.com\/en\/wp-json\/wp\/v2\/media?parent=26442"}],"wp:term":[{"taxonomy":"product_brand","embeddable":true,"href":"https:\/\/glonuo.com\/en\/wp-json\/wp\/v2\/product_brand?post=26442"},{"taxonomy":"product_cat","embeddable":true,"href":"https:\/\/glonuo.com\/en\/wp-json\/wp\/v2\/product_cat?post=26442"},{"taxonomy":"product_tag","embeddable":true,"href":"https:\/\/glonuo.com\/en\/wp-json\/wp\/v2\/product_tag?post=26442"}],"curies":[{"name":"wp","href":"https:\/\/api.w.org\/{rel}","templated":true}]}}