{"id":26444,"date":"2026-03-23T22:53:45","date_gmt":"2026-03-23T22:53:45","guid":{"rendered":"https:\/\/www.glonuo.com\/?post_type=product&#038;p=26444"},"modified":"2026-04-09T06:02:28","modified_gmt":"2026-04-09T06:02:28","slug":"glo-hyper-neostiks-sigara-ruby-boost","status":"publish","type":"product","link":"https:\/\/glonuo.com\/en\/product\/glo-hyper-neostiks-sigara-ruby-boost\/","title":{"rendered":"GLO Hyper Neostiks Sigara Ruby Boost"},"content":{"rendered":"<h1><b><span style=\"font-size: 24px;\">GLO Hyper Neostiks Sigara Ruby Boost&nbsp;<\/span><span style=\"color: rgb(31, 31, 31); font-family: &quot;Google Sans&quot;, Arial, sans-serif; font-size: 24px; text-wrap-mode: nowrap;\">Rusya<\/span><\/b><\/h1>\n<p><span style=\"font-size: 14px;\">Se\u00e7ilmi\u015f t\u00fct\u00fcn aromas\u0131 ve ferahlat\u0131c\u0131 mentol aromas\u0131 i\u00e7eren \u00e7ubuklar, bast\u0131r\u0131ld\u0131\u011f\u0131nda zengin bir k\u0131rm\u0131z\u0131 meyve aromas\u0131 katabilece\u011finiz bir kaps\u00fcl i\u00e7erir.&nbsp; Sadece Glo Hyper serisi cihazlarla birlikte kullan\u0131labilir.<\/span><\/p>\n<p><\/p>\n<p><span style=\"font-size: 14px;\">Fiyat karton ba\u015f\u0131nad\u0131r. 1 kartonda 10 paket x 20 \u00e7ubuk = 200 \u00e7ubuk bulunur.<\/span><\/p>\n<p><\/p>\n<p><span style=\"font-size: 14px;\">\u00d6zellikle glo\u2122 i\u00e7in tasarlanm\u0131\u015f birinci s\u0131n\u0131f t\u00fct\u00fcn kar\u0131\u015f\u0131mlar\u0131.<\/span><\/p>\n<p><span style=\"font-size: 14px;\"><br \/><\/span><\/p>\n<h1 style=\"font-family: &quot;Open Sans&quot;, sans-serif; color: rgb(0, 0, 0);\"><span style=\"color: rgb(31, 31, 31); font-family: &quot;Google Sans&quot;, Arial, sans-serif; font-size: 18px; text-wrap-mode: nowrap;\">Rusya<\/span><span style=\"font-size: 18px; color: inherit; font-family: inherit;\">\u2019daki PMI fabrikas\u0131nda \u00fcretilmi\u015ftir<\/span><\/h1>\n<h1 style=\"font-family: &quot;Open Sans&quot;, sans-serif; color: rgb(0, 0, 0);\">\n<p style=\"font-size: 13px;\">\n<p class=\"MsoNormal\" style=\"font-size: 13px;\"><span style=\"font-size: 18px;\">1 paket-20 \u00e7ubukta.<\/span><br \/><span style=\"font-size: 18px;\">10\u2019luk bir karton kutuda<\/span><\/p>\n<div><span style=\"font-size: 18px;\"><br \/><\/span><\/div>\n<\/h1>\n<p><\/p>","protected":false},"excerpt":{"rendered":"<p>GLO Hyper Neostiks Sigara Ruby Boost&nbsp;Rusya Se\u00e7ilmi\u015f t\u00fct\u00fcn aromas\u0131 ve ferahlat\u0131c\u0131 mentol aromas\u0131 i\u00e7eren \u00e7ubuklar, bast\u0131r\u0131ld\u0131\u011f\u0131nda zengin bir k\u0131rm\u0131z\u0131 meyve aromas\u0131 katabilece\u011finiz bir kaps\u00fcl i\u00e7erir.&nbsp; Sadece Glo Hyper serisi cihazlarla birlikte kullan\u0131labilir. Fiyat karton ba\u015f\u0131nad\u0131r. 1 kartonda 10 paket x 20 \u00e7ubuk = 200 \u00e7ubuk bulunur. \u00d6zellikle glo\u2122 i\u00e7in tasarlanm\u0131\u015f birinci s\u0131n\u0131f t\u00fct\u00fcn kar\u0131\u015f\u0131mlar\u0131. Rusya\u2019daki [&hellip;]<\/p>\n","protected":false},"featured_media":26479,"template":"","meta":[],"product_brand":[64],"product_cat":[76,190],"product_tag":[145],"class_list":{"0":"post-26444","1":"product","2":"type-product","3":"status-publish","4":"has-post-thumbnail","6":"product_brand-british-american-tobacco","7":"product_cat-hyper-neostiks-demi","8":"product_cat-tum-urunler","9":"product_tag-glo-hyper-neostiks-sigara-ruby-boost","11":"first","12":"instock","13":"shipping-taxable","14":"purchasable","15":"product-type-simple"},"_links":{"self":[{"href":"https:\/\/glonuo.com\/en\/wp-json\/wp\/v2\/product\/26444","targetHints":{"allow":["GET"]}}],"collection":[{"href":"https:\/\/glonuo.com\/en\/wp-json\/wp\/v2\/product"}],"about":[{"href":"https:\/\/glonuo.com\/en\/wp-json\/wp\/v2\/types\/product"}],"version-history":[{"count":1,"href":"https:\/\/glonuo.com\/en\/wp-json\/wp\/v2\/product\/26444\/revisions"}],"predecessor-version":[{"id":26480,"href":"https:\/\/glonuo.com\/en\/wp-json\/wp\/v2\/product\/26444\/revisions\/26480"}],"wp:featuredmedia":[{"embeddable":true,"href":"https:\/\/glonuo.com\/en\/wp-json\/wp\/v2\/media\/26479"}],"wp:attachment":[{"href":"https:\/\/glonuo.com\/en\/wp-json\/wp\/v2\/media?parent=26444"}],"wp:term":[{"taxonomy":"product_brand","embeddable":true,"href":"https:\/\/glonuo.com\/en\/wp-json\/wp\/v2\/product_brand?post=26444"},{"taxonomy":"product_cat","embeddable":true,"href":"https:\/\/glonuo.com\/en\/wp-json\/wp\/v2\/product_cat?post=26444"},{"taxonomy":"product_tag","embeddable":true,"href":"https:\/\/glonuo.com\/en\/wp-json\/wp\/v2\/product_tag?post=26444"}],"curies":[{"name":"wp","href":"https:\/\/api.w.org\/{rel}","templated":true}]}}