{"id":26445,"date":"2026-03-23T22:53:45","date_gmt":"2026-03-23T22:53:45","guid":{"rendered":"https:\/\/www.glonuo.com\/?post_type=product&#038;p=26445"},"modified":"2026-04-09T06:02:14","modified_gmt":"2026-04-09T06:02:14","slug":"glo-hyper-neostiks-sigara-vanilla-click-2","status":"publish","type":"product","link":"https:\/\/glonuo.com\/en\/product\/glo-hyper-neostiks-sigara-vanilla-click-2\/","title":{"rendered":"GLO Hyper Neostiks Sigara Vanilla Click"},"content":{"rendered":"<p><span style=\"font-size: 24px;\"><b>GLO Hyper Neostiks Sigara Vanilla Click&nbsp;<\/b><\/span><b style=\"color: rgb(31, 31, 31); font-family: &quot;Google Sans&quot;, Arial, sans-serif; font-size: 24px; text-wrap-mode: nowrap;\">Rusya<\/b><\/p>\n<p><\/p>\n<p class=\"MsoNormal\">Vanilya ve Kremal\u0131 lezzet kaps\u00fcl\u00fc. Etkileyici kremsi ve zengin meyvenotalar\u0131, Bu t\u00fct\u00fcn, glo \u2122 Hyper ile uyumludur<o:p><\/o:p><\/p>\n<p class=\"MsoNormal\">T\u00fct\u00fcn \u00fcr\u00fcnleri yaln\u0131zca elektrikli \u0131s\u0131tma globunay\u00f6neliktir. Sat\u0131\u015f 1 kartonda (10 paket 200 t\u00fct\u00fcn \u00e7ubu\u011fu) yap\u0131lmaktad\u0131r.<br \/>Glo HYPER versiyonlar\u0131 i\u00e7in uygundur.<o:p><\/o:p><\/p>\n<p class=\"MsoNormal\">\u00c7ubuk bi\u00e7imi: NEO demi<o:p><\/o:p><\/p>\n<p class=\"MsoNormal\"><span style=\"font-size: 18px;\">Rusya\u2019daki PMI fabrikas\u0131nda \u00fcretilmi\u015ftir<\/span><o:p><\/o:p><\/p>\n<p><span style=\"font-size: 18px;\"><\/span><\/p>\n<p class=\"MsoNormal\"><span style=\"font-size: 18px;\">1 paket-20 \u00e7ubukta.<\/span><br \/><span style=\"font-size: 18px;\">10\u2019luk bir karton kutuda<\/span><o:p><\/o:p><\/p>","protected":false},"excerpt":{"rendered":"<p>GLO Hyper Neostiks Sigara Vanilla Click&nbsp;Rusya Vanilya ve Kremal\u0131 lezzet kaps\u00fcl\u00fc. Etkileyici kremsi ve zengin meyvenotalar\u0131, Bu t\u00fct\u00fcn, glo \u2122 Hyper ile uyumludur T\u00fct\u00fcn \u00fcr\u00fcnleri yaln\u0131zca elektrikli \u0131s\u0131tma globunay\u00f6neliktir. Sat\u0131\u015f 1 kartonda (10 paket 200 t\u00fct\u00fcn \u00e7ubu\u011fu) yap\u0131lmaktad\u0131r.Glo HYPER versiyonlar\u0131 i\u00e7in uygundur. \u00c7ubuk bi\u00e7imi: NEO demi Rusya\u2019daki PMI fabrikas\u0131nda \u00fcretilmi\u015ftir 1 paket-20 \u00e7ubukta.10\u2019luk bir karton [&hellip;]<\/p>\n","protected":false},"featured_media":26291,"template":"","meta":[],"product_brand":[64],"product_cat":[76,190],"product_tag":[146],"class_list":{"0":"post-26445","1":"product","2":"type-product","3":"status-publish","4":"has-post-thumbnail","6":"product_brand-british-american-tobacco","7":"product_cat-hyper-neostiks-demi","8":"product_cat-tum-urunler","9":"product_tag-glo-hyper-neostiks-sigara-vanilla-click-2","11":"first","12":"instock","13":"shipping-taxable","14":"purchasable","15":"product-type-simple"},"_links":{"self":[{"href":"https:\/\/glonuo.com\/en\/wp-json\/wp\/v2\/product\/26445","targetHints":{"allow":["GET"]}}],"collection":[{"href":"https:\/\/glonuo.com\/en\/wp-json\/wp\/v2\/product"}],"about":[{"href":"https:\/\/glonuo.com\/en\/wp-json\/wp\/v2\/types\/product"}],"version-history":[{"count":1,"href":"https:\/\/glonuo.com\/en\/wp-json\/wp\/v2\/product\/26445\/revisions"}],"predecessor-version":[{"id":26481,"href":"https:\/\/glonuo.com\/en\/wp-json\/wp\/v2\/product\/26445\/revisions\/26481"}],"wp:featuredmedia":[{"embeddable":true,"href":"https:\/\/glonuo.com\/en\/wp-json\/wp\/v2\/media\/26291"}],"wp:attachment":[{"href":"https:\/\/glonuo.com\/en\/wp-json\/wp\/v2\/media?parent=26445"}],"wp:term":[{"taxonomy":"product_brand","embeddable":true,"href":"https:\/\/glonuo.com\/en\/wp-json\/wp\/v2\/product_brand?post=26445"},{"taxonomy":"product_cat","embeddable":true,"href":"https:\/\/glonuo.com\/en\/wp-json\/wp\/v2\/product_cat?post=26445"},{"taxonomy":"product_tag","embeddable":true,"href":"https:\/\/glonuo.com\/en\/wp-json\/wp\/v2\/product_tag?post=26445"}],"curies":[{"name":"wp","href":"https:\/\/api.w.org\/{rel}","templated":true}]}}