{"id":26446,"date":"2026-03-23T22:53:45","date_gmt":"2026-03-23T22:53:45","guid":{"rendered":"https:\/\/www.glonuo.com\/?post_type=product&#038;p=26446"},"modified":"2026-04-01T20:55:01","modified_gmt":"2026-04-01T20:55:01","slug":"glo-hyper-neostiks-green-click","status":"publish","type":"product","link":"https:\/\/glonuo.com\/en\/product\/glo-hyper-neostiks-green-click\/","title":{"rendered":"GLO Hyper Neostiks Green Click"},"content":{"rendered":"<h1><b><span style=\"font-size: 24px;\">GLO Hyper Neostiks Green Click\u00a0<\/span><span style=\"color: #1f1f1f; font-family: 'Google Sans', Arial, sans-serif; font-size: 24px; text-wrap-mode: nowrap;\">\u00d6zbekistan<\/span><\/b><\/h1>\n<p class=\"MsoNormal\" style=\"margin-bottom: 10.0pt; line-height: 115%; mso-layout-grid-align: none; text-autospace: none;\"><span lang=\"tr\">\u00a0<\/span><\/p>\n<p class=\"MsoNormal\" style=\"margin-bottom: 10.0pt; line-height: 115%; mso-layout-grid-align: none; text-autospace: none;\"><span lang=\"tr\" style=\"font-size: 18px;\">Green Click, kaps\u00fclle gelen nane aromal\u0131 ger<\/span><span lang=\"EN-US\" style=\"font-size: 18px;\">\u00e7ek bir kaliteli t\u00fct\u00fcnd\u00fcr. Bu \u00fcr\u00fcn orta yo\u011funluktave ferahlat\u0131c\u0131 bir tat b\u0131rak\u0131r.<\/span><\/p>\n<p class=\"MsoNormal\" style=\"margin-bottom: 10.0pt; line-height: 115%; mso-layout-grid-align: none; text-autospace: none;\"><span lang=\"EN-US\">\u00a0<\/span><\/p>\n<h1 style=\"font-family: 'Open Sans', sans-serif; color: #000000;\"><span style=\"color: #1f1f1f; font-family: 'Google Sans', Arial, sans-serif; font-size: 18px; text-wrap-mode: nowrap;\">\u00d6zbekistan<\/span><span style=\"font-size: 18px; color: #2d2d2d;\">\u2019daki PMI fabrikas\u0131nda \u00fcretilmi\u015ftir<\/span><\/h1>\n<p class=\"MsoNormal\" style=\"margin-bottom: 10.0pt; line-height: 115%; mso-layout-grid-align: none; text-autospace: none;\">\n<p style=\"margin-bottom: 16px; color: #2d2d2d; font-size: 14px;\"><span style=\"font-size: 18px;\">1 paket-20 \u00e7ubukta.<\/span><br \/>\n<span style=\"font-size: 18px;\">10\u2019luk bir karton kutuda<\/span><\/p>","protected":false},"excerpt":{"rendered":"<p>GLO Hyper Neostiks Green Click\u00a0\u00d6zbekistan \u00a0 Green Click, kaps\u00fclle gelen nane aromal\u0131 ger\u00e7ek bir kaliteli t\u00fct\u00fcnd\u00fcr. Bu \u00fcr\u00fcn orta yo\u011funluktave ferahlat\u0131c\u0131 bir tat b\u0131rak\u0131r. \u00a0 \u00d6zbekistan\u2019daki PMI fabrikas\u0131nda \u00fcretilmi\u015ftir 1 paket-20 \u00e7ubukta. 10\u2019luk bir karton kutuda<\/p>","protected":false},"featured_media":26739,"template":"","meta":[],"product_brand":[64],"product_cat":[15],"product_tag":[147],"class_list":{"0":"post-26446","1":"product","2":"type-product","3":"status-publish","4":"has-post-thumbnail","6":"product_brand-british-american-tobacco","7":"product_cat-cihazlar","8":"product_tag-glo-hyper-neostiks-green-click","10":"first","11":"outofstock","12":"shipping-taxable","13":"purchasable","14":"product-type-simple"},"_links":{"self":[{"href":"https:\/\/glonuo.com\/en\/wp-json\/wp\/v2\/product\/26446","targetHints":{"allow":["GET"]}}],"collection":[{"href":"https:\/\/glonuo.com\/en\/wp-json\/wp\/v2\/product"}],"about":[{"href":"https:\/\/glonuo.com\/en\/wp-json\/wp\/v2\/types\/product"}],"version-history":[{"count":2,"href":"https:\/\/glonuo.com\/en\/wp-json\/wp\/v2\/product\/26446\/revisions"}],"predecessor-version":[{"id":26740,"href":"https:\/\/glonuo.com\/en\/wp-json\/wp\/v2\/product\/26446\/revisions\/26740"}],"wp:featuredmedia":[{"embeddable":true,"href":"https:\/\/glonuo.com\/en\/wp-json\/wp\/v2\/media\/26739"}],"wp:attachment":[{"href":"https:\/\/glonuo.com\/en\/wp-json\/wp\/v2\/media?parent=26446"}],"wp:term":[{"taxonomy":"product_brand","embeddable":true,"href":"https:\/\/glonuo.com\/en\/wp-json\/wp\/v2\/product_brand?post=26446"},{"taxonomy":"product_cat","embeddable":true,"href":"https:\/\/glonuo.com\/en\/wp-json\/wp\/v2\/product_cat?post=26446"},{"taxonomy":"product_tag","embeddable":true,"href":"https:\/\/glonuo.com\/en\/wp-json\/wp\/v2\/product_tag?post=26446"}],"curies":[{"name":"wp","href":"https:\/\/api.w.org\/{rel}","templated":true}]}}