{"id":26447,"date":"2026-03-23T22:53:45","date_gmt":"2026-03-23T22:53:45","guid":{"rendered":"https:\/\/www.glonuo.com\/?post_type=product&#038;p=26447"},"modified":"2026-04-01T20:54:15","modified_gmt":"2026-04-01T20:54:15","slug":"glo-hyper-neostiks-classic-tobacco","status":"publish","type":"product","link":"https:\/\/glonuo.com\/en\/product\/glo-hyper-neostiks-classic-tobacco\/","title":{"rendered":"GLO Hyper Neostiks Classic Tobacco"},"content":{"rendered":"<p><span style=\"font-size: 24px;\">GLO Hyper Neostiks Classic Tobacco&nbsp;&nbsp;<\/span><span style=\"color: rgb(31, 31, 31); font-family: &quot;Google Sans&quot;, Arial, sans-serif; font-size: 24px; text-wrap-mode: nowrap;\">\u00d6zbekistan<\/span><\/p>\n<p class=\"MsoNormal\" style=\"margin-bottom:0cm;margin-bottom:.0001pt;line-height:normal;mso-outline-level:2\"><b><span style=\"font-size: 18px; font-family: Arial, sans-serif; color: rgb(42, 44, 44); letter-spacing: 0.45pt;\">Klasik T\u00fct\u00fcn<\/span><\/b><\/p>\n<p class=\"MsoNormal\" style=\"margin-bottom:0cm;margin-bottom:.0001pt;line-height:normal;mso-outline-level:2\"><b><span style=\"font-size:22.5pt;font-family:&quot;Arial&quot;,sans-serif;mso-fareast-font-family:&quot;Times New Roman&quot;;color:#666666;mso-fareast-language:TR\"><o:p><\/o:p><\/span><\/b><\/p>\n<p class=\"MsoNormal\" style=\"margin-bottom:0cm;margin-bottom:.0001pt;line-height:normal\"><span style=\"font-size:11.5pt;font-family:&quot;Poppins&quot;,serif;mso-fareast-font-family:&quot;Times New Roman&quot;;mso-bidi-font-family:&quot;Times New Roman&quot;;color:#2A2C2C;letter-spacing:.45pt;mso-fareast-language:TR\"><br \/><\/span><\/p>\n<p class=\"MsoNormal\" style=\"margin-bottom:0cm;margin-bottom:.0001pt;line-height:normal\"><span style=\"font-size:11.5pt;font-family:&quot;Poppins&quot;,serif;mso-fareast-font-family:&quot;Times New Roman&quot;;mso-bidi-font-family:&quot;Times New Roman&quot;;color:#2A2C2C;letter-spacing:.45pt;mso-fareast-language:TR\">Neo\u2122 \u00c7ubuklar\u0131, glo\u2122 cihaz\u0131nayerle\u015ftirilerek \u0131s\u0131t\u0131lan DEMI format\u0131ndaki t\u00fct\u00fcn dolumlar\u0131d\u0131r. Gelenekselsigaralar\u0131n aksine, neo\u2122 kartu\u015flar\u0131 yak\u0131lmaz, 270 \u00b0C s\u0131cakl\u0131\u011fa kadar \u0131s\u0131t\u0131l\u0131r.Yanma ve yanman\u0131n olmamas\u0131 nedeniyle, neo\u2122 kartu\u015flar\u0131n\u0131n glo\u2122 cihaz\u0131 arac\u0131l\u0131\u011f\u0131ylakullan\u0131m\u0131, ho\u015f olmayan kokulu bir duman de\u011fil, aerosol \u00fcretir.&nbsp;<\/span><span style=\"font-size:10.0pt;font-family:&quot;Poppins&quot;,serif;mso-fareast-font-family:&quot;Times New Roman&quot;;mso-bidi-font-family:&quot;Times New Roman&quot;;color:#333333;mso-fareast-language:TR\"><o:p><\/o:p><\/span><\/p>\n<\/p>\n<p class=\"MsoNormal\" style=\"margin-bottom:0cm;margin-bottom:.0001pt;line-height:normal\"><span style=\"font-size:11.5pt;font-family:&quot;Poppins&quot;,serif;mso-fareast-font-family:&quot;Times New Roman&quot;;mso-bidi-font-family:&quot;Times New Roman&quot;;color:#2A2C2C;letter-spacing:.45pt;mso-fareast-language:TR\">neo\u2122 birinci s\u0131n\u0131f t\u00fct\u00fcn aromas\u0131,f\u0131nd\u0131ks\u0131 ve bir miktar kavrulmu\u015fluk ile.<\/span><\/p>\n<p class=\"MsoNormal\" style=\"margin-bottom:0cm;margin-bottom:.0001pt;line-height:normal\"><span style=\"font-size:11.5pt;font-family:&quot;Poppins&quot;,serif;mso-fareast-font-family:&quot;Times New Roman&quot;;mso-bidi-font-family:&quot;Times New Roman&quot;;color:#2A2C2C;letter-spacing:.45pt;mso-fareast-language:TR\"><br \/><\/span><\/p>\n<p class=\"MsoNormal\" style=\"margin-bottom:0cm;margin-bottom:.0001pt;line-height:normal\"><span style=\"font-size:10.0pt;font-family:&quot;Poppins&quot;,serif;mso-fareast-font-family:&quot;Times New Roman&quot;;mso-bidi-font-family:&quot;Times New Roman&quot;;color:#333333;mso-fareast-language:TR\"><o:p><\/o:p><\/span><\/p>\n<p class=\"MsoNormal\" style=\"margin-bottom:0cm;margin-bottom:.0001pt;line-height:normal;mso-outline-level:2\"><b><span style=\"font-size:12.0pt;font-family:&quot;Poppins&quot;,serif;mso-fareast-font-family:&quot;Times New Roman&quot;;mso-bidi-font-family:&quot;Times New Roman&quot;;color:#2A2C2C;text-transform:uppercase;letter-spacing:.45pt;mso-fareast-language:TR\">\u00d6ZELL\u0130KLER<\/span><\/b><\/p>\n<p class=\"MsoNormal\" style=\"margin-bottom:0cm;margin-bottom:.0001pt;line-height:normal;mso-outline-level:2\"><b><span style=\"font-size:12.0pt;font-family:&quot;Poppins&quot;,serif;mso-fareast-font-family:&quot;Times New Roman&quot;;mso-bidi-font-family:&quot;Times New Roman&quot;;color:#2A2C2C;text-transform:uppercase;letter-spacing:.45pt;mso-fareast-language:TR\"><br \/><\/span><\/b><\/p>\n<p class=\"MsoNormal\" style=\"margin-bottom:0cm;margin-bottom:.0001pt;line-height:normal;mso-outline-level:2\"><b><span style=\"font-size:22.5pt;font-family:&quot;Poppins&quot;,serif;mso-fareast-font-family:&quot;Times New Roman&quot;;mso-bidi-font-family:&quot;Times New Roman&quot;;color:#333333;mso-fareast-language:TR\"><o:p><\/o:p><\/span><\/b><\/p>\n<p class=\"MsoNormal\" style=\"margin-bottom:7.5pt;line-height:normal\"><span style=\"font-size:11.5pt;font-family:&quot;Poppins&quot;,serif;mso-fareast-font-family:&quot;Times New Roman&quot;;mso-bidi-font-family:&quot;Times New Roman&quot;;color:#2A2C2C;letter-spacing:.45pt;mso-fareast-language:TR\">Neo\u2122 kartu\u015flar\u0131, yaln\u0131zca glo\u2122cihazlar\u0131 i\u00e7in \u00fcretilmi\u015ftir. neo\u2122 kartu\u015flar\u0131, glo\u2122 HYPER+, HYPER+ UNIQ, HYPERX2, HYPER X2 AIR ve HYPER PRO &nbsp;ileuyumludur.&nbsp;&nbsp;<\/span><\/p>\n<p class=\"MsoNormal\" style=\"margin-bottom:7.5pt;line-height:normal\"><span style=\"font-size:11.5pt;font-family:&quot;Poppins&quot;,serif;mso-fareast-font-family:&quot;Times New Roman&quot;;mso-bidi-font-family:&quot;Times New Roman&quot;;color:#2A2C2C;letter-spacing:.45pt;mso-fareast-language:TR\"><br \/><\/span><\/p>\n<h1 style=\"font-family: &quot;Open Sans&quot;, sans-serif; color: rgb(0, 0, 0);\"><span style=\"color: rgb(31, 31, 31); font-family: &quot;Google Sans&quot;, Arial, sans-serif; font-size: 18px; text-wrap-mode: nowrap;\">\u00d6zbekistan<\/span><span style=\"font-size: 18px; color: rgb(45, 45, 45);\">\u2019daki PMI fabrikas\u0131nda \u00fcretilmi\u015ftir<\/span><\/h1>\n<p class=\"MsoNormal\" style=\"margin-bottom: 10pt; line-height: 14.95px;\"><span lang=\"EN-US\"><\/span><span lang=\"tr\"><o:p><\/o:p><\/span><\/p>\n<p style=\"margin-bottom: 16px; color: rgb(45, 45, 45); font-size: 14px;\"><span style=\"font-size: 18px;\">1 paket-20 \u00e7ubukta.<\/span><br \/><span style=\"font-size: 18px;\">10\u2019luk bir karton kutuda<\/span><\/p>\n<p class=\"MsoNormal\" style=\"margin-bottom:7.5pt;line-height:normal\"><span style=\"font-size:11.5pt;font-family:&quot;Poppins&quot;,serif;mso-fareast-font-family:&quot;Times New Roman&quot;;mso-bidi-font-family:&quot;Times New Roman&quot;;color:#2A2C2C;letter-spacing:.45pt;mso-fareast-language:TR\"><br \/><\/span><span style=\"font-size:10.0pt;font-family:&quot;Poppins&quot;,serif;mso-fareast-font-family:&quot;Times New Roman&quot;;mso-bidi-font-family:&quot;Times New Roman&quot;;color:#333333;mso-fareast-language:TR\"><o:p><\/o:p><\/span><\/p>\n<p><b><span style=\"color: rgb(31, 31, 31); font-family: &quot;Google Sans&quot;, Arial, sans-serif; font-size: 24px; text-wrap-mode: nowrap;\"><br \/><\/span><\/b><\/p>","protected":false},"excerpt":{"rendered":"<p>GLO Hyper Neostiks Classic Tobacco&nbsp;&nbsp;\u00d6zbekistan Klasik T\u00fct\u00fcn Neo\u2122 \u00c7ubuklar\u0131, glo\u2122 cihaz\u0131nayerle\u015ftirilerek \u0131s\u0131t\u0131lan DEMI format\u0131ndaki t\u00fct\u00fcn dolumlar\u0131d\u0131r. Gelenekselsigaralar\u0131n aksine, neo\u2122 kartu\u015flar\u0131 yak\u0131lmaz, 270 \u00b0C s\u0131cakl\u0131\u011fa kadar \u0131s\u0131t\u0131l\u0131r.Yanma ve yanman\u0131n olmamas\u0131 nedeniyle, neo\u2122 kartu\u015flar\u0131n\u0131n glo\u2122 cihaz\u0131 arac\u0131l\u0131\u011f\u0131ylakullan\u0131m\u0131, ho\u015f olmayan kokulu bir duman de\u011fil, aerosol \u00fcretir.&nbsp; neo\u2122 birinci s\u0131n\u0131f t\u00fct\u00fcn aromas\u0131,f\u0131nd\u0131ks\u0131 ve bir miktar kavrulmu\u015fluk ile. \u00d6ZELL\u0130KLER Neo\u2122 [&hellip;]<\/p>\n","protected":false},"featured_media":26484,"template":"","meta":[],"product_brand":[],"product_cat":[15],"product_tag":[148],"class_list":{"0":"post-26447","1":"product","2":"type-product","3":"status-publish","4":"has-post-thumbnail","6":"product_cat-cihazlar","7":"product_tag-glo-hyper-neostiks-classic-tobacco","9":"first","10":"outofstock","11":"shipping-taxable","12":"purchasable","13":"product-type-simple"},"_links":{"self":[{"href":"https:\/\/glonuo.com\/en\/wp-json\/wp\/v2\/product\/26447","targetHints":{"allow":["GET"]}}],"collection":[{"href":"https:\/\/glonuo.com\/en\/wp-json\/wp\/v2\/product"}],"about":[{"href":"https:\/\/glonuo.com\/en\/wp-json\/wp\/v2\/types\/product"}],"version-history":[{"count":1,"href":"https:\/\/glonuo.com\/en\/wp-json\/wp\/v2\/product\/26447\/revisions"}],"predecessor-version":[{"id":26485,"href":"https:\/\/glonuo.com\/en\/wp-json\/wp\/v2\/product\/26447\/revisions\/26485"}],"wp:featuredmedia":[{"embeddable":true,"href":"https:\/\/glonuo.com\/en\/wp-json\/wp\/v2\/media\/26484"}],"wp:attachment":[{"href":"https:\/\/glonuo.com\/en\/wp-json\/wp\/v2\/media?parent=26447"}],"wp:term":[{"taxonomy":"product_brand","embeddable":true,"href":"https:\/\/glonuo.com\/en\/wp-json\/wp\/v2\/product_brand?post=26447"},{"taxonomy":"product_cat","embeddable":true,"href":"https:\/\/glonuo.com\/en\/wp-json\/wp\/v2\/product_cat?post=26447"},{"taxonomy":"product_tag","embeddable":true,"href":"https:\/\/glonuo.com\/en\/wp-json\/wp\/v2\/product_tag?post=26447"}],"curies":[{"name":"wp","href":"https:\/\/api.w.org\/{rel}","templated":true}]}}