{"id":26449,"date":"2026-03-23T22:53:45","date_gmt":"2026-03-23T22:53:45","guid":{"rendered":"https:\/\/www.glonuo.com\/?post_type=product&#038;p=26449"},"modified":"2026-04-01T20:54:39","modified_gmt":"2026-04-01T20:54:39","slug":"glo-hyper-neostiks-tropic-click","status":"publish","type":"product","link":"https:\/\/glonuo.com\/en\/product\/glo-hyper-neostiks-tropic-click\/","title":{"rendered":"GLO Hyper Neostiks Tropic Click"},"content":{"rendered":"<p><span style=\"font-size: 24px;\">GLO Hyper Neostiks Tropic Click&nbsp;&nbsp;<\/span><span style=\"color: rgb(31, 31, 31); font-family: &quot;Google Sans&quot;, Arial, sans-serif; font-size: 24px; text-wrap-mode: nowrap;\">\u00d6zbekistan<\/span><\/p>\n<p class=\"MsoNormal\" style=\"margin-bottom: 0.0001pt; line-height: normal;\"><b style=\"color: rgb(51, 51, 51); font-family: &quot;Open Sans&quot;, Calibri, Arial, sans-serif; font-size: 14px;\">Tropikal meyveler<\/b><\/p>\n<p class=\"MsoNormal\" style=\"margin-bottom: 0.0001pt; line-height: normal;\"><b style=\"color: rgb(51, 51, 51); font-family: &quot;Open Sans&quot;, Calibri, Arial, sans-serif; font-size: 14px;\"><br \/><\/b><\/p>\n<p class=\"MsoNormal\" style=\"margin-bottom: 0.0001pt; line-height: normal;\"><span style=\"font-size: 11.5pt; font-family: Poppins, serif; color: rgb(42, 44, 44); letter-spacing: 0.45pt;\">Neo\u2122 \u00c7ubuklar\u0131, glo\u2122 cihaz\u0131na yerle\u015ftirilerek \u0131s\u0131t\u0131lan DEMI format\u0131ndaki t\u00fct\u00fcn dolumlar\u0131d\u0131r. Geleneksel sigaralar\u0131n aksine, neo\u2122 kartu\u015flar\u0131 yak\u0131lmaz, 270 \u00b0C s\u0131cakl\u0131\u011fa kadar \u0131s\u0131t\u0131l\u0131r. Yanma ve yanman\u0131n olmamas\u0131 nedeniyle, neo\u2122 kartu\u015flar\u0131n\u0131n glo\u2122 cihaz\u0131 arac\u0131l\u0131\u011f\u0131yla kullan\u0131m\u0131, ho\u015f olmayan kokulu bir duman de\u011fil, aerosol \u00fcretir.&nbsp;<\/span><span style=\"font-size: 10pt; font-family: Poppins, serif; color: rgb(51, 51, 51);\"><o:p><\/o:p><\/span><\/p>\n<\/p>\n<p class=\"MsoNormal\" style=\"margin-bottom: 0.0001pt; line-height: normal;\"><span style=\"font-size: 11.5pt; font-family: Poppins, serif; color: rgb(42, 44, 44); letter-spacing: 0.45pt;\">neo\u2122 birinci s\u0131n\u0131f t\u00fct\u00fcn aromas\u0131,&nbsp;<\/span><b style=\"color: rgb(51, 51, 51); font-family: &quot;Open Sans&quot;, Calibri, Arial, sans-serif; font-size: 14px;\">Tropikal meyveler&nbsp;<\/b><b><span style=\"font-size: 11.5pt; font-family: Poppins, serif; color: rgb(42, 44, 44); letter-spacing: 0.45pt;\">ile.<\/span><\/b><\/p>\n<p class=\"MsoNormal\" style=\"margin-bottom: 0.0001pt; line-height: normal;\"><span style=\"font-size: 11.5pt; font-family: Poppins, serif; color: rgb(42, 44, 44); letter-spacing: 0.45pt;\"><br \/><\/span><\/p>\n<p class=\"MsoNormal\" style=\"margin-bottom: 0.0001pt; line-height: normal;\"><span style=\"font-size: 10pt; font-family: Poppins, serif; color: rgb(51, 51, 51);\"><o:p><\/o:p><\/span><\/p>\n<p class=\"MsoNormal\" style=\"margin-bottom: 0.0001pt; line-height: normal;\"><b><span style=\"font-size: 12pt; font-family: Poppins, serif; color: rgb(42, 44, 44); text-transform: uppercase; letter-spacing: 0.45pt;\">\u00d6ZELL\u0130KLER<\/span><\/b><\/p>\n<p class=\"MsoNormal\" style=\"margin-bottom: 0.0001pt; line-height: normal;\"><b><span style=\"font-size: 12pt; font-family: Poppins, serif; color: rgb(42, 44, 44); text-transform: uppercase; letter-spacing: 0.45pt;\"><br \/><\/span><\/b><\/p>\n<p class=\"MsoNormal\" style=\"margin-bottom: 0.0001pt; line-height: normal;\"><b><span style=\"font-size: 22.5pt; font-family: Poppins, serif; color: rgb(51, 51, 51);\"><o:p><\/o:p><\/span><\/b><\/p>\n<p class=\"MsoNormal\" style=\"margin-bottom: 7.5pt; line-height: normal;\"><span style=\"font-size: 11.5pt; font-family: Poppins, serif; color: rgb(42, 44, 44); letter-spacing: 0.45pt;\">Neo\u2122 kartu\u015flar\u0131, yaln\u0131zca glo\u2122 cihazlar\u0131 i\u00e7in \u00fcretilmi\u015ftir. neo\u2122 kartu\u015flar\u0131, glo\u2122 HYPER+, HYPER+ UNIQ, HYPER X2, HYPER X2 AIR ve HYPER PRO &nbsp;ile uyumludur.&nbsp;&nbsp;<\/span><\/p>\n<p class=\"MsoNormal\" style=\"margin-bottom: 7.5pt; line-height: normal;\"><span style=\"font-size: 11.5pt; font-family: Poppins, serif; color: rgb(42, 44, 44); letter-spacing: 0.45pt;\"><br \/><\/span><\/p>\n<h1 style=\"font-family: &quot;Open Sans&quot;, sans-serif; color: rgb(0, 0, 0);\"><span style=\"color: rgb(31, 31, 31); font-family: &quot;Google Sans&quot;, Arial, sans-serif; font-size: 18px; text-wrap-mode: nowrap;\">\u00d6zbekistan<\/span><span style=\"font-size: 18px; color: rgb(45, 45, 45);\">\u2019daki PMI fabrikas\u0131nda \u00fcretilmi\u015ftir<\/span><\/h1>\n<p class=\"MsoNormal\" style=\"margin-bottom: 10pt; line-height: 14.95px;\"><span lang=\"EN-US\"><\/span><span lang=\"tr\"><o:p><\/o:p><\/span><\/p>\n<p style=\"margin-bottom: 16px; color: rgb(45, 45, 45); font-size: 14px;\"><span style=\"font-size: 18px;\">1 paket-20 \u00e7ubukta.<\/span><br \/><span style=\"font-size: 18px;\">10\u2019luk bir karton kutuda<\/span><\/p>\n<div><span style=\"font-size: 18px;\"><br \/><\/span><\/div>","protected":false},"excerpt":{"rendered":"<p>GLO Hyper Neostiks Tropic Click&nbsp;&nbsp;\u00d6zbekistan Tropikal meyveler Neo\u2122 \u00c7ubuklar\u0131, glo\u2122 cihaz\u0131na yerle\u015ftirilerek \u0131s\u0131t\u0131lan DEMI format\u0131ndaki t\u00fct\u00fcn dolumlar\u0131d\u0131r. Geleneksel sigaralar\u0131n aksine, neo\u2122 kartu\u015flar\u0131 yak\u0131lmaz, 270 \u00b0C s\u0131cakl\u0131\u011fa kadar \u0131s\u0131t\u0131l\u0131r. Yanma ve yanman\u0131n olmamas\u0131 nedeniyle, neo\u2122 kartu\u015flar\u0131n\u0131n glo\u2122 cihaz\u0131 arac\u0131l\u0131\u011f\u0131yla kullan\u0131m\u0131, ho\u015f olmayan kokulu bir duman de\u011fil, aerosol \u00fcretir.&nbsp; neo\u2122 birinci s\u0131n\u0131f t\u00fct\u00fcn aromas\u0131,&nbsp;Tropikal meyveler&nbsp;ile. \u00d6ZELL\u0130KLER Neo\u2122 [&hellip;]<\/p>\n","protected":false},"featured_media":26488,"template":"","meta":[],"product_brand":[64],"product_cat":[15],"product_tag":[150],"class_list":{"0":"post-26449","1":"product","2":"type-product","3":"status-publish","4":"has-post-thumbnail","6":"product_brand-british-american-tobacco","7":"product_cat-cihazlar","8":"product_tag-glo-hyper-neostiks-tropic-click","10":"first","11":"outofstock","12":"shipping-taxable","13":"purchasable","14":"product-type-simple"},"_links":{"self":[{"href":"https:\/\/glonuo.com\/en\/wp-json\/wp\/v2\/product\/26449","targetHints":{"allow":["GET"]}}],"collection":[{"href":"https:\/\/glonuo.com\/en\/wp-json\/wp\/v2\/product"}],"about":[{"href":"https:\/\/glonuo.com\/en\/wp-json\/wp\/v2\/types\/product"}],"version-history":[{"count":1,"href":"https:\/\/glonuo.com\/en\/wp-json\/wp\/v2\/product\/26449\/revisions"}],"predecessor-version":[{"id":26489,"href":"https:\/\/glonuo.com\/en\/wp-json\/wp\/v2\/product\/26449\/revisions\/26489"}],"wp:featuredmedia":[{"embeddable":true,"href":"https:\/\/glonuo.com\/en\/wp-json\/wp\/v2\/media\/26488"}],"wp:attachment":[{"href":"https:\/\/glonuo.com\/en\/wp-json\/wp\/v2\/media?parent=26449"}],"wp:term":[{"taxonomy":"product_brand","embeddable":true,"href":"https:\/\/glonuo.com\/en\/wp-json\/wp\/v2\/product_brand?post=26449"},{"taxonomy":"product_cat","embeddable":true,"href":"https:\/\/glonuo.com\/en\/wp-json\/wp\/v2\/product_cat?post=26449"},{"taxonomy":"product_tag","embeddable":true,"href":"https:\/\/glonuo.com\/en\/wp-json\/wp\/v2\/product_tag?post=26449"}],"curies":[{"name":"wp","href":"https:\/\/api.w.org\/{rel}","templated":true}]}}