{"id":26451,"date":"2026-03-23T22:53:45","date_gmt":"2026-03-23T22:53:45","guid":{"rendered":"https:\/\/www.glonuo.com\/?post_type=product&#038;p=26451"},"modified":"2026-04-09T06:02:36","modified_gmt":"2026-04-09T06:02:36","slug":"glo-ultra-beyaz","status":"publish","type":"product","link":"https:\/\/glonuo.com\/en\/product\/glo-ultra-beyaz\/","title":{"rendered":"Glo Ultra Beyaz"},"content":{"rendered":"<p><b><span style=\"font-size: 24px;\">Glo Ultra Beyaz (<\/span><span style=\"font-size: 33px;\"><span style=\"color: rgb(31, 31, 31); font-family: &quot;Google Sans&quot;, Arial, sans-serif; font-size: 24px; text-wrap-mode: nowrap;\">Rusya)<\/span><\/span><\/b><\/p>\n<p><b><span style=\"font-size: 33px;\"><span style=\"color: rgb(31, 31, 31); font-family: &quot;Google Sans&quot;, Arial, sans-serif; font-size: 24px; text-wrap-mode: nowrap;\"><\/span><\/span><\/b><\/p>\n<p><font color=\"#1f1f1f\" face=\"Google Sans, Arial, sans-serif\"><span style=\"font-size: 24px; text-wrap-mode: nowrap;\"><b>Tan\u0131m&nbsp;<\/b><\/span><\/font><\/p>\n<div>\n<div><span style=\"font-size: 18px;\">&#8211; Glo\u2122 ULTRA, otomatik ba\u015flatma \u00f6zelli\u011fine sahip yeni bir glo\u2122&#8217;&nbsp;<\/span><span style=\"font-size: 18px;\">\u00fcr\u00fcn\u00fcd\u00fcr<\/span><span style=\"font-size: 18px;\">.<\/span><\/div>\n<div>\n<div><span style=\"font-size: 18px;\">&#8211; G\u00f6stergeli renkli ekran;<\/span><\/div>\n<div><span style=\"font-size: 18px;\">&#8211; Otomatik ba\u015flatma \u00f6zelli\u011fine sahip ilk glo\u2122;<\/span><\/div>\n<div><span style=\"font-size: 18px;\">&#8211; 100 dakikaya kadar h\u0131zl\u0131 \u015farj;<\/span><\/div>\n<div><span style=\"font-size: 18px;\">&#8211; H\u0131zland\u0131r\u0131lm\u0131\u015f \u0131s\u0131tma i\u00e7in BOOST fonksiyonu;<\/span><\/div>\n<div><span style=\"font-size: 18px;\">&#8211; Tek \u015farjla 20 seansa kadar;<\/span><\/div>\n<div>\n<div><\/div>\n<div><span style=\"font-size: 18px;\">Glo\u2122 ULTRA cihaz\u0131 iki modda \u00e7al\u0131\u015f\u0131r: standart (\u0131s\u0131tma &#8211; 20 saniye, seans &#8211; 4 dakika) ve BOOST (h\u0131zland\u0131r\u0131lm\u0131\u015f \u0131s\u0131tma &#8211; 15 saniye, seans &#8211; 3 dakika).<\/span><\/div>\n<div><span style=\"font-size: 18px;\"><br \/><\/span><\/div>\n<div>\n<div><span style=\"font-size: 18px;\">Glo\u2122 ULTRA, cihaz\u0131n \u00e7al\u0131\u015fma modunu, \u015farj seviyesini ve seans g\u00f6stergesini g\u00f6steren renkli bir ekrana sahiptir.<\/span><\/div>\n<div><span style=\"font-size: 18px;\"><br \/><\/span><\/div>\n<div>\n<div style=\"font-size: 18px;\">BOOST modunu kullan\u0131rken ve cihaz tamamen \u015farj edilmi\u015f olmas\u0131 ko\u015fuluyla. Seans say\u0131s\u0131 t\u00fcketime ba\u011fl\u0131 olarak de\u011fi\u015febilir.<\/div>\n<div style=\"font-size: 18px;\"><\/div>\n<div><span style=\"font-size: 18px;\">Cihaz tamamen \u015farj edilmi\u015f olmas\u0131 ko\u015fuluyla. Seans say\u0131s\u0131 t\u00fcketime ba\u011fl\u0131 olarak de\u011fi\u015febilir.<\/span><\/div>\n<div style=\"font-size: 18px;\"><\/div>\n<ol>\n<li><span style=\"font-size: 18px;\">Tip &#8211; \u0131s\u0131tma cihaz\u0131<\/span><\/li>\n<li><span style=\"font-size: 18px;\">Renk &#8211; siyah, mavi, beyaz, koyu bej.<\/span><\/li>\n<li><span style=\"font-size: 18px;\">\u0130\u015flevsel \u00f6zellikler<\/span><\/li>\n<li><span style=\"font-size: 18px;\">Pil \u2013 dahili<\/span><\/li>\n<li><span style=\"font-size: 18px;\">Pil kapasitesi \u2013 1400 mAh.<\/span><\/li>\n<li><span style=\"font-size: 18px;\">Ekran \u2013 evet<\/span><\/li>\n<li><span style=\"font-size: 18px;\">\u015earj seviyesi g\u00f6stergesi \u2013 grafik<\/span><\/li>\n<li><span style=\"font-size: 18px;\">Aktivasyon \u2013 otomatik<\/span><\/li>\n<li><span style=\"font-size: 18px;\">\u015earj s\u00fcresi \u2013 100 dk.<\/span><\/li>\n<li><span style=\"font-size: 18px;\">\u015earj portu \u2013 USB Type-C<\/span><\/li>\n<\/ol>\n<p><span style=\"font-size: 18px;\"><b>Paket i\u00e7eri\u011fi<\/b><\/span><\/p>\n<ol>\n<li><span style=\"font-size: 18px;\">glo\u2122 t\u00fct\u00fcn \u0131s\u0131tma cihaz\u0131,<\/span><\/li>\n<li><span style=\"font-size: 18px;\">USB Type-C kablosu,<\/span><\/li>\n<li><span style=\"font-size: 18px;\">temizleme f\u0131r\u00e7as\u0131,<\/span><\/li>\n<li><span style=\"font-size: 18px;\">kullan\u0131m k\u0131lavuzu ve ek par\u00e7a.<\/span><\/li>\n<\/ol>\n<p><span style=\"font-size: 18px;\"><b>Ana \u00d6zellikler<\/b><\/span><\/p>\n<ol>\n<li><span style=\"font-size: 18px;\">Tip&nbsp;<span style=\"white-space: pre;\">\t<\/span>t\u00fct\u00fcn t\u00fcketim sistemi<\/span><\/li>\n<li><span style=\"font-size: 18px;\">Renk<span style=\"white-space: pre;\">\t<\/span>Beyaz<\/span><\/li>\n<\/ol>\n<p><span style=\"font-size: 18px;\"><b>\u0130\u015flevsel \u00f6zellikler<\/b><\/span><\/p>\n<ol>\n<li><span style=\"font-size: 18px;\">Pil&nbsp;<span style=\"white-space: pre;\">\t<\/span>yerle\u015fik<\/span><\/li>\n<li><span style=\"font-size: 18px;\">Pil kapasitesi&nbsp;<span style=\"white-space: pre;\">\t<\/span>1400 mAh<\/span><\/li>\n<li><span style=\"font-size: 18px;\">Pil \u00f6mr\u00fc&nbsp;<span style=\"white-space: pre;\">\t<\/span>20 seans<\/span><\/li>\n<li><span style=\"font-size: 18px;\">\u015earj konnekt\u00f6r\u00fc&nbsp;<span style=\"white-space: pre;\">\t<\/span>USB Tip-C<\/span><\/li>\n<\/ol>\n<p><b><span style=\"font-size: 18px;\">Boyutlar ve a\u011f\u0131rl\u0131k<\/span><\/b><\/p>\n<ol>\n<li><span style=\"font-size: 18px;\">Y\u00fckseklik<span style=\"white-space: pre;\">\t<\/span>94 mm<\/span><\/li>\n<li><span style=\"font-size: 18px;\">Geni\u015flik<span style=\"white-space: pre;\">\t<\/span>41 mm<\/span><\/li>\n<li><span style=\"font-size: 18px;\">Derinlik<span style=\"white-space: pre;\">\t<\/span>18 mm<\/span><\/li>\n<li><span style=\"font-size: 18px;\">A\u011f\u0131rl\u0131k<span style=\"white-space: pre;\">\t<\/span>89 gr<\/span><\/li>\n<\/ol>\n<div><\/div>\n<\/div>\n<\/div>\n<\/div>\n<\/div>\n<\/div>","protected":false},"excerpt":{"rendered":"<p>Glo Ultra Beyaz (Rusya) Tan\u0131m&nbsp; &#8211; Glo\u2122 ULTRA, otomatik ba\u015flatma \u00f6zelli\u011fine sahip yeni bir glo\u2122&#8217;&nbsp;\u00fcr\u00fcn\u00fcd\u00fcr. &#8211; G\u00f6stergeli renkli ekran; &#8211; Otomatik ba\u015flatma \u00f6zelli\u011fine sahip ilk glo\u2122; &#8211; 100 dakikaya kadar h\u0131zl\u0131 \u015farj; &#8211; H\u0131zland\u0131r\u0131lm\u0131\u015f \u0131s\u0131tma i\u00e7in BOOST fonksiyonu; &#8211; Tek \u015farjla 20 seansa kadar; Glo\u2122 ULTRA cihaz\u0131 iki modda \u00e7al\u0131\u015f\u0131r: standart (\u0131s\u0131tma &#8211; 20 saniye, [&hellip;]<\/p>\n","protected":false},"featured_media":26492,"template":"","meta":[],"product_brand":[64],"product_cat":[15,153,190],"product_tag":[154],"class_list":{"0":"post-26451","1":"product","2":"type-product","3":"status-publish","4":"has-post-thumbnail","6":"product_brand-british-american-tobacco","7":"product_cat-cihazlar","8":"product_cat-glo-ultra","9":"product_cat-tum-urunler","10":"product_tag-glo-ultra-beyaz","12":"first","13":"instock","14":"shipping-taxable","15":"purchasable","16":"product-type-simple"},"_links":{"self":[{"href":"https:\/\/glonuo.com\/en\/wp-json\/wp\/v2\/product\/26451","targetHints":{"allow":["GET"]}}],"collection":[{"href":"https:\/\/glonuo.com\/en\/wp-json\/wp\/v2\/product"}],"about":[{"href":"https:\/\/glonuo.com\/en\/wp-json\/wp\/v2\/types\/product"}],"version-history":[{"count":1,"href":"https:\/\/glonuo.com\/en\/wp-json\/wp\/v2\/product\/26451\/revisions"}],"predecessor-version":[{"id":26493,"href":"https:\/\/glonuo.com\/en\/wp-json\/wp\/v2\/product\/26451\/revisions\/26493"}],"wp:featuredmedia":[{"embeddable":true,"href":"https:\/\/glonuo.com\/en\/wp-json\/wp\/v2\/media\/26492"}],"wp:attachment":[{"href":"https:\/\/glonuo.com\/en\/wp-json\/wp\/v2\/media?parent=26451"}],"wp:term":[{"taxonomy":"product_brand","embeddable":true,"href":"https:\/\/glonuo.com\/en\/wp-json\/wp\/v2\/product_brand?post=26451"},{"taxonomy":"product_cat","embeddable":true,"href":"https:\/\/glonuo.com\/en\/wp-json\/wp\/v2\/product_cat?post=26451"},{"taxonomy":"product_tag","embeddable":true,"href":"https:\/\/glonuo.com\/en\/wp-json\/wp\/v2\/product_tag?post=26451"}],"curies":[{"name":"wp","href":"https:\/\/api.w.org\/{rel}","templated":true}]}}