{"id":26454,"date":"2026-03-23T22:53:45","date_gmt":"2026-03-23T22:53:45","guid":{"rendered":"https:\/\/www.glonuo.com\/?post_type=product&#038;p=26454"},"modified":"2026-03-25T23:38:35","modified_gmt":"2026-03-25T23:38:35","slug":"glo-hyper-neotsticks-sigara-sunrise","status":"publish","type":"product","link":"https:\/\/glonuo.com\/en\/product\/glo-hyper-neotsticks-sigara-sunrise\/","title":{"rendered":"GLO Hyper Neotsticks Sigara Sunrise"},"content":{"rendered":"<h1><span style=\"font-weight: bold; font-size: 24px;\">GLO Hyper Neosticks Sigara\u00a0<\/span><span style=\"font-size: 24px;\"><b>Sunrise\u00a0<\/b><\/span><span style=\"color: #1f1f1f; font-family: 'Google Sans', Arial, sans-serif; font-size: 24px; text-wrap-mode: nowrap;\"><b>Rusya<\/b><\/span><\/h1>\n<h1><span style=\"color: #080b17; font-family: Jost, Arial, sans-serif;\"><span style=\"font-size: 20px;\">Neo Sticks\u00a0Sunrise\u00a0Aroma, ferahlat\u0131c\u0131 karpuz ve kavun aromas\u0131 ve hafif bir t\u00fct\u00fcn aromas\u0131na sahiptir. Sadece Glo Hyper serisi cihazlarla kullan\u0131labilir.<\/span><\/span><\/h1>\n<p style=\"margin-bottom: 20px; --tw-border-spacing-x: 0; --tw-border-spacing-y: 0; --tw-translate-x: 0; --tw-translate-y: 0; --tw-rotate: 0; --tw-skew-x: 0; --tw-skew-y: 0; --tw-scale-x: 1; --tw-scale-y: 1; --tw-scroll-snap-strictness: proximity; --tw-ring-offset-width: 0px; --tw-ring-offset-color: #fff; --tw-ring-color: rgba(59,130,246,.5); --tw-ring-offset-shadow: 0 0 #0000; --tw-ring-shadow: 0 0 #0000; --tw-shadow: 0 0 #0000; --tw-shadow-colored: 0 0 #0000; color: #080b17; font-family: Jost, Arial, sans-serif; font-size: 16px;\"><span style=\"--tw-border-spacing-x: 0; --tw-border-spacing-y: 0; --tw-translate-x: 0; --tw-translate-y: 0; --tw-rotate: 0; --tw-skew-x: 0; --tw-skew-y: 0; --tw-scale-x: 1; --tw-scale-y: 1; --tw-scroll-snap-strictness: proximity; --tw-ring-offset-width: 0px; --tw-ring-offset-color: #fff; --tw-ring-color: rgba(59,130,246,.5); --tw-ring-offset-shadow: 0 0 #0000; --tw-ring-shadow: 0 0 #0000; --tw-shadow: 0 0 #0000; --tw-shadow-colored: 0 0 #0000; vertical-align: inherit;\">\u00a0<\/span><\/p>\n<p style=\"margin-bottom: 20px; --tw-border-spacing-x: 0; --tw-border-spacing-y: 0; --tw-translate-x: 0; --tw-translate-y: 0; --tw-rotate: 0; --tw-skew-x: 0; --tw-skew-y: 0; --tw-scale-x: 1; --tw-scale-y: 1; --tw-scroll-snap-strictness: proximity; --tw-ring-offset-width: 0px; --tw-ring-offset-color: #fff; --tw-ring-color: rgba(59,130,246,.5); --tw-ring-offset-shadow: 0 0 #0000; --tw-ring-shadow: 0 0 #0000; --tw-shadow: 0 0 #0000; --tw-shadow-colored: 0 0 #0000; color: #080b17; font-family: Jost, Arial, sans-serif; font-size: 16px;\"><span style=\"--tw-border-spacing-x: 0; --tw-border-spacing-y: 0; --tw-translate-x: 0; --tw-translate-y: 0; --tw-rotate: 0; --tw-skew-x: 0; --tw-skew-y: 0; --tw-scale-x: 1; --tw-scale-y: 1; --tw-scroll-snap-strictness: proximity; --tw-ring-offset-width: 0px; --tw-ring-offset-color: #fff; --tw-ring-color: rgba(59,130,246,.5); --tw-ring-offset-shadow: 0 0 #0000; --tw-ring-shadow: 0 0 #0000; --tw-shadow: 0 0 #0000; --tw-shadow-colored: 0 0 #0000; vertical-align: inherit;\">Fiyat karton ba\u015f\u0131nad\u0131r. 1 kartonda 10 paket x 20 \u00e7ubuk = 200 \u00e7ubuk bulunur.<\/span><\/p>\n<p style=\"margin-bottom: 20px; --tw-border-spacing-x: 0; --tw-border-spacing-y: 0; --tw-translate-x: 0; --tw-translate-y: 0; --tw-rotate: 0; --tw-skew-x: 0; --tw-skew-y: 0; --tw-scale-x: 1; --tw-scale-y: 1; --tw-scroll-snap-strictness: proximity; --tw-ring-offset-width: 0px; --tw-ring-offset-color: #fff; --tw-ring-color: rgba(59,130,246,.5); --tw-ring-offset-shadow: 0 0 #0000; --tw-ring-shadow: 0 0 #0000; --tw-shadow: 0 0 #0000; --tw-shadow-colored: 0 0 #0000; color: #080b17; font-family: Jost, Arial, sans-serif; font-size: 16px;\"><span style=\"--tw-border-spacing-x: 0; --tw-border-spacing-y: 0; --tw-translate-x: 0; --tw-translate-y: 0; --tw-rotate: 0; --tw-skew-x: 0; --tw-skew-y: 0; --tw-scale-x: 1; --tw-scale-y: 1; --tw-scroll-snap-strictness: proximity; --tw-ring-offset-width: 0px; --tw-ring-offset-color: #fff; --tw-ring-color: rgba(59,130,246,.5); --tw-ring-offset-shadow: 0 0 #0000; --tw-ring-shadow: 0 0 #0000; --tw-shadow: 0 0 #0000; --tw-shadow-colored: 0 0 #0000; vertical-align: inherit;\">\u00d6zellikle glo\u2122 i\u00e7in tasarlanm\u0131\u015f birinci s\u0131n\u0131f t\u00fct\u00fcn kar\u0131\u015f\u0131mlar\u0131.<\/span><\/p>\n<p class=\"MsoNormal\" style=\"font-size: 13px;\"><span style=\"font-size: 14px;\">Rusya\u2019daki PMI fabrikas\u0131nda \u00fcretilmi\u015ftir<\/span><\/p>\n<p class=\"MsoNormal\" style=\"font-size: 13px;\"><span style=\"font-size: 14px;\">1 paket-20 \u00e7ubukta.<\/span><br \/>\n<span style=\"font-size: 14px;\">10\u2019luk bir karton kutuda<\/span><\/p>\n<p><b>\u00a0<\/b><\/p>","protected":false},"excerpt":{"rendered":"<p>GLO Hyper Neosticks Sigara\u00a0Sunrise\u00a0Rusya Neo Sticks\u00a0Sunrise\u00a0Aroma, ferahlat\u0131c\u0131 karpuz ve kavun aromas\u0131 ve hafif bir t\u00fct\u00fcn aromas\u0131na sahiptir. Sadece Glo Hyper serisi cihazlarla kullan\u0131labilir. \u00a0 Fiyat karton ba\u015f\u0131nad\u0131r. 1 kartonda 10 paket x 20 \u00e7ubuk = 200 \u00e7ubuk bulunur. \u00d6zellikle glo\u2122 i\u00e7in tasarlanm\u0131\u015f birinci s\u0131n\u0131f t\u00fct\u00fcn kar\u0131\u015f\u0131mlar\u0131. Rusya\u2019daki PMI fabrikas\u0131nda \u00fcretilmi\u015ftir 1 paket-20 \u00e7ubukta. 10\u2019luk bir [&hellip;]<\/p>\n","protected":false},"featured_media":26738,"template":"","meta":[],"product_brand":[64],"product_cat":[76],"product_tag":[157,118,158],"class_list":{"0":"post-26454","1":"product","2":"type-product","3":"status-publish","4":"has-post-thumbnail","6":"product_brand-british-american-tobacco","7":"product_cat-hyper-neostiks-demi","8":"product_tag-glo-hyper-neotsticks-sigara-sunrise","9":"product_tag-hyper-neostiks-demi","10":"product_tag-sunrise","12":"first","13":"instock","14":"shipping-taxable","15":"purchasable","16":"product-type-simple"},"_links":{"self":[{"href":"https:\/\/glonuo.com\/en\/wp-json\/wp\/v2\/product\/26454","targetHints":{"allow":["GET"]}}],"collection":[{"href":"https:\/\/glonuo.com\/en\/wp-json\/wp\/v2\/product"}],"about":[{"href":"https:\/\/glonuo.com\/en\/wp-json\/wp\/v2\/types\/product"}],"version-history":[{"count":3,"href":"https:\/\/glonuo.com\/en\/wp-json\/wp\/v2\/product\/26454\/revisions"}],"predecessor-version":[{"id":26737,"href":"https:\/\/glonuo.com\/en\/wp-json\/wp\/v2\/product\/26454\/revisions\/26737"}],"wp:featuredmedia":[{"embeddable":true,"href":"https:\/\/glonuo.com\/en\/wp-json\/wp\/v2\/media\/26738"}],"wp:attachment":[{"href":"https:\/\/glonuo.com\/en\/wp-json\/wp\/v2\/media?parent=26454"}],"wp:term":[{"taxonomy":"product_brand","embeddable":true,"href":"https:\/\/glonuo.com\/en\/wp-json\/wp\/v2\/product_brand?post=26454"},{"taxonomy":"product_cat","embeddable":true,"href":"https:\/\/glonuo.com\/en\/wp-json\/wp\/v2\/product_cat?post=26454"},{"taxonomy":"product_tag","embeddable":true,"href":"https:\/\/glonuo.com\/en\/wp-json\/wp\/v2\/product_tag?post=26454"}],"curies":[{"name":"wp","href":"https:\/\/api.w.org\/{rel}","templated":true}]}}