{"id":26458,"date":"2026-03-23T22:53:46","date_gmt":"2026-03-23T22:53:46","guid":{"rendered":"https:\/\/www.glonuo.com\/?post_type=product&#038;p=26458"},"modified":"2026-04-09T06:03:31","modified_gmt":"2026-04-09T06:03:31","slug":"kent-glo-turkiye-hyper-air-cihaz-ve-neostiks-kampanya","status":"publish","type":"product","link":"https:\/\/glonuo.com\/en\/product\/kent-glo-turkiye-hyper-air-cihaz-ve-neostiks-kampanya\/","title":{"rendered":"Kent Glo T\u00fcrkiye \u2013 HYPER Air Cihaz ve Neostiks Kampanya"},"content":{"rendered":"<h1 style=\"font-size: 28px; margin-bottom: 16px; font-family: Oswald, sans-serif; color: rgb(45, 45, 45);\"><b style=\"color: inherit; font-family: inherit; font-size: 33px;\">GLO HYPER AIR<\/b><\/h1>\n<h1><span style=\"color: rgb(42, 44, 44); font-family: Mont, sans-serif; font-size: 15px;\">Glo Hyper Air, Hyper serisindeki en yeni t\u00fct\u00fcn \u0131s\u0131tma cihaz\u0131d\u0131r. \u015eu anda Hyper serisinin en kompakt modelidir: glo\u2122 Hyper X2&#8217;den 9 milimetre daha ince ve %25 daha hafiftir. glo\u2122 Hyper Air, neo\u2122 ve KENT serisinde bulunan Demi \u00e7ubuklar\u0131yla uyumludur.<\/span><\/h1>\n<h1>\n<div class=\"product-title\" style=\"margin: 0px 0px 16px; font-size: 26px; line-height: 1.27; font-weight: 700; color: rgb(42, 44, 44); font-family: Mont, sans-serif;\"><font style=\"vertical-align: inherit;\">Tan\u0131m<\/font><\/div>\n<div class=\"product-text\" style=\"font-size: 15px; line-height: 19px; color: rgb(42, 44, 44); font-family: Mont, sans-serif;\">\n<div class=\"metafield-rich_text_field\">\n<p style=\"margin-bottom: 16px; line-height: 19px;\"><font style=\"vertical-align: inherit;\">Glo Hyper Air, glo\u2122 Hyper X2 cihaz\u0131n\u0131n yeni kompakt tasar\u0131ma sahip g\u00fcncellenmi\u015f bir versiyonudur.&nbsp;<\/font><\/p>\n<p style=\"margin-bottom: 16px; line-height: 19px;\"><font style=\"vertical-align: inherit;\">Cihaz, g\u00f6ky\u00fcz\u00fcn\u00fcn farkl\u0131 tonlar\u0131na ayr\u0131lm\u0131\u015f yedi renkte mevcuttur.<\/font><\/p>\n<p style=\"margin-bottom: 16px; line-height: 19px;\"><font style=\"vertical-align: inherit;\">Mevcut glo\u2122 model serisindeki t\u00fcm cihazlar gibi Hyper Air&#8217;in de iki \u00e7al\u0131\u015fma modu vard\u0131r: Standart ve G\u00fc\u00e7lendirme. Boost, bu cihazda kasan\u0131n \u00fczerindeki ayr\u0131 bir d\u00fc\u011fmeyle etkinle\u015ftirilen geli\u015fmi\u015f bir moddur.<\/font><\/p>\n<p style=\"margin-bottom: 0px; line-height: 19px;\"><font style=\"vertical-align: inherit;\">Cihaz, Boost modunda 20 saniyede maksimum 265 \u00b0C \u0131s\u0131tma s\u0131cakl\u0131\u011f\u0131na kadar \u0131s\u0131nacakt\u0131r.<\/font><\/p>\n<p style=\"margin-bottom: 0px; line-height: 19px;\"><font style=\"vertical-align: inherit;\"><br \/><\/font><\/p>\n<\/div>\n<\/div>\n<p><span style=\"color: rgb(42, 44, 44); font-family: Mont, sans-serif; font-size: 26px; font-weight: 700;\">Glo Hyper Air&#8217;in \u00f6zellikleri<\/span><\/h1>\n<h1>\n<div class=\"what-has-changed\" style=\"padding-bottom: 60px; color: rgb(42, 44, 44); overflow: hidden; font-family: Mont, sans-serif; font-size: 20px;\">\n<div class=\"container\" style=\"padding-left: 20px; padding-right: 20px; width: 1200px; --bs-gutter-x: 2.5rem; max-width: 1200px;\">\n<div class=\"product-title\" style=\"margin: 0px 0px 16px; font-size: 26px; line-height: 1.27; font-weight: 700;\"><\/div>\n<div class=\"what-has-changed__grid\" style=\"display: flex; flex-wrap: wrap; margin-bottom: 40px; margin-right: -40px;\">\n<div class=\"what-has-changed__item\" style=\"width: 399.594px; padding-right: 40px;\">\n<div class=\"what-has-changed__item-icon\" style=\"width: 40px; height: 40px; margin-bottom: 24px;\"><img decoding=\"async\" src=\"https:\/\/myglo.com.ua\/cdn\/shop\/files\/icon_led.png?v=1688444290\" alt=\"\" style=\"max-width: 100%;\"><\/div>\n<div class=\"product-text\" style=\"font-size: 15px; line-height: 19px;\"><font style=\"vertical-align: inherit;\">Kompakt ve ince. Cihaz\u0131n boyutlar\u0131 yaln\u0131zca 97,3 x 47,1 x 12,5 mm, a\u011f\u0131rl\u0131\u011f\u0131 ise 75 gramd\u0131r. Cihaz, glo\u2122 Hyper X2&#8217;den 9 mm daha ince ve %25 daha hafiftir<\/font><\/div>\n<\/div>\n<div class=\"what-has-changed__item\" style=\"width: 399.594px; padding-right: 40px;\">\n<div class=\"what-has-changed__item-icon\" style=\"width: 40px; height: 40px; margin-bottom: 24px;\"><img decoding=\"async\" src=\"https:\/\/myglo.com.ua\/cdn\/shop\/files\/icon_iris.png?v=1688444324\" alt=\"\" style=\"max-width: 100%;\"><\/div>\n<div class=\"product-text\" style=\"font-size: 15px; line-height: 19px;\"><font style=\"vertical-align: inherit;\">Uzun \u015farj. Tek \u015farj 20 seansa kadar yeterlidir*<\/font><\/div>\n<\/div>\n<div class=\"what-has-changed__item\" style=\"width: 399.594px; padding-right: 40px;\">\n<div class=\"what-has-changed__item-icon\" style=\"width: 40px; height: 40px; margin-bottom: 24px;\"><img decoding=\"async\" src=\"https:\/\/myglo.com.ua\/cdn\/shop\/files\/icon_time.png?v=1688444362\" alt=\"\" style=\"max-width: 100%;\"><\/div>\n<div class=\"product-text\" style=\"font-size: 15px; line-height: 19px;\"><font style=\"vertical-align: inherit;\">Ayr\u0131 bir Y\u00fckseltme d\u00fc\u011fmesi. Daha fazla doygunluk i\u00e7in geli\u015fmi\u015f modun etkinle\u015ftirilmesi, kasadaki ek bir d\u00fc\u011fme kullan\u0131larak ger\u00e7ekle\u015fir.<\/font><\/div>\n<\/div>\n<\/div>\n<div class=\"product-text mb-16\" style=\"font-size: 15px; line-height: 19px; margin-bottom: 16px;\">\n<div class=\"metafield-rich_text_field\">\n<p style=\"margin-bottom: 0px; line-height: 19px;\"><em style=\"font-size: 10px; line-height: 13px;\"><font style=\"vertical-align: inherit;\"><font style=\"vertical-align: inherit;\">* Pilin tam \u015farjl\u0131 oldu\u011fu varsay\u0131lmaktad\u0131r ve<\/font><\/font><br \/><font style=\"vertical-align: inherit;\"><font style=\"vertical-align: inherit;\">kullan\u0131c\u0131 davran\u0131\u015f\u0131na ba\u011fl\u0131 olarak de\u011fi\u015fiklik g\u00f6sterebilir.<\/font><\/font><\/em><\/p>\n<\/div>\n<\/div>\n<\/div>\n<\/div>\n<div class=\"product-equipment\" style=\"padding-bottom: 100px; overflow: hidden; color: rgb(58, 58, 58); font-family: Mont, sans-serif; font-size: 20px;\">\n<div class=\"container\" style=\"padding-left: 20px; padding-right: 20px; width: 1200px; --bs-gutter-x: 2.5rem; max-width: 1200px;\">\n<div class=\"product-title\" style=\"margin: 0px 0px 16px; font-size: 26px; line-height: 1.27; font-weight: 700;\"><\/div>\n<div class=\"product-equipment__grid\" style=\"flex-wrap: wrap; display: flex;\">\n<div class=\"product-equipment__item\" style=\"display: flex; width: 290px; -webkit-box-orient: vertical; -webkit-box-direction: normal; flex-direction: column; -webkit-box-align: center; align-items: center; text-align: center;\">\n<div class=\"product-equipment__item-img\" style=\"min-height: 140px; display: flex; -webkit-box-pack: center; justify-content: center; -webkit-box-align: center; align-items: center; margin-bottom: 24px;\"><img decoding=\"async\" src=\"https:\/\/myglo.com.ua\/cdn\/shop\/files\/Vector.png?v=1688445339\" alt=\"\" style=\"max-width: 100%;\"><\/div>\n<div class=\"product-text\" style=\"font-size: 15px; line-height: 19px; max-width: 230px; width: 230px; margin: 0px auto;\"><font style=\"vertical-align: inherit;\">glo\u2122 HYPER AIR t\u00fct\u00fcn \u0131s\u0131tma cihaz\u0131<\/font><\/div>\n<\/div>\n<div class=\"product-equipment__item\" style=\"display: flex; width: 290px; -webkit-box-orient: vertical; -webkit-box-direction: normal; flex-direction: column; -webkit-box-align: center; align-items: center; text-align: center;\">\n<div class=\"product-equipment__item-img\" style=\"min-height: 140px; display: flex; -webkit-box-pack: center; justify-content: center; -webkit-box-align: center; align-items: center; margin-bottom: 24px;\"><img decoding=\"async\" src=\"https:\/\/myglo.com.ua\/cdn\/shop\/files\/usb.png?v=1688444461\" alt=\"\" style=\"max-width: 100%;\"><\/div>\n<div class=\"product-text\" style=\"font-size: 15px; line-height: 19px; max-width: 230px; width: 230px; margin: 0px auto;\"><font style=\"vertical-align: inherit;\">USB kablosu<\/font><\/div>\n<\/div>\n<div class=\"product-equipment__item\" style=\"display: flex; width: 290px; -webkit-box-orient: vertical; -webkit-box-direction: normal; flex-direction: column; -webkit-box-align: center; align-items: center; text-align: center;\">\n<div class=\"product-equipment__item-img\" style=\"min-height: 140px; display: flex; -webkit-box-pack: center; justify-content: center; -webkit-box-align: center; align-items: center; margin-bottom: 24px;\"><img decoding=\"async\" src=\"https:\/\/myglo.com.ua\/cdn\/shop\/files\/cleaner.png?v=1688444503\" alt=\"\" style=\"max-width: 100%;\"><\/div>\n<div class=\"product-text\" style=\"font-size: 15px; line-height: 19px; max-width: 230px; width: 230px; margin: 0px auto;\"><font style=\"vertical-align: inherit;\">Temizlik i\u00e7in f\u0131r\u00e7a<\/font><\/div>\n<\/div>\n<div class=\"product-equipment__item\" style=\"display: flex; width: 290px; -webkit-box-orient: vertical; -webkit-box-direction: normal; flex-direction: column; -webkit-box-align: center; align-items: center; text-align: center;\">\n<div class=\"product-equipment__item-img\" style=\"min-height: 140px; display: flex; -webkit-box-pack: center; justify-content: center; -webkit-box-align: center; align-items: center; margin-bottom: 24px;\"><img decoding=\"async\" src=\"https:\/\/myglo.com.ua\/cdn\/shop\/files\/instr.png?v=1688444547\" alt=\"\" style=\"max-width: 100%;\"><\/div>\n<div class=\"product-text\" style=\"font-size: 15px; line-height: 19px; max-width: 230px; width: 230px; margin: 0px auto;\">\n<div class=\"metafield-rich_text_field\">\n<p style=\"margin-bottom: 0px; line-height: 19px;\"><a href=\"https:\/\/cdn.shopify.com\/s\/files\/1\/0072\/8111\/5254\/files\/Hyper_X2_AIR_instruction.pdf?v=1681294451\" aria-describedby=\"a11y-external-message\" style=\"color: rgb(255, 158, 27); text-decoration-line: underline; touch-action: manipulation; font-size: inherit; line-height: inherit; transition: 0.3s; text-shadow: transparent -0.25px -0.25px 0px, transparent 0.25px 0.25px;\"><font style=\"vertical-align: inherit;\"><\/font><\/a><br \/><font style=\"vertical-align: inherit;\"><font style=\"vertical-align: inherit;\">glo\u2122 HYPER AIR&nbsp;<\/font><a href=\"https:\/\/cdn.shopify.com\/s\/files\/1\/0072\/8111\/5254\/files\/Hyper_X2_AIR_instruction.pdf?v=1681294451\" aria-describedby=\"a11y-external-message\" style=\"color: rgb(255, 158, 27); text-decoration-line: underline; touch-action: manipulation; font-size: inherit; line-height: inherit; transition: 0.3s; text-shadow: transparent -0.25px -0.25px 0px, transparent 0.25px 0.25px;\"><font style=\"vertical-align: inherit;\">kullan\u0131m k\u0131lavuzu<\/font><\/a><\/font><\/p>\n<\/div>\n<\/div>\n<\/div>\n<\/div>\n<\/div>\n<\/div>\n<p><b><br \/><\/b><\/h1>","protected":false},"excerpt":{"rendered":"<p>GLO HYPER AIR Glo Hyper Air, Hyper serisindeki en yeni t\u00fct\u00fcn \u0131s\u0131tma cihaz\u0131d\u0131r. \u015eu anda Hyper serisinin en kompakt modelidir: glo\u2122 Hyper X2&#8217;den 9 milimetre daha ince ve %25 daha hafiftir. glo\u2122 Hyper Air, neo\u2122 ve KENT serisinde bulunan Demi \u00e7ubuklar\u0131yla uyumludur. Tan\u0131m Glo Hyper Air, glo\u2122 Hyper X2 cihaz\u0131n\u0131n yeni kompakt tasar\u0131ma sahip g\u00fcncellenmi\u015f [&hellip;]<\/p>\n","protected":false},"featured_media":26506,"template":"","meta":[],"product_brand":[64],"product_cat":[104,190],"product_tag":[163],"class_list":{"0":"post-26458","1":"product","2":"type-product","3":"status-publish","4":"has-post-thumbnail","6":"product_brand-british-american-tobacco","7":"product_cat-glo-hyper-air","8":"product_cat-tum-urunler","9":"product_tag-kent-glo-turkiye-hyper-air-cihaz-ve-neostiks-kampanya","11":"first","12":"instock","13":"shipping-taxable","14":"purchasable","15":"product-type-simple"},"_links":{"self":[{"href":"https:\/\/glonuo.com\/en\/wp-json\/wp\/v2\/product\/26458","targetHints":{"allow":["GET"]}}],"collection":[{"href":"https:\/\/glonuo.com\/en\/wp-json\/wp\/v2\/product"}],"about":[{"href":"https:\/\/glonuo.com\/en\/wp-json\/wp\/v2\/types\/product"}],"version-history":[{"count":1,"href":"https:\/\/glonuo.com\/en\/wp-json\/wp\/v2\/product\/26458\/revisions"}],"predecessor-version":[{"id":26507,"href":"https:\/\/glonuo.com\/en\/wp-json\/wp\/v2\/product\/26458\/revisions\/26507"}],"wp:featuredmedia":[{"embeddable":true,"href":"https:\/\/glonuo.com\/en\/wp-json\/wp\/v2\/media\/26506"}],"wp:attachment":[{"href":"https:\/\/glonuo.com\/en\/wp-json\/wp\/v2\/media?parent=26458"}],"wp:term":[{"taxonomy":"product_brand","embeddable":true,"href":"https:\/\/glonuo.com\/en\/wp-json\/wp\/v2\/product_brand?post=26458"},{"taxonomy":"product_cat","embeddable":true,"href":"https:\/\/glonuo.com\/en\/wp-json\/wp\/v2\/product_cat?post=26458"},{"taxonomy":"product_tag","embeddable":true,"href":"https:\/\/glonuo.com\/en\/wp-json\/wp\/v2\/product_tag?post=26458"}],"curies":[{"name":"wp","href":"https:\/\/api.w.org\/{rel}","templated":true}]}}