{"id":26460,"date":"2026-03-23T22:53:46","date_gmt":"2026-03-23T22:53:46","guid":{"rendered":"https:\/\/www.glonuo.com\/?post_type=product&#038;p=26460"},"modified":"2026-04-09T06:41:08","modified_gmt":"2026-04-09T06:41:08","slug":"virto-signature","status":"publish","type":"product","link":"https:\/\/glonuo.com\/en\/product\/virto-signature\/","title":{"rendered":"Virto Signature"},"content":{"rendered":"<h3><b>Virto Signature<\/b><\/h3>\n<p>VIRTO Signature Tobacco, p\u00fcr\u00fczs\u00fcz yo\u011funlukla ve s\u0131cak, yuvarlak bir biti\u015fle zengin, dolgun bir t\u00fct\u00fcn profili sunar. Glo Hilo ve glo Hilo Plus cihazlar\u0131yla uyumlu.<\/p>\n<h4><b><br \/><\/b><\/h4>\n<h4><b>Tan\u0131m<\/b><\/h4>\n<div><\/div>\n<div>\n<div><b>VIRTO Signature Tobacco<\/b>, daha derin klasik ve daha g\u00fc\u00e7l\u00fc bir v\u00fccuda tercih eden yeti\u015fkin kullan\u0131c\u0131lar i\u00e7in \u0131s\u0131t\u0131lan bir t\u00fct\u00fcn \u00e7ubu\u011fudur. \u0130lk olarak, oturum kendine \u00f6zg\u00fc bir t\u00fct\u00fcn aromas\u0131 ve zengin, dengeli bir karakterle a\u00e7\u0131l\u0131yor. Sonu\u00e7 olarak, tad\u0131 ilk \u00e7ekimlerden itibaren dolgun, s\u0131cak ve sabit hissettiriyor.<\/div>\n<div><\/div>\n<div>Sonra profil p\u00fcr\u00fczs\u00fcz yo\u011funluk ve yuvarlak derinlikle geli\u015fir. Bu nedenle, kar\u0131\u015f\u0131m sert de\u011fil, cesur ama kontroll\u00fc hissettiriyor. Daha taze veya kaps\u00fcl varyantlar\u0131n aksine, bu se\u00e7enek t\u00fct\u00fcn zenginli\u011fi ve kal\u0131c\u0131 bir biti\u015f odakl\u0131 kal\u0131r.<\/div>\n<div><\/div>\n<div>Glo Hilo ve glo Hilo Plus cihazlar\u0131 i\u00e7in tasarlanan bu \u0131s\u0131tmal\u0131 t\u00fct\u00fcn \u00e7ubuklar\u0131, Hilo platformu i\u00e7in cihaza \u00f6zg\u00fc bir format kullan\u0131r. \u00c7ubuk yanmak yerine \u0131s\u0131t\u0131ld\u0131\u011f\u0131ndan, seans k\u00fcl i\u00e7ermeyen dumans\u0131z bir alternatif sunar. Ayr\u0131ca, format d\u00fczenli kullan\u0131m i\u00e7in tutarl\u0131 lezzet da\u011f\u0131t\u0131m\u0131n\u0131 destekler.<\/div>\n<div><\/div>\n<div>Genel olarak, VIRTO Signature Tobacco, p\u00fcr\u00fczs\u00fcz yo\u011funluk ve klasik derinli\u011fe sahip zengin \u0131s\u0131t\u0131lan t\u00fct\u00fcn kar\u0131\u015f\u0131m\u0131 isteyen kullan\u0131c\u0131lar i\u00e7in pratik bir tercihtir.<\/div>\n<div><\/div>\n<h4><b>Neden VIRTO \u0130mzal\u0131 T\u00fct\u00fcn\u00fcn\u00fc Se\u00e7in<\/b><\/h4>\n<ul>\n<li>Zengin, dolgun g\u00f6vdeli t\u00fct\u00fcn profili ve p\u00fcr\u00fczs\u00fcz yo\u011funluk<\/li>\n<li>S\u0131cak, yuvarlak bir y\u00fczey ve klasik t\u00fct\u00fcn derinli\u011fi<\/li>\n<li>Glo Hilo ve glo Hilo Plus cihazlar\u0131yla uyumlu<\/li>\n<li>K\u00fcl olmadan \u0131s\u0131tmal\u0131 format<\/li>\n<\/ul>\n<p>&nbsp;Fiyat 1 kutu ba\u015f\u0131na (10 paket \u2013 200 \u00e7ubuk)<\/p>\n<p>Kargo maliyetleri \u00f6deme s\u0131ras\u0131nda hesaplan\u0131r.<\/p>\n<\/div>\n<div><\/div>","protected":false},"excerpt":{"rendered":"<p>Virto Signature VIRTO Signature Tobacco, p\u00fcr\u00fczs\u00fcz yo\u011funlukla ve s\u0131cak, yuvarlak bir biti\u015fle zengin, dolgun bir t\u00fct\u00fcn profili sunar. Glo Hilo ve glo Hilo Plus cihazlar\u0131yla uyumlu. Tan\u0131m VIRTO Signature Tobacco, daha derin klasik ve daha g\u00fc\u00e7l\u00fc bir v\u00fccuda tercih eden yeti\u015fkin kullan\u0131c\u0131lar i\u00e7in \u0131s\u0131t\u0131lan bir t\u00fct\u00fcn \u00e7ubu\u011fudur. \u0130lk olarak, oturum kendine \u00f6zg\u00fc bir t\u00fct\u00fcn aromas\u0131 [&hellip;]<\/p>\n","protected":false},"featured_media":26508,"template":"","meta":[],"product_brand":[64],"product_cat":[190,191],"product_tag":[165],"class_list":{"0":"post-26460","1":"product","2":"type-product","3":"status-publish","4":"has-post-thumbnail","6":"product_brand-british-american-tobacco","7":"product_cat-tum-urunler","8":"product_cat-virto","9":"product_tag-virto-signature","11":"first","12":"instock","13":"shipping-taxable","14":"purchasable","15":"product-type-simple"},"_links":{"self":[{"href":"https:\/\/glonuo.com\/en\/wp-json\/wp\/v2\/product\/26460","targetHints":{"allow":["GET"]}}],"collection":[{"href":"https:\/\/glonuo.com\/en\/wp-json\/wp\/v2\/product"}],"about":[{"href":"https:\/\/glonuo.com\/en\/wp-json\/wp\/v2\/types\/product"}],"version-history":[{"count":1,"href":"https:\/\/glonuo.com\/en\/wp-json\/wp\/v2\/product\/26460\/revisions"}],"predecessor-version":[{"id":26509,"href":"https:\/\/glonuo.com\/en\/wp-json\/wp\/v2\/product\/26460\/revisions\/26509"}],"wp:featuredmedia":[{"embeddable":true,"href":"https:\/\/glonuo.com\/en\/wp-json\/wp\/v2\/media\/26508"}],"wp:attachment":[{"href":"https:\/\/glonuo.com\/en\/wp-json\/wp\/v2\/media?parent=26460"}],"wp:term":[{"taxonomy":"product_brand","embeddable":true,"href":"https:\/\/glonuo.com\/en\/wp-json\/wp\/v2\/product_brand?post=26460"},{"taxonomy":"product_cat","embeddable":true,"href":"https:\/\/glonuo.com\/en\/wp-json\/wp\/v2\/product_cat?post=26460"},{"taxonomy":"product_tag","embeddable":true,"href":"https:\/\/glonuo.com\/en\/wp-json\/wp\/v2\/product_tag?post=26460"}],"curies":[{"name":"wp","href":"https:\/\/api.w.org\/{rel}","templated":true}]}}