{"id":26461,"date":"2026-03-23T22:53:46","date_gmt":"2026-03-23T22:53:46","guid":{"rendered":"https:\/\/www.glonuo.com\/?post_type=product&#038;p=26461"},"modified":"2026-04-09T06:41:01","modified_gmt":"2026-04-09T06:41:01","slug":"virto-copper","status":"publish","type":"product","link":"https:\/\/glonuo.com\/en\/product\/virto-copper\/","title":{"rendered":"Virto Copper"},"content":{"rendered":"<h3><b>Virto Copper<\/b><\/h3>\n<p>VIRTO Copper Tobacco, s\u0131cak baharatl\u0131 notalar ve yuvarlak aromatik bir g\u00f6r\u00fcn\u00fcmle zengin bir t\u00fct\u00fcn profili sunar; daha dolgun klasik bir seans sunar. Glo Hilo ve glo Hilo Plus cihazlar\u0131yla uyumlu.<\/p>\n<h4><b style=\"color: inherit; font-family: inherit;\">Tan\u0131m<\/b><\/h4>\n<p>VIRTO Copper Tobacco, daha zengin ve daha aromatik derinli\u011fe sahip klasik bir profil tercih eden yeti\u015fkin kullan\u0131c\u0131lar i\u00e7in \u0131s\u0131t\u0131lan bir t\u00fct\u00fcn \u00e7ubu\u011fudur. \u0130lk olarak, oturum s\u0131cak bir t\u00fct\u00fcn karakteri ve p\u00fcr\u00fczs\u00fcz, yuvarlak bir v\u00fccutla a\u00e7\u0131l\u0131yor. Sonu\u00e7 olarak, ilk \u00e7ekimlerden itibaren tad\u0131 dolgun ve sabit hissettiriyor.<\/p>\n<p><\/p>\n<p>Sonra baharatl\u0131 tadlar ekstra derinlik ve daha belirgin bir biti\u015f kat\u0131yor. Bu nedenle, kar\u0131\u015f\u0131m hafif t\u00fct\u00fcn \u00e7e\u015fitlerinden daha cesur hissettirirken, dengeli ve kontroll\u00fc kal\u0131yor. Meyveli veya serinleyici se\u00e7eneklerin aksine, bu profil klasik t\u00fct\u00fcn tad\u0131na odaklan\u0131yor.<\/p>\n<p><\/p>\n<p>Glo Hilo ve glo Hilo Plus cihazlar\u0131 i\u00e7in tasarlanan bu \u0131s\u0131tmal\u0131 t\u00fct\u00fcn \u00e7ubuklar\u0131, Hilo platformu i\u00e7in cihaza \u00f6zg\u00fc bir format kullan\u0131r. \u00c7ubuk yanmak yerine \u0131s\u0131t\u0131ld\u0131\u011f\u0131ndan, seans k\u00fcl i\u00e7ermeyen dumans\u0131z bir alternatif sunar. Ayr\u0131ca, format d\u00fczenli kullan\u0131m i\u00e7in tutarl\u0131 lezzet da\u011f\u0131t\u0131m\u0131n\u0131 destekler.<\/p>\n<p><\/p>\n<p>Genel olarak, VIRTO Copper T\u00fct\u00fcn, baharatl\u0131 aromatik karaktere ve yuvarlak bir biti\u015fe sahip s\u0131cak, zengin \u0131s\u0131t\u0131lan t\u00fct\u00fcn kar\u0131\u015f\u0131m\u0131 isteyen kullan\u0131c\u0131lar i\u00e7in pratik bir tercihtir.<\/p>\n<p><\/p>\n<h4><b>Neden VIRTO Copper T\u00fct\u00fcn\u00fcn\u00fc Se\u00e7melisiniz<\/b><\/h4>\n<ul>\n<li>S\u0131cak baharatl\u0131 notlarla zengin t\u00fct\u00fcn profili<\/li>\n<li>Klasik tat y\u00f6n\u00fcyle yuvarlak aromatik bir sonluk<\/li>\n<li>Glo Hilo ve glo Hilo Plus cihazlar\u0131yla uyumlu<\/li>\n<li>K\u00fcl olmadan \u0131s\u0131tmal\u0131 format<\/li>\n<\/ul>\n<p>Fiyat 1 kutu ba\u015f\u0131na (10 paket \u2013 200 \u00e7ubuk)<\/p>\n<p>Kargo maliyetleri \u00f6deme s\u0131ras\u0131nda hesaplan\u0131r.<\/p><\/p>","protected":false},"excerpt":{"rendered":"<p>Virto Copper VIRTO Copper Tobacco, s\u0131cak baharatl\u0131 notalar ve yuvarlak aromatik bir g\u00f6r\u00fcn\u00fcmle zengin bir t\u00fct\u00fcn profili sunar; daha dolgun klasik bir seans sunar. Glo Hilo ve glo Hilo Plus cihazlar\u0131yla uyumlu. Tan\u0131m VIRTO Copper Tobacco, daha zengin ve daha aromatik derinli\u011fe sahip klasik bir profil tercih eden yeti\u015fkin kullan\u0131c\u0131lar i\u00e7in \u0131s\u0131t\u0131lan bir t\u00fct\u00fcn \u00e7ubu\u011fudur. [&hellip;]<\/p>\n","protected":false},"featured_media":26510,"template":"","meta":[],"product_brand":[64],"product_cat":[190,191],"product_tag":[167],"class_list":{"0":"post-26461","1":"product","2":"type-product","3":"status-publish","4":"has-post-thumbnail","6":"product_brand-british-american-tobacco","7":"product_cat-tum-urunler","8":"product_cat-virto","9":"product_tag-virto-copper","11":"first","12":"outofstock","13":"shipping-taxable","14":"purchasable","15":"product-type-simple"},"_links":{"self":[{"href":"https:\/\/glonuo.com\/en\/wp-json\/wp\/v2\/product\/26461","targetHints":{"allow":["GET"]}}],"collection":[{"href":"https:\/\/glonuo.com\/en\/wp-json\/wp\/v2\/product"}],"about":[{"href":"https:\/\/glonuo.com\/en\/wp-json\/wp\/v2\/types\/product"}],"version-history":[{"count":1,"href":"https:\/\/glonuo.com\/en\/wp-json\/wp\/v2\/product\/26461\/revisions"}],"predecessor-version":[{"id":26511,"href":"https:\/\/glonuo.com\/en\/wp-json\/wp\/v2\/product\/26461\/revisions\/26511"}],"wp:featuredmedia":[{"embeddable":true,"href":"https:\/\/glonuo.com\/en\/wp-json\/wp\/v2\/media\/26510"}],"wp:attachment":[{"href":"https:\/\/glonuo.com\/en\/wp-json\/wp\/v2\/media?parent=26461"}],"wp:term":[{"taxonomy":"product_brand","embeddable":true,"href":"https:\/\/glonuo.com\/en\/wp-json\/wp\/v2\/product_brand?post=26461"},{"taxonomy":"product_cat","embeddable":true,"href":"https:\/\/glonuo.com\/en\/wp-json\/wp\/v2\/product_cat?post=26461"},{"taxonomy":"product_tag","embeddable":true,"href":"https:\/\/glonuo.com\/en\/wp-json\/wp\/v2\/product_tag?post=26461"}],"curies":[{"name":"wp","href":"https:\/\/api.w.org\/{rel}","templated":true}]}}