{"id":26462,"date":"2026-03-23T22:53:46","date_gmt":"2026-03-23T22:53:46","guid":{"rendered":"https:\/\/www.glonuo.com\/?post_type=product&#038;p=26462"},"modified":"2026-04-09T06:39:41","modified_gmt":"2026-04-09T06:39:41","slug":"virto-balanced-tobacco","status":"publish","type":"product","link":"https:\/\/glonuo.com\/en\/product\/virto-balanced-tobacco\/","title":{"rendered":"VIRTO Balanced Tobacco"},"content":{"rendered":"<h3><b>VIRTO Balanced Tobacco<\/b><\/h3>\n<p>VIRTO Balanced Tobacco, g\u00fcnl\u00fck kullan\u0131m i\u00e7in temiz, klasik bir karaktere sahip p\u00fcr\u00fczs\u00fcz, dengeli bir t\u00fct\u00fcn profili sunar. Glo Hilo ve glo Hilo Plus cihazlar\u0131yla uyumlu.<\/p>\n<h4><b><br \/><\/b><\/h4>\n<h4><b>Tan\u0131m<\/b><\/h4>\n<p><b>VIRTO Balanced Tobacco<\/b>, dengeli yo\u011funlukta klasik bir profil tercih eden yeti\u015fkin kullan\u0131c\u0131lar i\u00e7in \u0131s\u0131t\u0131lan bir t\u00fct\u00fcn \u00e7ubu\u011fudur. \u0130lk olarak, oturum p\u00fcr\u00fczs\u00fcz bir t\u00fct\u00fcn karakteri ve dengeli, kontroll\u00fc bir v\u00fccutla a\u00e7\u0131l\u0131yor. Sonu\u00e7 olarak, tad\u0131 ilk \u00e7ekimlerden itibaren temiz ve kolay hissettiriyor.<\/p>\n<p><\/p>\n<p>Sonra profil, biti\u015f boyunca t\u00fct\u00fcn etkisinde kal\u0131r, g\u00fc\u00e7l\u00fc so\u011fuma veya meyvemsi notalara ge\u00e7mez. Bu nedenle, bu se\u00e7enek daha keskin ve taze varyantlara veya daha zengin kar\u0131\u015f\u0131mlara g\u00f6re daha \u00e7ok y\u00f6nl\u00fc hissettiriyor. T\u0131k tatlar\u0131n\u0131n aksine, d\u00fczenli kullan\u0131m i\u00e7in klasik t\u00fct\u00fcn y\u00f6n\u00fcne odaklan\u0131r.<\/p>\n<p><\/p>\n<p>Glo Hilo ve glo Hilo Plus cihazlar\u0131 i\u00e7in tasarlanan bu \u0131s\u0131tmal\u0131 t\u00fct\u00fcn \u00e7ubuklar\u0131, Hilo platformu i\u00e7in cihaza \u00f6zg\u00fc bir format kullan\u0131r. \u00c7ubuk yanmak yerine \u0131s\u0131t\u0131ld\u0131\u011f\u0131ndan, seans k\u00fcl i\u00e7ermeyen dumans\u0131z bir alternatif sunar. Ayr\u0131ca, format g\u00fcnl\u00fck kullan\u0131m i\u00e7in tutarl\u0131 lezzet sunumunu destekler.<\/p>\n<p><\/p>\n<p>Genel olarak, VIRTO Balanced Tobacco, dengeli karaktere ve tan\u0131d\u0131k bir biti\u015fe sahip p\u00fcr\u00fczs\u00fcz, \u0131s\u0131t\u0131lm\u0131\u015f t\u00fct\u00fcn kar\u0131\u015f\u0131m\u0131 isteyen kullan\u0131c\u0131lar i\u00e7in pratik bir tercihtir.<\/p>\n<p><\/p>\n<h4><b>Neden VIRTO Balanced Tobacco Se\u00e7melisiniz<\/b><\/h4>\n<ul>\n<li>Dengeli t\u00fct\u00fcn profili ve p\u00fcr\u00fczs\u00fcz klasik karakter<\/li>\n<li>G\u00fcnl\u00fck kullan\u0131m i\u00e7in temiz, sabit bir y\u00fczey<\/li>\n<li>Glo Hilo ve glo Hilo Plus cihazlar\u0131yla uyumlu<\/li>\n<li>K\u00fcl olmadan \u0131s\u0131tmal\u0131 format<\/li>\n<\/ul>\n<p>Fiyat 1 kutu ba\u015f\u0131na (10 paket \u2013 200 \u00e7ubuk)<\/p>\n<p>Kargo maliyetleri \u00f6deme s\u0131ras\u0131nda hesaplan\u0131r.<\/p><\/p>","protected":false},"excerpt":{"rendered":"<p>VIRTO Balanced Tobacco VIRTO Balanced Tobacco, g\u00fcnl\u00fck kullan\u0131m i\u00e7in temiz, klasik bir karaktere sahip p\u00fcr\u00fczs\u00fcz, dengeli bir t\u00fct\u00fcn profili sunar. Glo Hilo ve glo Hilo Plus cihazlar\u0131yla uyumlu. Tan\u0131m VIRTO Balanced Tobacco, dengeli yo\u011funlukta klasik bir profil tercih eden yeti\u015fkin kullan\u0131c\u0131lar i\u00e7in \u0131s\u0131t\u0131lan bir t\u00fct\u00fcn \u00e7ubu\u011fudur. \u0130lk olarak, oturum p\u00fcr\u00fczs\u00fcz bir t\u00fct\u00fcn karakteri ve dengeli, [&hellip;]<\/p>\n","protected":false},"featured_media":26512,"template":"","meta":[],"product_brand":[64],"product_cat":[190,191],"product_tag":[169],"class_list":{"0":"post-26462","1":"product","2":"type-product","3":"status-publish","4":"has-post-thumbnail","6":"product_brand-british-american-tobacco","7":"product_cat-tum-urunler","8":"product_cat-virto","9":"product_tag-virto-balanced-tobacco","11":"first","12":"instock","13":"shipping-taxable","14":"purchasable","15":"product-type-simple"},"_links":{"self":[{"href":"https:\/\/glonuo.com\/en\/wp-json\/wp\/v2\/product\/26462","targetHints":{"allow":["GET"]}}],"collection":[{"href":"https:\/\/glonuo.com\/en\/wp-json\/wp\/v2\/product"}],"about":[{"href":"https:\/\/glonuo.com\/en\/wp-json\/wp\/v2\/types\/product"}],"version-history":[{"count":1,"href":"https:\/\/glonuo.com\/en\/wp-json\/wp\/v2\/product\/26462\/revisions"}],"predecessor-version":[{"id":26513,"href":"https:\/\/glonuo.com\/en\/wp-json\/wp\/v2\/product\/26462\/revisions\/26513"}],"wp:featuredmedia":[{"embeddable":true,"href":"https:\/\/glonuo.com\/en\/wp-json\/wp\/v2\/media\/26512"}],"wp:attachment":[{"href":"https:\/\/glonuo.com\/en\/wp-json\/wp\/v2\/media?parent=26462"}],"wp:term":[{"taxonomy":"product_brand","embeddable":true,"href":"https:\/\/glonuo.com\/en\/wp-json\/wp\/v2\/product_brand?post=26462"},{"taxonomy":"product_cat","embeddable":true,"href":"https:\/\/glonuo.com\/en\/wp-json\/wp\/v2\/product_cat?post=26462"},{"taxonomy":"product_tag","embeddable":true,"href":"https:\/\/glonuo.com\/en\/wp-json\/wp\/v2\/product_tag?post=26462"}],"curies":[{"name":"wp","href":"https:\/\/api.w.org\/{rel}","templated":true}]}}