{"id":26463,"date":"2026-03-23T22:53:46","date_gmt":"2026-03-23T22:53:46","guid":{"rendered":"https:\/\/www.glonuo.com\/?post_type=product&#038;p=26463"},"modified":"2026-04-09T06:39:32","modified_gmt":"2026-04-09T06:39:32","slug":"virto-azure-tobacco","status":"publish","type":"product","link":"https:\/\/glonuo.com\/en\/product\/virto-azure-tobacco\/","title":{"rendered":"VIRTO Azure Tobacco"},"content":{"rendered":"<h3><b>VIRTO Azure Tobacco<\/b><\/h3>\n<p>VIRTO Azure Tobacco, p\u00fcr\u00fczs\u00fcz ve temiz bir biti\u015f i\u00e7in ferahlat\u0131c\u0131 serinletici bir nota sahip klasik t\u00fct\u00fcn profili sunar. Glo Hilo ve glo Hilo Plus cihazlar\u0131yla uyumlu.<\/p>\n<h4><b><br \/><\/b><\/h4>\n<h4><b>Tan\u0131m<\/b><\/h4>\n<p>VIRTO Azure Tobacco, klasik t\u00fct\u00fcn aromas\u0131n\u0131 tercih eden yeti\u015fkin kullan\u0131c\u0131lar i\u00e7in \u0131s\u0131t\u0131lm\u0131\u015f bir t\u00fct\u00fcn \u00e7ubu\u011fudur. \u0130lk olarak, oturum tan\u0131d\u0131k bir t\u00fct\u00fcn karakteri ve p\u00fcr\u00fczs\u00fcz, dengeli bir v\u00fccutla a\u00e7\u0131l\u0131yor. Sonu\u00e7 olarak, tad\u0131 ilk \u00e7ekimlerden itibaren temiz ve kolay hissettiriyor.<\/p>\n<p><\/p>\n<p>Sonra hafif bir so\u011futma notas\u0131 profile tazelik kat\u0131yor. Bu nedenle, kar\u0131\u015f\u0131m klasik bir se\u00e7enekten daha canl\u0131 hissettirir ve t\u00fct\u00fcn odakl\u0131 bir y\u00f6n\u00fc koruyor. Meyveli t\u0131k varyantlar\u0131n\u0131n aksine, bu se\u00e7enek t\u00fct\u00fcn tad\u0131na odaklan\u0131r ve ferahlat\u0131c\u0131 bir sonlu\u011fa sahiptir.<\/p>\n<p><\/p>\n<p>Glo Hilo ve glo Hilo Plus cihazlar\u0131 i\u00e7in tasarlanan bu \u0131s\u0131tmal\u0131 t\u00fct\u00fcn \u00e7ubuklar\u0131, Hilo platformu i\u00e7in cihaza \u00f6zg\u00fc bir format kullan\u0131r. \u00c7ubuk yanmak yerine \u0131s\u0131t\u0131ld\u0131\u011f\u0131ndan, seans k\u00fcl i\u00e7ermeyen dumans\u0131z bir alternatif sunar. Ayr\u0131ca, format d\u00fczenli kullan\u0131m i\u00e7in tutarl\u0131 lezzet da\u011f\u0131t\u0131m\u0131n\u0131 destekler.<\/p>\n<p><\/p>\n<p>Genel olarak, VIRTO Azure Tobacco, serinleyici bir vurgu ve g\u00fcnl\u00fck dengeye sahip klasik \u0131s\u0131t\u0131lm\u0131\u015f t\u00fct\u00fcn kar\u0131\u015f\u0131m\u0131 isteyen kullan\u0131c\u0131lar i\u00e7in pratik bir tercihtir.<\/p>\n<p><\/p>\n<h4><b>Neden VIRTO Azure Tobacco Se\u00e7melisiniz<\/b><\/h4>\n<ul>\n<li>Ferahlat\u0131c\u0131 bir serinletici nota sahip klasik t\u00fct\u00fcn profili<\/li>\n<li>G\u00fcnl\u00fck kullan\u0131m i\u00e7in p\u00fcr\u00fczs\u00fcz, temiz bir y\u00fczey<\/li>\n<li>Glo Hilo ve glo Hilo Plus cihazlar\u0131yla uyumlu<\/li>\n<li>K\u00fcl olmadan \u0131s\u0131tmal\u0131 format<\/li>\n<\/ul>\n<p>Fiyat 1 kutu ba\u015f\u0131na (10 paket \u2013 200 \u00e7ubuk)<\/p>\n<p>Kargo maliyetleri \u00f6deme s\u0131ras\u0131nda hesaplan\u0131r.<\/p><\/p>","protected":false},"excerpt":{"rendered":"<p>VIRTO Azure Tobacco VIRTO Azure Tobacco, p\u00fcr\u00fczs\u00fcz ve temiz bir biti\u015f i\u00e7in ferahlat\u0131c\u0131 serinletici bir nota sahip klasik t\u00fct\u00fcn profili sunar. Glo Hilo ve glo Hilo Plus cihazlar\u0131yla uyumlu. Tan\u0131m VIRTO Azure Tobacco, klasik t\u00fct\u00fcn aromas\u0131n\u0131 tercih eden yeti\u015fkin kullan\u0131c\u0131lar i\u00e7in \u0131s\u0131t\u0131lm\u0131\u015f bir t\u00fct\u00fcn \u00e7ubu\u011fudur. \u0130lk olarak, oturum tan\u0131d\u0131k bir t\u00fct\u00fcn karakteri ve p\u00fcr\u00fczs\u00fcz, dengeli [&hellip;]<\/p>\n","protected":false},"featured_media":26514,"template":"","meta":[],"product_brand":[64],"product_cat":[190,191],"product_tag":[170],"class_list":{"0":"post-26463","1":"product","2":"type-product","3":"status-publish","4":"has-post-thumbnail","6":"product_brand-british-american-tobacco","7":"product_cat-tum-urunler","8":"product_cat-virto","9":"product_tag-virto-azure-tobacco","11":"first","12":"instock","13":"shipping-taxable","14":"purchasable","15":"product-type-simple"},"_links":{"self":[{"href":"https:\/\/glonuo.com\/en\/wp-json\/wp\/v2\/product\/26463","targetHints":{"allow":["GET"]}}],"collection":[{"href":"https:\/\/glonuo.com\/en\/wp-json\/wp\/v2\/product"}],"about":[{"href":"https:\/\/glonuo.com\/en\/wp-json\/wp\/v2\/types\/product"}],"version-history":[{"count":1,"href":"https:\/\/glonuo.com\/en\/wp-json\/wp\/v2\/product\/26463\/revisions"}],"predecessor-version":[{"id":26515,"href":"https:\/\/glonuo.com\/en\/wp-json\/wp\/v2\/product\/26463\/revisions\/26515"}],"wp:featuredmedia":[{"embeddable":true,"href":"https:\/\/glonuo.com\/en\/wp-json\/wp\/v2\/media\/26514"}],"wp:attachment":[{"href":"https:\/\/glonuo.com\/en\/wp-json\/wp\/v2\/media?parent=26463"}],"wp:term":[{"taxonomy":"product_brand","embeddable":true,"href":"https:\/\/glonuo.com\/en\/wp-json\/wp\/v2\/product_brand?post=26463"},{"taxonomy":"product_cat","embeddable":true,"href":"https:\/\/glonuo.com\/en\/wp-json\/wp\/v2\/product_cat?post=26463"},{"taxonomy":"product_tag","embeddable":true,"href":"https:\/\/glonuo.com\/en\/wp-json\/wp\/v2\/product_tag?post=26463"}],"curies":[{"name":"wp","href":"https:\/\/api.w.org\/{rel}","templated":true}]}}