{"id":26518,"date":"2026-03-23T22:53:59","date_gmt":"2026-03-23T22:53:59","guid":{"rendered":"https:\/\/www.glonuo.com\/?post_type=product&#038;p=26518"},"modified":"2026-04-09T05:58:58","modified_gmt":"2026-04-09T05:58:58","slug":"rivo-scarlet-click","status":"publish","type":"product","link":"https:\/\/glonuo.com\/en\/product\/rivo-scarlet-click\/","title":{"rendered":"Rivo Scarlet Click"},"content":{"rendered":"<h3><b>Rivo Scarlet Click<\/b><\/h3>\n<p>RIVO Scarlet Click k\u0131rm\u0131z\u0131 meyve aromas\u0131 profili sunarken, click kaps\u00fcl\u00fc aktivasyondan sonra daha parlak bir biti\u015f i\u00e7in daha serin mentol tarz\u0131 tazelik kat\u0131yor. Glo Hilo ve glo Hilo Plus cihazlar\u0131yla uyumlu.<\/p>\n<h4><b><br \/><\/b><\/h4>\n<h4><b>TANIM<\/b><\/h4>\n<p>RIVO Scarlet Click, kaps\u00fcl bazl\u0131 lezzet de\u011fi\u015fikli\u011fi olan meyveli bir profil isteyen yeti\u015fkin kullan\u0131c\u0131lar i\u00e7in t\u00fct\u00fcns\u00fcz bir \u00e7ubuktur. \u0130lk olarak, oturum zengin k\u0131rm\u0131z\u0131 meyve notalar\u0131 ve do\u011fal olarak yumu\u015fak, tatl\u0131 bir karakterle a\u00e7\u0131l\u0131yor. Sonu\u00e7 olarak, ilk \u00e7ekimlerden itibaren tad\u0131 parlak ve kolay hissettiriyor.<\/p>\n<p><\/p>\n<p>Kaps\u00fcl t\u0131kland\u0131ktan sonra profil daha taze ve canl\u0131 hale gelir. Sonra haval\u0131 mentol tarz\u0131 bir katman ortaya \u00e7\u0131k\u0131yor, bu da meyveli tabana berrakl\u0131k ve denge kat\u0131yor. Bu nedenle, tat standart tek a\u015famal\u0131 bir se\u00e7enekten daha dinamik hissettiriyor.<\/p>\n<p><\/p>\n<p>Glo Hilo ve glo Hilo Plus cihazlar\u0131 i\u00e7in tasarlanm\u0131\u015f bu t\u00fct\u00fcnsuz \u00e7ubuklar, Hilo platformu i\u00e7in cihaza \u00f6zg\u00fc \u0131s\u0131tmal\u0131 bir format kullan\u0131r. \u00c7ubuk yanmak yerine \u0131s\u0131t\u0131ld\u0131\u011f\u0131ndan, seans k\u00fcl i\u00e7ermeyen dumans\u0131z bir alternatif sunar. Ayr\u0131ca, format tutarl\u0131 lezzet sunumunu destekler.<\/p>\n<p><\/p>\n<p>Genel olarak, <b>RIVO Scarlet Click<\/b>, serinleyici t\u0131k-kaps\u00fcl kaplamal\u0131 k\u0131rm\u0131z\u0131 meyve t\u00fct\u00fcns\u00fcz bir se\u00e7enek isteyen kullan\u0131c\u0131lar i\u00e7in pratik bir se\u00e7imdir.<\/p>\n<p><\/p>\n<h4><b>Neden RIVO Scarlet Click&#8217;i Se\u00e7ersiniz<\/b><\/h4>\n<ul>\n<li>T\u00fct\u00fcns\u00fcz, zengin k\u0131rm\u0131z\u0131 meyve aromal\u0131 \u00e7ubuklar<\/li>\n<li>Click kaps\u00fcl, daha serin mentol tarz\u0131 tazelik kat\u0131yor<\/li>\n<li>Glo Hilo ve glo Hilo Plus cihazlar\u0131yla uyumlu<\/li>\n<li>K\u00fcl olmadan \u0131s\u0131tmal\u0131 format<\/li>\n<\/ul>\n<p>Fiyat 1 kutu ba\u015f\u0131na (10 paket \u2013 200 \u00e7ubuk)<\/p>\n<p>Kargo maliyetleri \u00f6deme s\u0131ras\u0131nda hesaplan\u0131r.<\/p><\/p>","protected":false},"excerpt":{"rendered":"<p>Rivo Scarlet Click RIVO Scarlet Click k\u0131rm\u0131z\u0131 meyve aromas\u0131 profili sunarken, click kaps\u00fcl\u00fc aktivasyondan sonra daha parlak bir biti\u015f i\u00e7in daha serin mentol tarz\u0131 tazelik kat\u0131yor. Glo Hilo ve glo Hilo Plus cihazlar\u0131yla uyumlu. TANIM RIVO Scarlet Click, kaps\u00fcl bazl\u0131 lezzet de\u011fi\u015fikli\u011fi olan meyveli bir profil isteyen yeti\u015fkin kullan\u0131c\u0131lar i\u00e7in t\u00fct\u00fcns\u00fcz bir \u00e7ubuktur. \u0130lk olarak, [&hellip;]<\/p>\n","protected":false},"featured_media":26532,"template":"","meta":[],"product_brand":[64],"product_cat":[166,190],"product_tag":[172],"class_list":{"0":"post-26518","1":"product","2":"type-product","3":"status-publish","4":"has-post-thumbnail","6":"product_brand-british-american-tobacco","7":"product_cat-rivo-virto","8":"product_cat-tum-urunler","9":"product_tag-rivo-scarlet-click","11":"first","12":"outofstock","13":"shipping-taxable","14":"purchasable","15":"product-type-simple"},"_links":{"self":[{"href":"https:\/\/glonuo.com\/en\/wp-json\/wp\/v2\/product\/26518","targetHints":{"allow":["GET"]}}],"collection":[{"href":"https:\/\/glonuo.com\/en\/wp-json\/wp\/v2\/product"}],"about":[{"href":"https:\/\/glonuo.com\/en\/wp-json\/wp\/v2\/types\/product"}],"version-history":[{"count":1,"href":"https:\/\/glonuo.com\/en\/wp-json\/wp\/v2\/product\/26518\/revisions"}],"predecessor-version":[{"id":26533,"href":"https:\/\/glonuo.com\/en\/wp-json\/wp\/v2\/product\/26518\/revisions\/26533"}],"wp:featuredmedia":[{"embeddable":true,"href":"https:\/\/glonuo.com\/en\/wp-json\/wp\/v2\/media\/26532"}],"wp:attachment":[{"href":"https:\/\/glonuo.com\/en\/wp-json\/wp\/v2\/media?parent=26518"}],"wp:term":[{"taxonomy":"product_brand","embeddable":true,"href":"https:\/\/glonuo.com\/en\/wp-json\/wp\/v2\/product_brand?post=26518"},{"taxonomy":"product_cat","embeddable":true,"href":"https:\/\/glonuo.com\/en\/wp-json\/wp\/v2\/product_cat?post=26518"},{"taxonomy":"product_tag","embeddable":true,"href":"https:\/\/glonuo.com\/en\/wp-json\/wp\/v2\/product_tag?post=26518"}],"curies":[{"name":"wp","href":"https:\/\/api.w.org\/{rel}","templated":true}]}}