{"id":26519,"date":"2026-03-23T22:53:59","date_gmt":"2026-03-23T22:53:59","guid":{"rendered":"https:\/\/www.glonuo.com\/?post_type=product&#038;p=26519"},"modified":"2026-03-23T22:54:01","modified_gmt":"2026-03-23T22:54:01","slug":"rivo-green-click","status":"publish","type":"product","link":"https:\/\/glonuo.com\/en\/product\/rivo-green-click\/","title":{"rendered":"Rivo Green Click"},"content":{"rendered":"<h3><b>Rivo Green Click<\/b><\/h3>\n<p><b>R\u0130VO Green Click<\/b>, hafif ve temiz bir profil sunarken, click kaps\u00fcl\u00fc daha serin bir g\u00f6r\u00fcn\u00fcm i\u00e7in daha keskin mentol tarz\u0131 tazelik kat\u0131yor. Glo Hilo ve glo Hilo Plus cihazlar\u0131yla uyumlu.<\/p>\n<h4><b><br \/><\/b><\/h4>\n<h4><b>Tan\u0131m<\/b><\/h4>\n<p>RIVO Green Click, kaps\u00fcl bazl\u0131 tat de\u011fi\u015fimine sahip taze bir profil tercih eden yeti\u015fkin kullan\u0131c\u0131lar i\u00e7in t\u00fct\u00fcns\u00fcz bir \u00e7ubuktur. \u0130lk olarak, oturum hafif ye\u015fil notalar ve hafif, bitki benzeri bir tazelikle ba\u015fl\u0131yor. Sonu\u00e7 olarak, tad\u0131 ilk \u00e7ekimlerden itibaren temiz ve kolay hissettiriyor.<\/p>\n<p><\/p>\n<p>Kaps\u00fcl t\u0131kland\u0131ktan sonra profil daha serin ve canl\u0131 hale gelir. Sonra tazl\u0131\u011f\u0131 daha da g\u00fc\u00e7l\u00fc tutan ve dengeli tutan \u00e7\u0131t\u0131r mentol tarz\u0131 bir katman ortaya \u00e7\u0131k\u0131yor. Bu nedenle, deneyim standart tek a\u015famal\u0131 taze bir se\u00e7enekten daha dinamik hissettiriyor.<\/p>\n<p><\/p>\n<p>Glo Hilo ve glo Hilo Plus cihazlar\u0131 i\u00e7in tasarlanm\u0131\u015f bu t\u00fct\u00fcnsuz \u00e7ubuklar, Hilo platformu i\u00e7in cihaza \u00f6zg\u00fc \u0131s\u0131tmal\u0131 bir format kullan\u0131r. \u00c7ubuk yanmak yerine \u0131s\u0131t\u0131ld\u0131\u011f\u0131ndan, seans k\u00fcl i\u00e7ermeyen dumans\u0131z bir alternatif sunar. Ayr\u0131ca, format tutarl\u0131 lezzet sunumunu destekler.<\/p>\n<p><\/p>\n<p>Genel olarak, <b>RIVO Green Click <\/b>temiz, t\u00fct\u00fcn\u00fcz, ye\u015fil&nbsp; tatlar ve serinleyici t\u0131k kaps\u00fcll\u00fc kaplama isteyen kullan\u0131c\u0131lar i\u00e7in pratik bir se\u00e7imdir.<\/p>\n<p><\/p>\n<h4><b>Neden RIVO Green Click Se\u00e7melisiniz<\/b><\/h4>\n<ul>\n<li>Hafif ye\u015fil notalar ta\u015f\u0131yan t\u00fct\u00fcns\u00fcz \u00e7ubuklar<\/li>\n<li>Click kaps\u00fcl, mentol tarz\u0131 tazelik kat\u0131yor<\/li>\n<li>Glo Hilo ve glo Hilo Plus cihazlar\u0131yla uyumlu<\/li>\n<li>K\u00fcl olmadan \u0131s\u0131tmal\u0131 format<\/li>\n<\/ul>\n<p>Fiyat 1 kutu ba\u015f\u0131na (10 paket \u2013 200 \u00e7ubuk)<\/p>\n<p>Kargo maliyetleri \u00f6deme s\u0131ras\u0131nda hesaplan\u0131r.<\/p><\/p>","protected":false},"excerpt":{"rendered":"<p>Rivo Green Click R\u0130VO Green Click, hafif ve temiz bir profil sunarken, click kaps\u00fcl\u00fc daha serin bir g\u00f6r\u00fcn\u00fcm i\u00e7in daha keskin mentol tarz\u0131 tazelik kat\u0131yor. Glo Hilo ve glo Hilo Plus cihazlar\u0131yla uyumlu. Tan\u0131m RIVO Green Click, kaps\u00fcl bazl\u0131 tat de\u011fi\u015fimine sahip taze bir profil tercih eden yeti\u015fkin kullan\u0131c\u0131lar i\u00e7in t\u00fct\u00fcns\u00fcz bir \u00e7ubuktur. \u0130lk olarak, [&hellip;]<\/p>\n","protected":false},"featured_media":26534,"template":"","meta":[],"product_brand":[64],"product_cat":[166],"product_tag":[173],"class_list":{"0":"post-26519","1":"product","2":"type-product","3":"status-publish","4":"has-post-thumbnail","6":"product_brand-british-american-tobacco","7":"product_cat-rivo-virto","8":"product_tag-rivo-green-click","10":"first","11":"outofstock","12":"shipping-taxable","13":"purchasable","14":"product-type-simple"},"_links":{"self":[{"href":"https:\/\/glonuo.com\/en\/wp-json\/wp\/v2\/product\/26519","targetHints":{"allow":["GET"]}}],"collection":[{"href":"https:\/\/glonuo.com\/en\/wp-json\/wp\/v2\/product"}],"about":[{"href":"https:\/\/glonuo.com\/en\/wp-json\/wp\/v2\/types\/product"}],"version-history":[{"count":1,"href":"https:\/\/glonuo.com\/en\/wp-json\/wp\/v2\/product\/26519\/revisions"}],"predecessor-version":[{"id":26535,"href":"https:\/\/glonuo.com\/en\/wp-json\/wp\/v2\/product\/26519\/revisions\/26535"}],"wp:featuredmedia":[{"embeddable":true,"href":"https:\/\/glonuo.com\/en\/wp-json\/wp\/v2\/media\/26534"}],"wp:attachment":[{"href":"https:\/\/glonuo.com\/en\/wp-json\/wp\/v2\/media?parent=26519"}],"wp:term":[{"taxonomy":"product_brand","embeddable":true,"href":"https:\/\/glonuo.com\/en\/wp-json\/wp\/v2\/product_brand?post=26519"},{"taxonomy":"product_cat","embeddable":true,"href":"https:\/\/glonuo.com\/en\/wp-json\/wp\/v2\/product_cat?post=26519"},{"taxonomy":"product_tag","embeddable":true,"href":"https:\/\/glonuo.com\/en\/wp-json\/wp\/v2\/product_tag?post=26519"}],"curies":[{"name":"wp","href":"https:\/\/api.w.org\/{rel}","templated":true}]}}