{"id":26520,"date":"2026-03-23T22:53:59","date_gmt":"2026-03-23T22:53:59","guid":{"rendered":"https:\/\/www.glonuo.com\/?post_type=product&#038;p=26520"},"modified":"2026-04-09T05:58:47","modified_gmt":"2026-04-09T05:58:47","slug":"rivo-arctic-click","status":"publish","type":"product","link":"https:\/\/glonuo.com\/en\/product\/rivo-arctic-click\/","title":{"rendered":"Rivo Arctic Click"},"content":{"rendered":"<h3><b>Rivo Arctic Click<\/b><\/h3>\n<p><b>RIVO Arctic Click<\/b>, temiz nane tazeli\u011fiyle g\u00fc\u00e7l\u00fc bir so\u011futma profili sunarken, t\u0131k kaps\u00fcl\u00fc aktivasyondan sonra buz gibi bir etki daha keskin bir g\u00f6r\u00fcn\u00fcm sa\u011fl\u0131yor. Glo Hilo ve glo Hilo Plus cihazlar\u0131yla uyumlu.<\/p>\n<p><b><br \/><\/b><\/p>\n<h4><b>Tan\u0131m<\/b><\/h4>\n<p><b>RIVO Arctic Click,<\/b> yo\u011fun bir so\u011futma profili ve kaps\u00fcl bazl\u0131 tat de\u011fi\u015fimi tercih eden yeti\u015fkin kullan\u0131c\u0131lar i\u00e7in t\u00fct\u00fcns\u00fcz bir \u00e7ubuktur. \u0130lk olarak, oturum temiz nane tazeli\u011fi ve p\u00fcr\u00fczs\u00fcz, buz gibi bir karakterle ba\u015fl\u0131yor. Sonu\u00e7 olarak, tad\u0131 \u00e7ok keskin ve ilk \u00e7ekimlerden itibaren kolayca takip edilebilir.<\/p>\n<p><\/p>\n<p>Kaps\u00fcl t\u0131kland\u0131ktan sonra profil daha serin ve canl\u0131 hale gelir. Sonra nane tazeli\u011fi ekstra yo\u011funluk kazan\u0131r ve daha keskin bir biti\u015f sunar. Bu nedenle, lezzet standart tek a\u015famal\u0131 so\u011futma se\u00e7ene\u011finden daha dinamik hissettiriyor.<\/p>\n<p><\/p>\n<p>Glo Hilo ve glo Hilo Plus cihazlar\u0131 i\u00e7in tasarlanm\u0131\u015f bu t\u00fct\u00fcnsuz \u00e7ubuklar, Hilo platformu i\u00e7in cihaza \u00f6zg\u00fc \u0131s\u0131tmal\u0131 bir format kullan\u0131r. \u00c7ubuk yanmak yerine \u0131s\u0131t\u0131ld\u0131\u011f\u0131ndan, seans k\u00fcl i\u00e7ermeyen dumans\u0131z bir alternatif sunar. Ayr\u0131ca, format tutarl\u0131 lezzet sunumunu destekler.<\/p>\n<p><\/p>\n<p>Genel olarak, RIVO Arctic Click, g\u00fc\u00e7l\u00fc t\u0131klama kaps\u00fcll\u00fc kaplama ve nane tazeli\u011fine sahip t\u00fct\u00fcns\u00fcz so\u011futma se\u00e7ene\u011fi isteyen kullan\u0131c\u0131lar i\u00e7in pratik bir tercihtir.<\/p>\n<p><\/p>\n<h4><b>Neden RIVO Arctic Click&#8217;i Se\u00e7ersiniz<\/b><\/h4>\n<ul>\n<li>T\u00fct\u00fcns\u00fcz \u00e7ubuklar ve g\u00fc\u00e7l\u00fc so\u011futucu nane profili<\/li>\n<li>Click kaps\u00fcl\u00fc buz gibi tazeli\u011fi ve daha keskin biti\u015fi art\u0131r\u0131r<\/li>\n<li>Glo Hilo ve glo Hilo Plus cihazlar\u0131yla uyumlu<\/li>\n<li>K\u00fcl olmadan \u0131s\u0131tmal\u0131 format<\/li>\n<\/ul>\n<p>Fiyat 1 kutu ba\u015f\u0131na (10 paket \u2013 200 \u00e7ubuk)<\/p>\n<p>Kargo maliyetleri \u00f6deme s\u0131ras\u0131nda hesaplan\u0131r.<\/p>","protected":false},"excerpt":{"rendered":"<p>Rivo Arctic Click RIVO Arctic Click, temiz nane tazeli\u011fiyle g\u00fc\u00e7l\u00fc bir so\u011futma profili sunarken, t\u0131k kaps\u00fcl\u00fc aktivasyondan sonra buz gibi bir etki daha keskin bir g\u00f6r\u00fcn\u00fcm sa\u011fl\u0131yor. Glo Hilo ve glo Hilo Plus cihazlar\u0131yla uyumlu. Tan\u0131m RIVO Arctic Click, yo\u011fun bir so\u011futma profili ve kaps\u00fcl bazl\u0131 tat de\u011fi\u015fimi tercih eden yeti\u015fkin kullan\u0131c\u0131lar i\u00e7in t\u00fct\u00fcns\u00fcz bir [&hellip;]<\/p>\n","protected":false},"featured_media":26536,"template":"","meta":[],"product_brand":[64],"product_cat":[166,190],"product_tag":[174],"class_list":{"0":"post-26520","1":"product","2":"type-product","3":"status-publish","4":"has-post-thumbnail","6":"product_brand-british-american-tobacco","7":"product_cat-rivo-virto","8":"product_cat-tum-urunler","9":"product_tag-rivo-arctic-click","11":"first","12":"instock","13":"shipping-taxable","14":"purchasable","15":"product-type-simple"},"_links":{"self":[{"href":"https:\/\/glonuo.com\/en\/wp-json\/wp\/v2\/product\/26520","targetHints":{"allow":["GET"]}}],"collection":[{"href":"https:\/\/glonuo.com\/en\/wp-json\/wp\/v2\/product"}],"about":[{"href":"https:\/\/glonuo.com\/en\/wp-json\/wp\/v2\/types\/product"}],"version-history":[{"count":1,"href":"https:\/\/glonuo.com\/en\/wp-json\/wp\/v2\/product\/26520\/revisions"}],"predecessor-version":[{"id":26537,"href":"https:\/\/glonuo.com\/en\/wp-json\/wp\/v2\/product\/26520\/revisions\/26537"}],"wp:featuredmedia":[{"embeddable":true,"href":"https:\/\/glonuo.com\/en\/wp-json\/wp\/v2\/media\/26536"}],"wp:attachment":[{"href":"https:\/\/glonuo.com\/en\/wp-json\/wp\/v2\/media?parent=26520"}],"wp:term":[{"taxonomy":"product_brand","embeddable":true,"href":"https:\/\/glonuo.com\/en\/wp-json\/wp\/v2\/product_brand?post=26520"},{"taxonomy":"product_cat","embeddable":true,"href":"https:\/\/glonuo.com\/en\/wp-json\/wp\/v2\/product_cat?post=26520"},{"taxonomy":"product_tag","embeddable":true,"href":"https:\/\/glonuo.com\/en\/wp-json\/wp\/v2\/product_tag?post=26520"}],"curies":[{"name":"wp","href":"https:\/\/api.w.org\/{rel}","templated":true}]}}