{"id":26521,"date":"2026-03-23T22:53:59","date_gmt":"2026-03-23T22:53:59","guid":{"rendered":"https:\/\/www.glonuo.com\/?post_type=product&#038;p=26521"},"modified":"2026-04-09T05:59:08","modified_gmt":"2026-04-09T05:59:08","slug":"rivo-violet-click","status":"publish","type":"product","link":"https:\/\/glonuo.com\/en\/product\/rivo-violet-click\/","title":{"rendered":"RIVO Violet Click"},"content":{"rendered":"<h3><b>RIVO Violet Click<\/b><\/h3>\n<p><b>RIVO Violet Click,<\/b> meyveli bir aroma profili sunarken, click kaps\u00fcl\u00fc aktivasyondan sonra daha parlak bir g\u00f6r\u00fcn\u00fcm i\u00e7in daha serin mentol tarz\u0131 tazelik kat\u0131yor. Glo Hilo ve glo Hilo Plus cihazlar\u0131yla uyumlu.<\/p>\n<h4><b><br \/><\/b><\/h4>\n<h4><b>Tan\u0131m<\/b><\/h4>\n<p><b>RIVO Violet Click<\/b>, kaps\u00fcl bazl\u0131 lezzet de\u011fi\u015fikli\u011fi i\u00e7eren meyveli bir profil isteyen yeti\u015fkin kullan\u0131c\u0131lar i\u00e7in t\u00fct\u00fcns\u00fcz bir \u00e7ubuktur. \u0130lk olarak, oturum tatl\u0131 meyve notalar\u0131 ve yumu\u015fak, aromatik bir karakterle a\u00e7\u0131l\u0131yor. Sonu\u00e7 olarak, ilk \u00e7ekimlerden itibaren tad\u0131 parlak ve kolay hissettiriyor.<\/p>\n<p><\/p>\n<p>Kaps\u00fcl t\u0131kland\u0131ktan sonra profil daha taze ve canl\u0131 hale gelir. Sonra haval\u0131 bir mentol tarz\u0131 katman ortaya \u00e7\u0131k\u0131yor, bu da meyve taban\u0131na netlik ve denge kat\u0131yor. Bu nedenle, lezzet standart tek a\u015famal\u0131 meyveli bir se\u00e7enekten daha dinamik hissettiriyor.<\/p>\n<p><\/p>\n<p>Glo Hilo ve glo Hilo Plus cihazlar\u0131 i\u00e7in tasarlanm\u0131\u015f bu t\u00fct\u00fcnsuz \u00e7ubuklar, Hilo platformu i\u00e7in cihaza \u00f6zg\u00fc \u0131s\u0131tmal\u0131 bir format kullan\u0131r. \u00c7ubuk yanmak yerine \u0131s\u0131t\u0131ld\u0131\u011f\u0131ndan, seans k\u00fcl i\u00e7ermeyen dumans\u0131z bir alternatif sunar. Ayr\u0131ca, format tutarl\u0131 lezzet sunumunu destekler.<\/p>\n<p><\/p>\n<p>Genel olarak, RIVO Violet Click, serinleyici t\u0131k-kaps\u00fcll\u00fc kaplamaya sahip merve \u00f6ncesi t\u00fct\u00fcn\u00fcz bir se\u00e7enek isteyen kullan\u0131c\u0131lar i\u00e7in pratik bir se\u00e7imdir.<\/p>\n<p><\/p>\n<h4><b>Neden RIVO Violet Click Se\u00e7ersiniz<\/b><\/h4>\n<ul>\n<li>Tatl\u0131 meyve aromal\u0131 t\u00fct\u00fcn\u00fcz \u00e7ubuklar<\/li>\n<li>Click kaps\u00fcl\u00fc daha serin mentol tarz\u0131 tazelik kat\u0131yor<\/li>\n<li>Glo Hilo ve glo Hilo Plus cihazlar\u0131yla uyumlu<\/li>\n<li>K\u00fcl olmadan \u0131s\u0131tmal\u0131 format<\/li>\n<\/ul>\n<p>Fiyat 1 kutu ba\u015f\u0131na (10 paket \u2013 200 \u00e7ubuk)<\/p>\n<p>Kargo maliyetleri \u00f6deme s\u0131ras\u0131nda hesaplan\u0131r.<\/p>","protected":false},"excerpt":{"rendered":"<p>RIVO Violet Click RIVO Violet Click, meyveli bir aroma profili sunarken, click kaps\u00fcl\u00fc aktivasyondan sonra daha parlak bir g\u00f6r\u00fcn\u00fcm i\u00e7in daha serin mentol tarz\u0131 tazelik kat\u0131yor. Glo Hilo ve glo Hilo Plus cihazlar\u0131yla uyumlu. Tan\u0131m RIVO Violet Click, kaps\u00fcl bazl\u0131 lezzet de\u011fi\u015fikli\u011fi i\u00e7eren meyveli bir profil isteyen yeti\u015fkin kullan\u0131c\u0131lar i\u00e7in t\u00fct\u00fcns\u00fcz bir \u00e7ubuktur. \u0130lk olarak, [&hellip;]<\/p>\n","protected":false},"featured_media":26538,"template":"","meta":[],"product_brand":[64],"product_cat":[166,190],"product_tag":[175],"class_list":{"0":"post-26521","1":"product","2":"type-product","3":"status-publish","4":"has-post-thumbnail","6":"product_brand-british-american-tobacco","7":"product_cat-rivo-virto","8":"product_cat-tum-urunler","9":"product_tag-rivo-violet-click","11":"first","12":"instock","13":"shipping-taxable","14":"purchasable","15":"product-type-simple"},"_links":{"self":[{"href":"https:\/\/glonuo.com\/en\/wp-json\/wp\/v2\/product\/26521","targetHints":{"allow":["GET"]}}],"collection":[{"href":"https:\/\/glonuo.com\/en\/wp-json\/wp\/v2\/product"}],"about":[{"href":"https:\/\/glonuo.com\/en\/wp-json\/wp\/v2\/types\/product"}],"version-history":[{"count":1,"href":"https:\/\/glonuo.com\/en\/wp-json\/wp\/v2\/product\/26521\/revisions"}],"predecessor-version":[{"id":26539,"href":"https:\/\/glonuo.com\/en\/wp-json\/wp\/v2\/product\/26521\/revisions\/26539"}],"wp:featuredmedia":[{"embeddable":true,"href":"https:\/\/glonuo.com\/en\/wp-json\/wp\/v2\/media\/26538"}],"wp:attachment":[{"href":"https:\/\/glonuo.com\/en\/wp-json\/wp\/v2\/media?parent=26521"}],"wp:term":[{"taxonomy":"product_brand","embeddable":true,"href":"https:\/\/glonuo.com\/en\/wp-json\/wp\/v2\/product_brand?post=26521"},{"taxonomy":"product_cat","embeddable":true,"href":"https:\/\/glonuo.com\/en\/wp-json\/wp\/v2\/product_cat?post=26521"},{"taxonomy":"product_tag","embeddable":true,"href":"https:\/\/glonuo.com\/en\/wp-json\/wp\/v2\/product_tag?post=26521"}],"curies":[{"name":"wp","href":"https:\/\/api.w.org\/{rel}","templated":true}]}}