{"id":26522,"date":"2026-03-23T22:53:59","date_gmt":"2026-03-23T22:53:59","guid":{"rendered":"https:\/\/www.glonuo.com\/?post_type=product&#038;p=26522"},"modified":"2026-03-23T22:54:03","modified_gmt":"2026-03-23T22:54:03","slug":"rivo-summer-twis","status":"publish","type":"product","link":"https:\/\/glonuo.com\/en\/product\/rivo-summer-twis\/","title":{"rendered":"Rivo Summer Twis"},"content":{"rendered":"<h3><b>Rivo Summer Twis<\/b><\/h3>\n<p>RIVO Summer Twist, taze salatal\u0131k tarz\u0131 notalarla parlak bir karpuz profili sunarak p\u00fcr\u00fczs\u00fcz ve ferahlat\u0131c\u0131 bir son sunuyor. Glo Hilo ve glo Hilo Plus cihazlar\u0131yla uyumlu.<\/p>\n<h4><b><br \/><\/b><\/h4>\n<h4><b>Tan\u0131m<\/b><\/h4>\n<p><b>RIVO Summer Twist,<\/b> hafif meyveli bir profil ve taze dokunu\u015f tercih eden yeti\u015fkin kullan\u0131c\u0131lar i\u00e7in t\u00fct\u00fcns\u00fcz bir \u00e7ubuktur. \u0130lk olarak, lezzet sulu karpuz notalar\u0131 ve yumu\u015fak, p\u00fcr\u00fczs\u00fcz bir karakterle a\u00e7\u0131l\u0131yor. Sonu\u00e7 olarak, ilk \u00e7ekili\u015fler parlak ve keyif almas\u0131 kolay hissettiriyor.<\/p>\n<p><\/p>\n<p>Sonra taze salatal\u0131k tarz\u0131 notlar, meyveli tabana \u00e7\u0131t\u0131r ye\u015fil bir vurgu kat\u0131yor. Bu nedenle, profil sadece tatl\u0131 olan bir aromadan daha temiz ve dengeli hissettiriyor. G\u00fc\u00e7l\u00fc so\u011futma varyantlar\u0131n\u0131n aksine, bu se\u00e7enek tazeli\u011fe odaklan\u0131r ve a\u011f\u0131r mentol yo\u011funlu\u011fu olur.<\/p>\n<p><\/p>\n<p>Glo Hilo ve glo Hilo Plus cihazlar\u0131 i\u00e7in tasarlanm\u0131\u015f bu t\u00fct\u00fcnsuz \u00e7ubuklar, Hilo platformu i\u00e7in cihaza \u00f6zg\u00fc \u0131s\u0131tmal\u0131 bir format kullan\u0131r. \u00c7ubuk yanmak yerine \u0131s\u0131t\u0131ld\u0131\u011f\u0131ndan, seans k\u00fcl i\u00e7ermeyen dumans\u0131z bir alternatif sunar. Ayr\u0131ca, format tutarl\u0131 lezzet sunumunu destekler.<\/p>\n<p><\/p>\n<p>Genel olarak, RIVO Summer Twist, g\u00fcnl\u00fck kullan\u0131m i\u00e7in karpuzlu t\u00fct\u00fcn\u00fcz, tertemiz salatal\u0131k tarz\u0131 bir biti\u015f isteyen kullan\u0131c\u0131lar i\u00e7in pratik bir tercihtir.<\/p>\n<p><\/p>\n<h4><b>Neden RIVO Summer Twist&#8217;i Se\u00e7melisiniz<\/b><\/h4>\n<ul>\n<li>T\u00fct\u00fcns\u00fcz, sulu karpuz aromal\u0131 \u00e7ubuklar<\/li>\n<li>Taze salatal\u0131k tarz\u0131 notalar, keskin bir son i\u00e7in<\/li>\n<li>Glo Hilo ve glo Hilo Plus cihazlar\u0131yla uyumlu<\/li>\n<li>K\u00fcl olmadan \u0131s\u0131tmal\u0131 format<\/li>\n<\/ul>\n<p>Fiyat 1 kutu ba\u015f\u0131na (10 paket \u2013 200 \u00e7ubuk)<\/p>\n<p>Kargo maliyetleri \u00f6deme s\u0131ras\u0131nda hesaplan\u0131r.<\/p>","protected":false},"excerpt":{"rendered":"<p>Rivo Summer Twis RIVO Summer Twist, taze salatal\u0131k tarz\u0131 notalarla parlak bir karpuz profili sunarak p\u00fcr\u00fczs\u00fcz ve ferahlat\u0131c\u0131 bir son sunuyor. Glo Hilo ve glo Hilo Plus cihazlar\u0131yla uyumlu. Tan\u0131m RIVO Summer Twist, hafif meyveli bir profil ve taze dokunu\u015f tercih eden yeti\u015fkin kullan\u0131c\u0131lar i\u00e7in t\u00fct\u00fcns\u00fcz bir \u00e7ubuktur. \u0130lk olarak, lezzet sulu karpuz notalar\u0131 ve [&hellip;]<\/p>\n","protected":false},"featured_media":26540,"template":"","meta":[],"product_brand":[64],"product_cat":[166],"product_tag":[176],"class_list":{"0":"post-26522","1":"product","2":"type-product","3":"status-publish","4":"has-post-thumbnail","6":"product_brand-british-american-tobacco","7":"product_cat-rivo-virto","8":"product_tag-rivo-summer-twis","10":"first","11":"outofstock","12":"shipping-taxable","13":"purchasable","14":"product-type-simple"},"_links":{"self":[{"href":"https:\/\/glonuo.com\/en\/wp-json\/wp\/v2\/product\/26522","targetHints":{"allow":["GET"]}}],"collection":[{"href":"https:\/\/glonuo.com\/en\/wp-json\/wp\/v2\/product"}],"about":[{"href":"https:\/\/glonuo.com\/en\/wp-json\/wp\/v2\/types\/product"}],"version-history":[{"count":1,"href":"https:\/\/glonuo.com\/en\/wp-json\/wp\/v2\/product\/26522\/revisions"}],"predecessor-version":[{"id":26541,"href":"https:\/\/glonuo.com\/en\/wp-json\/wp\/v2\/product\/26522\/revisions\/26541"}],"wp:featuredmedia":[{"embeddable":true,"href":"https:\/\/glonuo.com\/en\/wp-json\/wp\/v2\/media\/26540"}],"wp:attachment":[{"href":"https:\/\/glonuo.com\/en\/wp-json\/wp\/v2\/media?parent=26522"}],"wp:term":[{"taxonomy":"product_brand","embeddable":true,"href":"https:\/\/glonuo.com\/en\/wp-json\/wp\/v2\/product_brand?post=26522"},{"taxonomy":"product_cat","embeddable":true,"href":"https:\/\/glonuo.com\/en\/wp-json\/wp\/v2\/product_cat?post=26522"},{"taxonomy":"product_tag","embeddable":true,"href":"https:\/\/glonuo.com\/en\/wp-json\/wp\/v2\/product_tag?post=26522"}],"curies":[{"name":"wp","href":"https:\/\/api.w.org\/{rel}","templated":true}]}}