{"id":26523,"date":"2026-03-23T22:53:59","date_gmt":"2026-03-23T22:53:59","guid":{"rendered":"https:\/\/www.glonuo.com\/?post_type=product&#038;p=26523"},"modified":"2026-03-23T22:54:04","modified_gmt":"2026-03-23T22:54:04","slug":"rivo-sour-pink-twist","status":"publish","type":"product","link":"https:\/\/glonuo.com\/en\/product\/rivo-sour-pink-twist\/","title":{"rendered":"Rivo Sour Pink Twist"},"content":{"rendered":"<h3><b>Rivo Sour Pink Twist<\/b><\/h3>\n<p><b>RIVO Sour Pink Twist,<\/b> tatl\u0131 ve ek\u015fi ahududu-narenciye profilini birle\u015ftirirken, t\u0131klama kaps\u00fcl\u00fc aktivasyondan sonra daha serin bir narenciye-mentol tarz\u0131 bir g\u00f6r\u00fcn\u00fcm kat\u0131yor. Glo Hilo ve glo Hilo Plus cihazlar\u0131yla uyumlu.<\/p>\n<h4><b><br \/><\/b><\/h4>\n<h4><b>Tan\u0131m<\/b><\/h4>\n<p><b>RIVO Sour Pink Twist,<\/b> meyvemsi bir profil, keskin kenar\u0131 ve kaps\u00fcl bazl\u0131 tat de\u011fi\u015fikli\u011fi tercih eden yeti\u015fkin kullan\u0131c\u0131lar i\u00e7in t\u00fct\u00fcns\u00fcz bir \u00e7ubuktur. \u0130lk olarak, seans parlak ahududu ve narenciye notalar\u0131yla a\u00e7\u0131l\u0131yor, b\u00f6ylece tat ilk \u00e7ekimlerden itibaren sulu, lezzetli ve kolay hissettiriyor. Sonu\u00e7 olarak, lezzet a\u011f\u0131r tatl\u0131 bir profil yerine canl\u0131 meyveli bir karakterle ba\u015flar.<\/p>\n<p><\/p>\n<p>Kaps\u00fcl t\u0131kland\u0131ktan sonra profil daha serin ve canl\u0131 hale gelir. Sonra taze mentol tarz\u0131 bir katman ortaya \u00e7\u0131kar ve ahududu-narenciye baz\u0131na keskin bir son kat\u0131yor. Bu nedenle, deneyim standart tek a\u015famal\u0131 meyveli bir se\u00e7enekten daha dinamik hissettirir ve dengeli bir son tad\u0131 korur.<\/p>\n<p>Glo Hilo ve glo Hilo Plus cihazlar\u0131 i\u00e7in tasarlanm\u0131\u015f bu t\u00fct\u00fcnsuz \u00e7ubuklar, Hilo platformu i\u00e7in cihaza \u00f6zg\u00fc \u0131s\u0131tmal\u0131 bir format kullan\u0131r. \u00c7ubuk yanmak yerine \u0131s\u0131t\u0131ld\u0131\u011f\u0131ndan, seans k\u00fcl i\u00e7ermeyen dumans\u0131z bir alternatif sunar. Ayr\u0131ca, format tutarl\u0131 lezzet sunumunu destekler.<\/p>\n<p><\/p>\n<p>Genel olarak, <b>RIVO Sour Pink Twist, <\/b>serinle\u015ftirici t\u0131klama kaps\u00fcll\u00fc biti\u015fli, ek\u015fi berry-narenciye t\u00fct\u00fcn\u00fcs\u00fcz bir se\u00e7enek isteyen kullan\u0131c\u0131lar i\u00e7in pratik bir se\u00e7imdir.<\/p>\n<p><\/p>\n<h4><b>Neden RIVO Sour Pink Twist&#8217;i Se\u00e7melisiniz<\/b><\/h4>\n<ul>\n<li>Ahududu ve narenciye aromal\u0131 t\u00fct\u00fcnsiz \u00e7ubuklar<\/li>\n<li>Click kaps\u00fcl\u00fc daha serin mentol tarz\u0131 bir kaplama kat\u0131yor<\/li>\n<li>Glo Hilo ve glo Hilo Plus cihazlar\u0131yla uyumlu<\/li>\n<li>K\u00fcl olmadan \u0131s\u0131tmal\u0131 format<\/li>\n<\/ul>\n<p>Fiyat 1 kutu ba\u015f\u0131na (10 paket \u2013 200 \u00e7ubuk)<\/p>\n<p>Kargo maliyetleri \u00f6deme s\u0131ras\u0131nda hesaplan\u0131r.<\/p>","protected":false},"excerpt":{"rendered":"<p>Rivo Sour Pink Twist RIVO Sour Pink Twist, tatl\u0131 ve ek\u015fi ahududu-narenciye profilini birle\u015ftirirken, t\u0131klama kaps\u00fcl\u00fc aktivasyondan sonra daha serin bir narenciye-mentol tarz\u0131 bir g\u00f6r\u00fcn\u00fcm kat\u0131yor. Glo Hilo ve glo Hilo Plus cihazlar\u0131yla uyumlu. Tan\u0131m RIVO Sour Pink Twist, meyvemsi bir profil, keskin kenar\u0131 ve kaps\u00fcl bazl\u0131 tat de\u011fi\u015fikli\u011fi tercih eden yeti\u015fkin kullan\u0131c\u0131lar i\u00e7in t\u00fct\u00fcns\u00fcz [&hellip;]<\/p>\n","protected":false},"featured_media":26542,"template":"","meta":[],"product_brand":[64],"product_cat":[166],"product_tag":[177],"class_list":{"0":"post-26523","1":"product","2":"type-product","3":"status-publish","4":"has-post-thumbnail","6":"product_brand-british-american-tobacco","7":"product_cat-rivo-virto","8":"product_tag-rivo-sour-pink-twist","10":"first","11":"outofstock","12":"shipping-taxable","13":"purchasable","14":"product-type-simple"},"_links":{"self":[{"href":"https:\/\/glonuo.com\/en\/wp-json\/wp\/v2\/product\/26523","targetHints":{"allow":["GET"]}}],"collection":[{"href":"https:\/\/glonuo.com\/en\/wp-json\/wp\/v2\/product"}],"about":[{"href":"https:\/\/glonuo.com\/en\/wp-json\/wp\/v2\/types\/product"}],"version-history":[{"count":1,"href":"https:\/\/glonuo.com\/en\/wp-json\/wp\/v2\/product\/26523\/revisions"}],"predecessor-version":[{"id":26543,"href":"https:\/\/glonuo.com\/en\/wp-json\/wp\/v2\/product\/26523\/revisions\/26543"}],"wp:featuredmedia":[{"embeddable":true,"href":"https:\/\/glonuo.com\/en\/wp-json\/wp\/v2\/media\/26542"}],"wp:attachment":[{"href":"https:\/\/glonuo.com\/en\/wp-json\/wp\/v2\/media?parent=26523"}],"wp:term":[{"taxonomy":"product_brand","embeddable":true,"href":"https:\/\/glonuo.com\/en\/wp-json\/wp\/v2\/product_brand?post=26523"},{"taxonomy":"product_cat","embeddable":true,"href":"https:\/\/glonuo.com\/en\/wp-json\/wp\/v2\/product_cat?post=26523"},{"taxonomy":"product_tag","embeddable":true,"href":"https:\/\/glonuo.com\/en\/wp-json\/wp\/v2\/product_tag?post=26523"}],"curies":[{"name":"wp","href":"https:\/\/api.w.org\/{rel}","templated":true}]}}