{"id":26524,"date":"2026-03-23T22:53:59","date_gmt":"2026-03-23T22:53:59","guid":{"rendered":"https:\/\/www.glonuo.com\/?post_type=product&#038;p=26524"},"modified":"2026-03-23T22:54:05","modified_gmt":"2026-03-23T22:54:05","slug":"rivo-blossom-twist","status":"publish","type":"product","link":"https:\/\/glonuo.com\/en\/product\/rivo-blossom-twist\/","title":{"rendered":"Rivo Blossom Twist"},"content":{"rendered":"<h3><b>Rivo Blossom Twist<\/b><\/h3>\n<p><b>RIVO Blossom Twist<\/b>, sulu kiraz aromas\u0131n\u0131 yumu\u015fak kremams\u0131 hindistancevizi notalar\u0131yla birle\u015ftirerek p\u00fcr\u00fczs\u00fcz ve parlak bir biti\u015f sa\u011fl\u0131yor. Glo Hilo ve glo Hilo Plus cihazlar\u0131yla uyumlu.<\/p>\n<p><b><br \/><\/b><\/p>\n<p><b>Tan\u0131m<\/b><\/p>\n<p><b>RIVO Blossom Twist<\/b>, yumu\u015fak kremams\u0131 bir dokunu\u015fla meyvemsi bir profil tercih eden yeti\u015fkin kullan\u0131c\u0131lar i\u00e7in t\u00fct\u00fcns\u00fcz bir \u00e7ubuktur. \u0130lk olarak, lezzet sulu kiraz notalar\u0131yla ve parlak, p\u00fcr\u00fczs\u00fcz bir karakterle a\u00e7\u0131l\u0131yor. Sonu\u00e7 olarak, ilk \u00e7ekili\u015fler keyif almas\u0131 kolay ve do\u011fal olarak dengeli hissettiriyor.<\/p>\n<p><\/p>\n<p>Kremams\u0131 hindistancevizi notalar ise meyveli tabana yuvarlakl\u0131k ve yumu\u015fak bir son kat\u0131yor. Bu nedenle, profil basit bir kiraz aromas\u0131ndan daha katmanl\u0131 hissettiriyor. G\u00fc\u00e7l\u00fc so\u011futma se\u00e7eneklerinin aksine, bu varyant meyve ve kremams\u0131 aroma dengesine odaklan\u0131r.<\/p>\n<p><\/p>\n<p>Glo Hilo ve glo Hilo Plus cihazlar\u0131 i\u00e7in tasarlanm\u0131\u015f bu t\u00fct\u00fcnsuz \u00e7ubuklar, Hilo platformu i\u00e7in cihaza \u00f6zg\u00fc \u0131s\u0131tmal\u0131 bir format kullan\u0131r. \u00c7ubuk yanmak yerine \u0131s\u0131t\u0131ld\u0131\u011f\u0131ndan, seans k\u00fcl i\u00e7ermeyen dumans\u0131z bir alternatif sunar. Ayr\u0131ca, format tutarl\u0131 lezzet sunumunu destekler.<\/p>\n<p><\/p>\n<p>Genel olarak, RIVO Blossom Twist, kremams\u0131 hindistan cevizi karakteri ve p\u00fcr\u00fczs\u00fcz g\u00fcnl\u00fck bir biti\u015f sunan, t\u00fct\u00fcn\u00fcz bir se\u00e7enek isteyen kullan\u0131c\u0131lar i\u00e7in pratik bir tercihtir.<\/p>\n<p><\/p>\n<h4><b>Neden RIVO Blossom Twist&#8217;i Se\u00e7melisiniz<\/b><\/h4>\n<ul>\n<li>T\u00fct\u00fcn\u00fcz, sulu kiraz aromal\u0131 \u00e7ubuklar<\/li>\n<li>Daha p\u00fcr\u00fczs\u00fcz bir biti\u015f i\u00e7in yumu\u015fak kremams\u0131 hindistancevizi notalar\u0131<\/li>\n<li>Glo Hilo ve glo Hilo Plus cihazlar\u0131yla uyumlu<\/li>\n<li>K\u00fcl olmadan \u0131s\u0131tmal\u0131 format<\/li>\n<\/ul>\n<p>Fiyat 1 kutu ba\u015f\u0131na (10 paket \u2013 200 \u00e7ubuk)<\/p>\n<p>Kargo maliyetleri \u00f6deme s\u0131ras\u0131nda hesaplan\u0131r.<\/p>","protected":false},"excerpt":{"rendered":"<p>Rivo Blossom Twist RIVO Blossom Twist, sulu kiraz aromas\u0131n\u0131 yumu\u015fak kremams\u0131 hindistancevizi notalar\u0131yla birle\u015ftirerek p\u00fcr\u00fczs\u00fcz ve parlak bir biti\u015f sa\u011fl\u0131yor. Glo Hilo ve glo Hilo Plus cihazlar\u0131yla uyumlu. Tan\u0131m RIVO Blossom Twist, yumu\u015fak kremams\u0131 bir dokunu\u015fla meyvemsi bir profil tercih eden yeti\u015fkin kullan\u0131c\u0131lar i\u00e7in t\u00fct\u00fcns\u00fcz bir \u00e7ubuktur. \u0130lk olarak, lezzet sulu kiraz notalar\u0131yla ve parlak, [&hellip;]<\/p>\n","protected":false},"featured_media":26544,"template":"","meta":[],"product_brand":[64],"product_cat":[166],"product_tag":[178],"class_list":{"0":"post-26524","1":"product","2":"type-product","3":"status-publish","4":"has-post-thumbnail","6":"product_brand-british-american-tobacco","7":"product_cat-rivo-virto","8":"product_tag-rivo-blossom-twist","10":"first","11":"outofstock","12":"shipping-taxable","13":"purchasable","14":"product-type-simple"},"_links":{"self":[{"href":"https:\/\/glonuo.com\/en\/wp-json\/wp\/v2\/product\/26524","targetHints":{"allow":["GET"]}}],"collection":[{"href":"https:\/\/glonuo.com\/en\/wp-json\/wp\/v2\/product"}],"about":[{"href":"https:\/\/glonuo.com\/en\/wp-json\/wp\/v2\/types\/product"}],"version-history":[{"count":1,"href":"https:\/\/glonuo.com\/en\/wp-json\/wp\/v2\/product\/26524\/revisions"}],"predecessor-version":[{"id":26545,"href":"https:\/\/glonuo.com\/en\/wp-json\/wp\/v2\/product\/26524\/revisions\/26545"}],"wp:featuredmedia":[{"embeddable":true,"href":"https:\/\/glonuo.com\/en\/wp-json\/wp\/v2\/media\/26544"}],"wp:attachment":[{"href":"https:\/\/glonuo.com\/en\/wp-json\/wp\/v2\/media?parent=26524"}],"wp:term":[{"taxonomy":"product_brand","embeddable":true,"href":"https:\/\/glonuo.com\/en\/wp-json\/wp\/v2\/product_brand?post=26524"},{"taxonomy":"product_cat","embeddable":true,"href":"https:\/\/glonuo.com\/en\/wp-json\/wp\/v2\/product_cat?post=26524"},{"taxonomy":"product_tag","embeddable":true,"href":"https:\/\/glonuo.com\/en\/wp-json\/wp\/v2\/product_tag?post=26524"}],"curies":[{"name":"wp","href":"https:\/\/api.w.org\/{rel}","templated":true}]}}