{"id":26526,"date":"2026-03-23T22:53:59","date_gmt":"2026-03-23T22:53:59","guid":{"rendered":"https:\/\/www.glonuo.com\/?post_type=product&#038;p=26526"},"modified":"2026-04-09T05:59:27","modified_gmt":"2026-04-09T05:59:27","slug":"glo-hilo-plus-mercan","status":"publish","type":"product","link":"https:\/\/glonuo.com\/en\/product\/glo-hilo-plus-mercan\/","title":{"rendered":"Glo Hilo Plus Mercan"},"content":{"rendered":"<h3 style=\"\"><b style=\"color: rgb(0, 0, 0); font-family: &quot;Open Sans&quot;, sans-serif;\">Glo Hilo Plus&nbsp;<\/b><b>Mercan<\/b><\/h3>\n<p><span style=\"font-size: 14px;\">Bu s\u0131radan bir \u0131s\u0131t\u0131c\u0131 de\u011fil. Bu yeni glo\u2122 Hilo Plus. Hilo Plus, \u015f\u0131k, ergonomik bir tasar\u0131ma sahip ve TurboStart\u2122 \u00e7ift \u0131s\u0131tma sistemi ve EasyView\u2122 dokunmatik ekran gibi yenilik\u00e7i teknolojiler sunuyor. En geli\u015fmi\u015f \u0131s\u0131t\u0131c\u0131m\u0131zla tan\u0131\u015f\u0131n ve Hilo&#8217;nun deneyiminizi nas\u0131l d\u00f6n\u00fc\u015ft\u00fcrebilece\u011fini g\u00f6r\u00fcn.<\/span><\/p>\n<p><span style=\"font-size: 14px;\"><br \/><\/span><\/p>\n<p><span style=\"font-size: 14px;\">RiVO ve V\u0130RTO t\u00fct\u00fcn \u00e7ubuklar\u0131 i\u00e7in uygundur&nbsp; .<\/span><\/p>\n<p><b style=\"color: inherit; font-family: inherit; font-size: 17px;\"><br \/><\/b><\/p>\n<p><b style=\"color: inherit; font-family: inherit; font-size: 17px;\">Glo Hilo Plus&#8217;\u0131n Ba\u015fl\u0131ca \u00d6zellikleri<\/b><\/p>\n<p><b>TurboStart&nbsp;<\/b><\/p>\n<ul>\n<li>2 kat daha h\u0131zl\u0131 kullan\u0131ma haz\u0131r.<\/li>\n<\/ul>\n<p><b>EasySwitch<\/b><\/p>\n<ul>\n<li>\u00c7ift kullan\u0131m &#8211; \u015farj kutusuyla veya kutusuz.<\/li>\n<\/ul>\n<p><b>S\u0131n\u0131rs\u0131z say\u0131da nefes<\/b><\/p>\n<ul>\n<li>Is\u0131nma egzersizlerinin bir par\u00e7as\u0131 olarak.<\/li>\n<\/ul>\n<p><b>Ek bir \u015farjla t\u00fcm g\u00fcn boyunca keyif.<\/b><\/p>\n<ul>\n<li>H\u0131zl\u0131 \u015farj \u00f6zelli\u011fi sayesinde cihaz sadece 40 dakikada %80 \u015farj seviyesine ula\u015f\u0131r. Pil ise sadece 90 dakikada tamamen \u015farj olur.<\/li>\n<\/ul>\n<p><b>\u0130ki \u0131s\u0131tma modu:<\/b><\/p>\n<ul>\n<li>Daha uzun Standart mod &#8211; 5 dk 10 sn<\/li>\n<li>Yo\u011fun G\u00fc\u00e7lendirme modu &#8211; 4 dakika 10 saniye.<\/li>\n<\/ul>\n<p><b>EasyView\u2122 dokunmatik ekran<\/b><\/p>\n<ul>\n<li>Kullan\u0131m\u0131n tam kontrol\u00fc i\u00e7in.<\/li>\n<\/ul>\n<p><b>Ki\u015fiselle\u015ftirilmi\u015f deneyim<\/b><\/p>\n<ul>\n<li>myglo uygulamas\u0131 sayesinde.<\/li>\n<\/ul>\n<div>\n<h5><b>Standart modda di\u011fer glo\u2122 cihazlar\u0131yla kar\u015f\u0131la\u015ft\u0131r\u0131ld\u0131\u011f\u0131nda.\ufe0f<\/b><\/h5>\n<div><span style=\"font-size: 14px;\">Yeni \u00fcretilen cihazlar\u0131n laboratuvar testlerine dayanmaktad\u0131r. \u015earj s\u00fcresi, tamamen bo\u015falm\u0131\u015f bir pilin [tam\/stabil] \u015farj seviyesine ula\u015fmas\u0131 esas\u0131na dayanmaktad\u0131r. \u015earj s\u00fcresi, pilin ya\u015f\u0131na ve yerel s\u0131cakl\u0131\u011fa ba\u011fl\u0131 olarak de\u011fi\u015febilir. &#8220;Tam \u015farjla t\u00fcm g\u00fcn kullan\u0131m&#8221; ifadesi, yeni \u00fcretilmi\u015f, tamamen \u015farj edilmi\u015f bir cihaz\u0131n laboratuvar testlerine ve ortalama g\u00fcnl\u00fck kullan\u0131ma dayanmaktad\u0131r. Bireysel kullan\u0131ma ba\u011fl\u0131 olarak de\u011fi\u015fiklik g\u00f6sterebilir.<\/span><\/div>\n<\/div>\n<div><\/div>\n<div>\n<h4><b>Glo Hilo Plus&#8217;\u0131n Teknik \u00d6zellikleri<\/b><\/h4>\n<\/div>\n<div>\n<div><b>Maksimum s\u0131cakl\u0131k<\/b><\/div>\n<ul>\n<li>370\u00b0C&#8217;ye kadar<\/li>\n<\/ul>\n<p><b>Is\u0131nma s\u00fcresi<\/b><\/p>\n<ul>\n<li>10 saniyeden az<\/li>\n<\/ul>\n<p><b>Oturum s\u00fcresi<\/b><\/p>\n<ul>\n<li>4 dk 10 sn \u2013 H\u0131zland\u0131rma Modu<\/li>\n<li>5 dk 10 sn \u2013 Standart Mod<\/li>\n<\/ul>\n<p><b>Oturum say\u0131s\u0131<\/b><\/p>\n<ul>\n<li>En fazla 20 seans<\/li>\n<\/ul>\n<p><b>\u015earj s\u00fcresi<\/b><\/p>\n<ul>\n<li>H\u0131zl\u0131 \u015farj: 40 dakikada %0-80<\/li>\n<li>Tam \u015farj: 90 dakikada %0-100<\/li>\n<\/ul>\n<p>R\u0130VO ve V\u0130RTO t\u00fct\u00fcn \u00e7ubuklar\u0131 i\u00e7in uygundur&nbsp; .<\/p>\n<p><span style=\"font-size: 14px;\">Tam \u015farjl\u0131 bir cihaz\u0131n laboratuvar testlerine g\u00f6re \u015farj ba\u015f\u0131na oturum say\u0131s\u0131 . Ger\u00e7ek oturum say\u0131s\u0131, bireysel kullan\u0131ma ba\u011fl\u0131 olarak de\u011fi\u015febilir .&nbsp;<\/span><\/p>\n<p><span style=\"font-size: 14px;\">\u015earj s\u00fcresi, yeni \u00fcretilen cihazlar\u0131n laboratuvar testlerine dayanmaktad\u0131r. \u015earj s\u00fcresi, bo\u015f pilden belirtilen \u015farj seviyesine kadar olan s\u00fcredir. Pilin ya\u015f\u0131na ve ortam s\u0131cakl\u0131\u011f\u0131na ba\u011fl\u0131 olarak de\u011fi\u015febilir.<\/span><\/p>\n<\/div>\n","protected":false},"excerpt":{"rendered":"<p>Glo Hilo Plus&nbsp;Mercan Bu s\u0131radan bir \u0131s\u0131t\u0131c\u0131 de\u011fil. Bu yeni glo\u2122 Hilo Plus. Hilo Plus, \u015f\u0131k, ergonomik bir tasar\u0131ma sahip ve TurboStart\u2122 \u00e7ift \u0131s\u0131tma sistemi ve EasyView\u2122 dokunmatik ekran gibi yenilik\u00e7i teknolojiler sunuyor. En geli\u015fmi\u015f \u0131s\u0131t\u0131c\u0131m\u0131zla tan\u0131\u015f\u0131n ve Hilo&#8217;nun deneyiminizi nas\u0131l d\u00f6n\u00fc\u015ft\u00fcrebilece\u011fini g\u00f6r\u00fcn. RiVO ve V\u0130RTO t\u00fct\u00fcn \u00e7ubuklar\u0131 i\u00e7in uygundur&nbsp; . Glo Hilo Plus&#8217;\u0131n Ba\u015fl\u0131ca [&hellip;]<\/p>\n","protected":false},"featured_media":26548,"template":"","meta":[],"product_brand":[64],"product_cat":[15,180,190],"product_tag":[181],"class_list":{"0":"post-26526","1":"product","2":"type-product","3":"status-publish","4":"has-post-thumbnail","6":"product_brand-british-american-tobacco","7":"product_cat-cihazlar","8":"product_cat-glo-hilo-plus","9":"product_cat-tum-urunler","10":"product_tag-glo-hilo-plus-mercan","12":"first","13":"outofstock","14":"shipping-taxable","15":"purchasable","16":"product-type-simple"},"_links":{"self":[{"href":"https:\/\/glonuo.com\/en\/wp-json\/wp\/v2\/product\/26526","targetHints":{"allow":["GET"]}}],"collection":[{"href":"https:\/\/glonuo.com\/en\/wp-json\/wp\/v2\/product"}],"about":[{"href":"https:\/\/glonuo.com\/en\/wp-json\/wp\/v2\/types\/product"}],"version-history":[{"count":1,"href":"https:\/\/glonuo.com\/en\/wp-json\/wp\/v2\/product\/26526\/revisions"}],"predecessor-version":[{"id":26549,"href":"https:\/\/glonuo.com\/en\/wp-json\/wp\/v2\/product\/26526\/revisions\/26549"}],"wp:featuredmedia":[{"embeddable":true,"href":"https:\/\/glonuo.com\/en\/wp-json\/wp\/v2\/media\/26548"}],"wp:attachment":[{"href":"https:\/\/glonuo.com\/en\/wp-json\/wp\/v2\/media?parent=26526"}],"wp:term":[{"taxonomy":"product_brand","embeddable":true,"href":"https:\/\/glonuo.com\/en\/wp-json\/wp\/v2\/product_brand?post=26526"},{"taxonomy":"product_cat","embeddable":true,"href":"https:\/\/glonuo.com\/en\/wp-json\/wp\/v2\/product_cat?post=26526"},{"taxonomy":"product_tag","embeddable":true,"href":"https:\/\/glonuo.com\/en\/wp-json\/wp\/v2\/product_tag?post=26526"}],"curies":[{"name":"wp","href":"https:\/\/api.w.org\/{rel}","templated":true}]}}