{"id":27178,"date":"2026-04-01T20:49:55","date_gmt":"2026-04-01T20:49:55","guid":{"rendered":"https:\/\/www.glonuo.com\/?post_type=product&#038;p=27178"},"modified":"2026-04-09T05:57:10","modified_gmt":"2026-04-09T05:57:10","slug":"glo-hyper-neosticks-solar-twist","status":"publish","type":"product","link":"https:\/\/glonuo.com\/en\/product\/glo-hyper-neosticks-solar-twist\/","title":{"rendered":"GLO Hyper Neosticks Solar Twist"},"content":{"rendered":"<h3><strong>GLO Hyper Neosticks Solar Twist<\/strong><\/h3>\n<p>GLO Hyper Neosticks Solar Twist, Sulu portakal\u0131n tatl\u0131 muz notalar\u0131yla birle\u015fimi ve ferahlat\u0131c\u0131 bir tat. Sadece Glo Hyper serisi cihazlarla birlikte kullan\u0131labilir.<\/p>\n<p>&nbsp;<\/p>\n<p>Fiyat karton ba\u015f\u0131nad\u0131r. 1 kartonda 10 paket x 20 \u00e7ubuk = 200 \u00e7ubuk bulunur.<\/p>\n<p>\u00d6zellikle glo\u2122 i\u00e7in tasarlanm\u0131\u015f birinci s\u0131n\u0131f t\u00fct\u00fcn kar\u0131\u015f\u0131mlar\u0131.<\/p>\n<p>Rusya\u2019daki PMI fabrikas\u0131nda \u00fcretilmi\u015ftir<\/p>\n<p>1 paket-20 \u00e7ubukta.<\/p>\n<p>10\u2019luk bir karton kutuda<\/p>","protected":false},"excerpt":{"rendered":"<p>GLO Hyper Neosticks Solar Twist GLO Hyper Neosticks Solar Twist, Sulu portakal\u0131n tatl\u0131 muz notalar\u0131yla birle\u015fimi ve ferahlat\u0131c\u0131 bir tat. Sadece Glo Hyper serisi cihazlarla birlikte kullan\u0131labilir. &nbsp; Fiyat karton ba\u015f\u0131nad\u0131r. 1 kartonda 10 paket x 20 \u00e7ubuk = 200 \u00e7ubuk bulunur. \u00d6zellikle glo\u2122 i\u00e7in tasarlanm\u0131\u015f birinci s\u0131n\u0131f t\u00fct\u00fcn kar\u0131\u015f\u0131mlar\u0131. Rusya\u2019daki PMI fabrikas\u0131nda \u00fcretilmi\u015ftir 1 [&hellip;]<\/p>\n","protected":false},"featured_media":27181,"template":"","meta":[],"product_brand":[],"product_cat":[76,190],"product_tag":[],"class_list":{"0":"post-27178","1":"product","2":"type-product","3":"status-publish","4":"has-post-thumbnail","6":"product_cat-hyper-neostiks-demi","7":"product_cat-tum-urunler","9":"first","10":"instock","11":"shipping-taxable","12":"purchasable","13":"product-type-simple"},"_links":{"self":[{"href":"https:\/\/glonuo.com\/en\/wp-json\/wp\/v2\/product\/27178","targetHints":{"allow":["GET"]}}],"collection":[{"href":"https:\/\/glonuo.com\/en\/wp-json\/wp\/v2\/product"}],"about":[{"href":"https:\/\/glonuo.com\/en\/wp-json\/wp\/v2\/types\/product"}],"version-history":[{"count":1,"href":"https:\/\/glonuo.com\/en\/wp-json\/wp\/v2\/product\/27178\/revisions"}],"predecessor-version":[{"id":27182,"href":"https:\/\/glonuo.com\/en\/wp-json\/wp\/v2\/product\/27178\/revisions\/27182"}],"wp:featuredmedia":[{"embeddable":true,"href":"https:\/\/glonuo.com\/en\/wp-json\/wp\/v2\/media\/27181"}],"wp:attachment":[{"href":"https:\/\/glonuo.com\/en\/wp-json\/wp\/v2\/media?parent=27178"}],"wp:term":[{"taxonomy":"product_brand","embeddable":true,"href":"https:\/\/glonuo.com\/en\/wp-json\/wp\/v2\/product_brand?post=27178"},{"taxonomy":"product_cat","embeddable":true,"href":"https:\/\/glonuo.com\/en\/wp-json\/wp\/v2\/product_cat?post=27178"},{"taxonomy":"product_tag","embeddable":true,"href":"https:\/\/glonuo.com\/en\/wp-json\/wp\/v2\/product_tag?post=27178"}],"curies":[{"name":"wp","href":"https:\/\/api.w.org\/{rel}","templated":true}]}}